{"id":5829,"date":"2017-01-08T01:20:23","date_gmt":"2017-01-07T22:20:23","guid":{"rendered":"http:\/\/blogs.magicjudges.org\/rules\/?page_id=5829"},"modified":"2018-10-03T08:32:42","modified_gmt":"2018-10-03T05:32:42","slug":"mtr3-14-es","status":"publish","type":"page","link":"https:\/\/blogs.magicjudges.org\/rules\/mtr3-14-es\/","title":{"rendered":"MTR 3.14 Orden del cementerio"},"content":{"rendered":"<p><span style=\"font-weight: 400\">En formatos que involucran s\u00f3lo cartas de <\/span><i><span style=\"font-weight: 400\">La Saga de Urza<\/span><\/i><span style=\"font-weight: 400\"> o posteriores, los jugadores pueden cambiar el orden del cementerio en cualquier momento.<\/span><\/p>\n<p><span style=\"font-weight: 400\"><div class=\"alert alert-info\" role=\"alert\"> <\/span><i><span style=\"font-weight: 400\">El set Stronghold contiene las \u00faltimas cartas que referencian el orden del cementerio. La Saga de Urza es el set que le sigue, por lo que en cualquier formato que solo incluya sets posteriores los jugadores podr\u00e1n alterar el orden de su cementerio.<\/span><\/i><\/p>\n<p><i><span style=\"font-weight: 400\">Los formatos m\u00e1s comunes en los que los jugadores no tienen permitido modificar el orden del cementerio son Legacy y Vintage.<\/span><\/i><span style=\"font-weight: 400\"><\/div><\/span><\/p>\n<p><span style=\"font-weight: 400\">Un jugador no puede modificar el orden del cementerio de un oponente.<\/span><\/p>\n<p><span style=\"font-weight: 400\"><div class=\"alert alert-info\" role=\"alert\"> <\/span><i><span style=\"font-weight: 400\">Un jugador puede mirar el cementerio de un oponente cuando as\u00ed lo desee. Los jugadores deber\u00edan siempre pedir permiso al propietario antes de tocar cartas que no le pertenecen, como cortes\u00eda. Si un jugador est\u00e1 mirando un cementerio deber\u00e1 tener cuidado adicional para no mezclar ninguna de esas cartas con su mano.<\/span><\/i><span style=\"font-weight: 400\"><\/div><\/span><\/p>\n<p style=\"text-align: justify;margin-bottom: 0px\">\n","protected":false},"excerpt":{"rendered":"<p>En formatos que involucran s\u00f3lo cartas de La Saga de Urza o posteriores, los jugadores pueden cambiar el orden del cementerio en cualquier momento. Un jugador no puede modificar el orden del cementerio de un oponente.<\/p>\n","protected":false},"author":190,"featured_media":0,"parent":0,"menu_order":0,"comment_status":"closed","ping_status":"closed","template":"","meta":{"footnotes":"","_links_to":"","_links_to_target":""},"language":[8],"class_list":["post-5829","page","type-page","status-publish","hentry","language-es"],"_links":{"self":[{"href":"https:\/\/blogs.magicjudges.org\/rules\/wp-json\/wp\/v2\/pages\/5829","targetHints":{"allow":["GET"]}}],"collection":[{"href":"https:\/\/blogs.magicjudges.org\/rules\/wp-json\/wp\/v2\/pages"}],"about":[{"href":"https:\/\/blogs.magicjudges.org\/rules\/wp-json\/wp\/v2\/types\/page"}],"author":[{"embeddable":true,"href":"https:\/\/blogs.magicjudges.org\/rules\/wp-json\/wp\/v2\/users\/190"}],"replies":[{"embeddable":true,"href":"https:\/\/blogs.magicjudges.org\/rules\/wp-json\/wp\/v2\/comments?post=5829"}],"version-history":[{"count":2,"href":"https:\/\/blogs.magicjudges.org\/rules\/wp-json\/wp\/v2\/pages\/5829\/revisions"}],"predecessor-version":[{"id":8383,"href":"https:\/\/blogs.magicjudges.org\/rules\/wp-json\/wp\/v2\/pages\/5829\/revisions\/8383"}],"wp:attachment":[{"href":"https:\/\/blogs.magicjudges.org\/rules\/wp-json\/wp\/v2\/media?parent=5829"}],"wp:term":[{"taxonomy":"language","embeddable":true,"href":"https:\/\/blogs.magicjudges.org\/rules\/wp-json\/wp\/v2\/language?post=5829"}],"curies":[{"name":"wp","href":"https:\/\/api.w.org\/{rel}","templated":true}]}}