{"id":5840,"date":"2017-01-08T01:58:59","date_gmt":"2017-01-07T22:58:59","guid":{"rendered":"http:\/\/blogs.magicjudges.org\/rules\/?page_id=5840"},"modified":"2018-10-03T15:19:11","modified_gmt":"2018-10-03T12:19:11","slug":"mtr4-5-es","status":"publish","type":"page","link":"https:\/\/blogs.magicjudges.org\/rules\/mtr4-5-es\/","title":{"rendered":"MTR 4.5 Habilidades disparadas"},"content":{"rendered":"<p><span style=\"font-weight: 400\">Se espera que los jugadores recuerden sus propias habilidades disparadas; ignorar intencionalmente una es<\/span><a href=\"http:\/\/blogs.magicjudges.org\/rules\/mtr5-1-es\/\"> <span style=\"font-weight: 400\">Hacer trampa<\/span><\/a><span style=\"font-weight: 400\">. Los jugadores no tienen por qu\u00e9 se\u00f1alar la existencia de habilidades disparadas que no controlan, aunque pueden hacerlo si lo desean.<\/span><\/p>\n<p><span style=\"font-weight: 400\">Las habilidades disparadas se consideran olvidadas por su controlador una vez que tom\u00f3 una acci\u00f3n despu\u00e9s del momento en que la habilidad deber\u00eda haber tenido un impacto visible en el juego.<\/span><\/p>\n<p><span style=\"font-weight: 400\"><div class=\"alert alert-info\" role=\"alert\"> <\/span><i><span style=\"font-weight: 400\">Los disparos ocurren en cualquier momento durante un juego de Magic y puede ser suficientemente dif\u00edcil para los jugadores recordar sus propios disparos, m\u00e1s a\u00fan las de su oponente. No penalizamos a los jugadores por no se\u00f1alar los disparos olvidados por sus oponentes, pero ignorar intencionadamente sus propias habilidades disparadas es hacer trampa. Hacer trampa se trata de acuerdo con la<\/span><\/i><a href=\"http:\/\/blogs.magicjudges.org\/rules\/ipg-es\/\"> <i><span style=\"font-weight: 400\">Gu\u00eda de Procedimientos de Infracciones<\/span><\/i><\/a><i><span style=\"font-weight: 400\"> o<\/span><\/i><a href=\"http:\/\/blogs.magicjudges.org\/rules\/jar-es\/\"> <i><span style=\"font-weight: 400\">las JAR<\/span><\/i><\/a><i><span style=\"font-weight: 400\">, seg\u00fan sea apropiado. Si un jugador se percata de que su oponente olvid\u00f3 un disparo, puede se\u00f1alarlo.<\/span><\/i><span style=\"font-weight: 400\"><\/div><\/span><\/p>\n<p><span style=\"font-weight: 400\">Las habilidades disparadas olvidadas no se considera que fueron a la pila. C\u00f3mo se manejan subsiguientes habilidades disparadas olvidadas est\u00e1 definido por el Nivel de imposici\u00f3n de reglas del torneo.<\/span><\/p>\n<p><span style=\"font-weight: 400\"><div class=\"alert alert-info\" role=\"alert\"> <\/span><i><span style=\"font-weight: 400\">Nuestros buenos amigos de la Gu\u00eda de Procedimientos de Infracciones Anotada tienen mucho que decir sobre disparos olvidados.<\/span><\/i><a href=\"http:\/\/blogs.magicjudges.org\/rules\/ipg2-1-es\/\"> <i><span style=\"font-weight: 400\">Dejemos que lo hagan.<\/span><\/i><\/a><span style=\"font-weight: 400\"><\/div><\/span><\/p>\n<p style=\"text-align: justify\">\n","protected":false},"excerpt":{"rendered":"<p>Se espera que los jugadores recuerden sus propias habilidades disparadas; ignorar intencionalmente una es Hacer trampa. Los jugadores no tienen por qu\u00e9 se\u00f1alar la existencia de habilidades disparadas que no controlan, aunque pueden hacerlo si lo desean. Las habilidades disparadas se consideran olvidadas por su controlador una vez que tom\u00f3 una acci\u00f3n despu\u00e9s del momento [&hellip;]<\/p>\n","protected":false},"author":190,"featured_media":0,"parent":0,"menu_order":0,"comment_status":"closed","ping_status":"closed","template":"","meta":{"footnotes":"","_links_to":"","_links_to_target":""},"language":[8],"class_list":["post-5840","page","type-page","status-publish","hentry","language-es"],"_links":{"self":[{"href":"https:\/\/blogs.magicjudges.org\/rules\/wp-json\/wp\/v2\/pages\/5840","targetHints":{"allow":["GET"]}}],"collection":[{"href":"https:\/\/blogs.magicjudges.org\/rules\/wp-json\/wp\/v2\/pages"}],"about":[{"href":"https:\/\/blogs.magicjudges.org\/rules\/wp-json\/wp\/v2\/types\/page"}],"author":[{"embeddable":true,"href":"https:\/\/blogs.magicjudges.org\/rules\/wp-json\/wp\/v2\/users\/190"}],"replies":[{"embeddable":true,"href":"https:\/\/blogs.magicjudges.org\/rules\/wp-json\/wp\/v2\/comments?post=5840"}],"version-history":[{"count":4,"href":"https:\/\/blogs.magicjudges.org\/rules\/wp-json\/wp\/v2\/pages\/5840\/revisions"}],"predecessor-version":[{"id":8455,"href":"https:\/\/blogs.magicjudges.org\/rules\/wp-json\/wp\/v2\/pages\/5840\/revisions\/8455"}],"wp:attachment":[{"href":"https:\/\/blogs.magicjudges.org\/rules\/wp-json\/wp\/v2\/media?parent=5840"}],"wp:term":[{"taxonomy":"language","embeddable":true,"href":"https:\/\/blogs.magicjudges.org\/rules\/wp-json\/wp\/v2\/language?post=5840"}],"curies":[{"name":"wp","href":"https:\/\/api.w.org\/{rel}","templated":true}]}}