{"id":5842,"date":"2017-01-08T02:01:22","date_gmt":"2017-01-07T23:01:22","guid":{"rendered":"http:\/\/blogs.magicjudges.org\/rules\/?page_id=5842"},"modified":"2018-10-03T08:35:08","modified_gmt":"2018-10-03T05:35:08","slug":"mtr4-6-es","status":"publish","type":"page","link":"https:\/\/blogs.magicjudges.org\/rules\/mtr4-6-es\/","title":{"rendered":"MTR 4.6 Comunicaci\u00f3n de equipos \/ Gigante de dos cabezas"},"content":{"rendered":"<p><span style=\"font-weight: 400\">Los miembros de un equipo pueden comunicarse entre ellos excepto durante los momentos en que est\u00e1 expl\u00edcitamente prohibido por las reglas del formato en equipo.<\/span><\/p>\n<p><span style=\"font-weight: 400\"><div class=\"alert alert-info\" role=\"alert\"> <\/span><i><span style=\"font-weight: 400\">Los jugadores de un equipo pueden hablar a sus compa\u00f1eros de equipo en cualquier momento sobre casi cualquier cosa, con la excepci\u00f3n indicada m\u00e1s abajo.<\/span><\/i><span style=\"font-weight: 400\"><\/div><\/span><\/p>\n<p><span style=\"font-weight: 400\">Sin embargo, los miembros de equipo que tienen oportunidad de adquirir informaci\u00f3n oculta (por ejemplo hablando con espectadores que siguen su partida mientras un compa\u00f1ero de equipo est\u00e1 todav\u00eda jugando) no deben comunicarse con sus compa\u00f1eros de equipo durante esa partida.<\/span><\/p>\n<p><span style=\"font-weight: 400\">Las prohibiciones sobre notas escritas de cualquier tipo durante el draft se aplica tambi\u00e9n a los draft en equipo.<\/span><\/p>\n<p><span style=\"font-weight: 400\"><div class=\"alert alert-info\" role=\"alert\"> <\/span><i><span style=\"font-weight: 400\">Si un miembro de un equipo tiene acceso a informaci\u00f3n oculta desde fuera de la partida de su compa\u00f1ero de equipo, debe evitar comunicarse con sus compa\u00f1eros de equipo que sigan jugando. Ocasiones comunes en los que esto sucede es en los eventos por equipos, una vez que un jugador se levant\u00f3 de su mesa y pase\u00f3 tras su partido, ya que potencialmente pudo haber visto informaci\u00f3n oculta de los oponentes de sus compa\u00f1eros de equipo. Esto no significa que los jugadores no puedan utilizar los sanitarios una vez que terminaron su partida, pero deber\u00edan llamar a un juez para que los gu\u00ede. La mayor\u00eda de las veces, los jueces guiar\u00e1n a los jugadores hacia los sanitarios de manera que puedan confirmar que \u00e9stos no est\u00e1n tratando de obtener informaci\u00f3n. Ver <\/span><\/i><a href=\"https:\/\/blogs.magicjudges.org\/rules\/mtr8-3-es\/\"><i><span style=\"font-weight: 400\">MTR 8.3<\/span><\/i><\/a><i><span style=\"font-weight: 400\">.<\/span><\/i><span style=\"font-weight: 400\"><\/div><\/span><\/p>\n<p style=\"text-align: justify;margin-bottom: 0px\">\n","protected":false},"excerpt":{"rendered":"<p>Los miembros de un equipo pueden comunicarse entre ellos excepto durante los momentos en que est\u00e1 expl\u00edcitamente prohibido por las reglas del formato en equipo. Sin embargo, los miembros de equipo que tienen oportunidad de adquirir informaci\u00f3n oculta (por ejemplo hablando con espectadores que siguen su partida mientras un compa\u00f1ero de equipo est\u00e1 todav\u00eda jugando) [&hellip;]<\/p>\n","protected":false},"author":190,"featured_media":0,"parent":0,"menu_order":0,"comment_status":"closed","ping_status":"closed","template":"","meta":{"footnotes":"","_links_to":"","_links_to_target":""},"language":[8],"class_list":["post-5842","page","type-page","status-publish","hentry","language-es"],"_links":{"self":[{"href":"https:\/\/blogs.magicjudges.org\/rules\/wp-json\/wp\/v2\/pages\/5842","targetHints":{"allow":["GET"]}}],"collection":[{"href":"https:\/\/blogs.magicjudges.org\/rules\/wp-json\/wp\/v2\/pages"}],"about":[{"href":"https:\/\/blogs.magicjudges.org\/rules\/wp-json\/wp\/v2\/types\/page"}],"author":[{"embeddable":true,"href":"https:\/\/blogs.magicjudges.org\/rules\/wp-json\/wp\/v2\/users\/190"}],"replies":[{"embeddable":true,"href":"https:\/\/blogs.magicjudges.org\/rules\/wp-json\/wp\/v2\/comments?post=5842"}],"version-history":[{"count":3,"href":"https:\/\/blogs.magicjudges.org\/rules\/wp-json\/wp\/v2\/pages\/5842\/revisions"}],"predecessor-version":[{"id":8388,"href":"https:\/\/blogs.magicjudges.org\/rules\/wp-json\/wp\/v2\/pages\/5842\/revisions\/8388"}],"wp:attachment":[{"href":"https:\/\/blogs.magicjudges.org\/rules\/wp-json\/wp\/v2\/media?parent=5842"}],"wp:term":[{"taxonomy":"language","embeddable":true,"href":"https:\/\/blogs.magicjudges.org\/rules\/wp-json\/wp\/v2\/language?post=5842"}],"curies":[{"name":"wp","href":"https:\/\/api.w.org\/{rel}","templated":true}]}}