{"id":5844,"date":"2017-01-08T02:02:30","date_gmt":"2017-01-07T23:02:30","guid":{"rendered":"http:\/\/blogs.magicjudges.org\/rules\/?page_id=5844"},"modified":"2018-10-03T08:36:24","modified_gmt":"2018-10-03T05:36:24","slug":"mtr5-1-es","status":"publish","type":"page","link":"https:\/\/blogs.magicjudges.org\/rules\/mtr5-1-es\/","title":{"rendered":"MTR 5.1 Hacer trampa"},"content":{"rendered":"<p><span style=\"font-weight: 400\">No se tolerar\u00e1 que los jugadores hagan trampa. El juez principal revisa todas las acusaciones de trampa, y si cree que el jugador ha hecho trampa, emitir\u00e1 la penalizaci\u00f3n apropiada basado en la<\/span><a href=\"http:\/\/blogs.magicjudges.org\/rules\/ipg4-8-es\/\"> <span style=\"font-weight: 400\">Gu\u00eda de Procedimientos de Infracciones<\/span><\/a><span style=\"font-weight: 400\"> o el<\/span><a href=\"http:\/\/blogs.magicjudges.org\/rules\/jar\/\"> <span style=\"font-weight: 400\">documento Juzgando a Nivel de Imposici\u00f3n de Reglas Normal<\/span><\/a><span style=\"font-weight: 400\">. Todas las descalificaciones est\u00e1n sujetas a revisi\u00f3n posterior por la DCI, y se evaluar\u00e1n penalizaciones adicionales.<\/span><\/p>\n<p><span style=\"font-weight: 400\"><div class=\"alert alert-info\" role=\"alert\"> <\/span><i><span style=\"font-weight: 400\">En resumen, hacer trampa ocurre cuando una persona rompe una regla, es consciente de lo que est\u00e1 haciendo, e intenta obtener ventaja de esa acci\u00f3n. Para una explicaci\u00f3n m\u00e1s detallada sobre hacer trampa y c\u00f3mo manejar esta infracci\u00f3n, mira la<\/span><\/i><a href=\"http:\/\/blogs.magicjudges.org\/rules\/ipg4-8-es\/\"><i><span style=\"font-weight: 400\"> secci\u00f3n 4.8 de la IPG<\/span><\/i><\/a><i><span style=\"font-weight: 400\">. La penalizaci\u00f3n por esta infracci\u00f3n es Descalificaci\u00f3n, y el juez principal debe seguir el<\/span><\/i><a href=\"http:\/\/blogs.magicjudges.org\/o\/disqualification-process-es\/\"> <i><span style=\"font-weight: 400\">Proceso de descalificaci\u00f3n<\/span><\/i><\/a><i><span style=\"font-weight: 400\">.<\/span><\/i><span style=\"font-weight: 400\"><\/div><\/span><\/p>\n<p style=\"text-align: justify;margin-bottom: 0px\">\n","protected":false},"excerpt":{"rendered":"<p>No se tolerar\u00e1 que los jugadores hagan trampa. El juez principal revisa todas las acusaciones de trampa, y si cree que el jugador ha hecho trampa, emitir\u00e1 la penalizaci\u00f3n apropiada basado en la Gu\u00eda de Procedimientos de Infracciones o el documento Juzgando a Nivel de Imposici\u00f3n de Reglas Normal. Todas las descalificaciones est\u00e1n sujetas a [&hellip;]<\/p>\n","protected":false},"author":190,"featured_media":0,"parent":0,"menu_order":0,"comment_status":"closed","ping_status":"closed","template":"","meta":{"footnotes":"","_links_to":"","_links_to_target":""},"language":[8],"class_list":["post-5844","page","type-page","status-publish","hentry","language-es"],"_links":{"self":[{"href":"https:\/\/blogs.magicjudges.org\/rules\/wp-json\/wp\/v2\/pages\/5844","targetHints":{"allow":["GET"]}}],"collection":[{"href":"https:\/\/blogs.magicjudges.org\/rules\/wp-json\/wp\/v2\/pages"}],"about":[{"href":"https:\/\/blogs.magicjudges.org\/rules\/wp-json\/wp\/v2\/types\/page"}],"author":[{"embeddable":true,"href":"https:\/\/blogs.magicjudges.org\/rules\/wp-json\/wp\/v2\/users\/190"}],"replies":[{"embeddable":true,"href":"https:\/\/blogs.magicjudges.org\/rules\/wp-json\/wp\/v2\/comments?post=5844"}],"version-history":[{"count":2,"href":"https:\/\/blogs.magicjudges.org\/rules\/wp-json\/wp\/v2\/pages\/5844\/revisions"}],"predecessor-version":[{"id":8392,"href":"https:\/\/blogs.magicjudges.org\/rules\/wp-json\/wp\/v2\/pages\/5844\/revisions\/8392"}],"wp:attachment":[{"href":"https:\/\/blogs.magicjudges.org\/rules\/wp-json\/wp\/v2\/media?parent=5844"}],"wp:term":[{"taxonomy":"language","embeddable":true,"href":"https:\/\/blogs.magicjudges.org\/rules\/wp-json\/wp\/v2\/language?post=5844"}],"curies":[{"name":"wp","href":"https:\/\/api.w.org\/{rel}","templated":true}]}}