{"id":5850,"date":"2017-01-08T02:05:27","date_gmt":"2017-01-07T23:05:27","guid":{"rendered":"http:\/\/blogs.magicjudges.org\/rules\/?page_id=5850"},"modified":"2018-10-03T08:36:58","modified_gmt":"2018-10-03T05:36:58","slug":"mtr5-4-es","status":"publish","type":"page","link":"https:\/\/blogs.magicjudges.org\/rules\/mtr5-4-es\/","title":{"rendered":"MTR 5.4 Conducta antideportiva"},"content":{"rendered":"<p><span style=\"font-weight: 400\">La conducta antideportiva no ser\u00e1 tolerada en ning\u00fan momento. Los participantes del torneo deben comportarse de manera medida y respetable. La conducta antideportiva incluye, pero no est\u00e1 limitada a:<\/span><\/p>\n<p><span style=\"font-weight: 400\"><div class=\"alert alert-info\" role=\"alert\"> <\/span><i><span style=\"font-weight: 400\">En general, esta secci\u00f3n existe para hablar de una responsabilidad importante que todos los jugadores comparten: no arruinar la agradable atm\u00f3sfera del torneo. Mientras que todos los comportamientos citados abajo tienen potencial para hacerlo, no son una lista exhaustiva, ni se podr\u00eda escribir una lista as\u00ed. Si la conducta de un jugador es disruptiva para un evento o est\u00e1 haciendo que t\u00fa u otra persona se sienta inc\u00f3moda, es un problema que necesita ser tratado.<\/span><\/i><span style=\"font-weight: 400\"><\/div><\/span><\/p>\n<ul>\n<li style=\"font-weight: 400\"><span style=\"font-weight: 400\">Insultar.<\/span><\/li>\n<\/ul>\n<p><span style=\"font-weight: 400\"><div class=\"alert alert-info\" role=\"alert\"> <\/span><i><span style=\"font-weight: 400\">Esta prohibici\u00f3n no se debe interpretar como que cualquier palabrota en un evento de Magic se considere autom\u00e1ticamente Conducta Antideportiva. De hecho, muchos jugadores de Magic usan palabrotas en sus conversaciones diarias sin pararse a pensarlo, y no tendr\u00eda sentido intentar erradicar esto completamente. Insultar se vuelve problem\u00e1tico cuando es disruptivo para el disfrute del evento por parte de otras personas. Esto puede ocurrir, por ejemplo, cuando se usa excesivamente, o dirigido maliciosamente hacia otra persona. Esos casos son m\u00e1s serios y merecen la intervenci\u00f3n de un juez. Mira la<\/span><\/i><a href=\"http:\/\/blogs.magicjudges.org\/rules\/ipg4-1-es\/\"> <i><span style=\"font-weight: 400\">Secci\u00f3n 4.1 de la Gu\u00eda de Procedimientos de Infracciones<\/span><\/i><\/a><i><span style=\"font-weight: 400\"> para m\u00e1s detalles.<\/span><\/i><span style=\"font-weight: 400\"><\/div><\/span><\/p>\n<ul>\n<li style=\"font-weight: 400\"><span style=\"font-weight: 400\">Comportarse de manera tal que razonablemente podr\u00eda esperarse que cree un sentimiento de ser molestado, amenazado, intimidado o acosado.<\/span><\/li>\n<li style=\"font-weight: 400\"><span style=\"font-weight: 400\">Discutir, insultar o actuar de manera belicosa contra oficiales del torneo, jugadores o espectadores.<\/span><\/li>\n<li style=\"font-weight: 400\"><span style=\"font-weight: 400\">Violar la privacidad o seguridad personal de cualquier participante, incluyendo espectadores o personal.<\/span><\/li>\n<li style=\"font-weight: 400\"><span style=\"font-weight: 400\">Usar redes sociales para intimidar o avergonzar a otros participantes.<\/span><\/li>\n<\/ul>\n<p><span style=\"font-weight: 400\"><div class=\"alert alert-info\" role=\"alert\"> <\/span><i><span style=\"font-weight: 400\">Un ambiente seguro es una expectativa b\u00e1sica de cualquier participante de un torneo. Comportamientos que comprometan esta expectativa no deber\u00edan ser tolerados. Mira la<\/span><\/i><a href=\"http:\/\/blogs.magicjudges.org\/rules\/ipg4-2-es\/\"> <i><span style=\"font-weight: 400\">Secci\u00f3n 4.2 de la Gu\u00eda de Procedimientos de Infracciones<\/span><\/i><\/a><i><span style=\"font-weight: 400\"> para m\u00e1s detalles.<\/span><\/i><span style=\"font-weight: 400\"><\/div><\/span><\/p>\n<ul>\n<li style=\"font-weight: 400\"><span style=\"font-weight: 400\">No seguir las instrucciones de un oficial de torneo.<\/span><\/li>\n<\/ul>\n<p><span style=\"font-weight: 400\"><div class=\"alert alert-info\" role=\"alert\"> <\/span><i><span style=\"font-weight: 400\">Jueces y otros oficiales de torneo son responsables de que el torneo vaya fluido. Si necesitamos que un jugador haga algo y no lo hace, eso es disruptivo para el torneo. Dicho eso, si vas a usar esta autoridad, tiene que ser para algo que beneficie al torneo, no para cosas arbitrarias o triviales.<\/span><\/i><span style=\"font-weight: 400\"><\/div><\/span><\/p>\n<p><span style=\"font-weight: 400\">Los oficiales deben investigar estos asuntos tan pronto como sean avisados de ellos y actuar para desalentar la repetici\u00f3n de este comportamiento. Todos los incidentes de conducta antideportiva estar\u00e1n sujetos a una revisi\u00f3n posterior por la DCI.<\/span><\/p>\n<p><span style=\"font-weight: 400\"><div class=\"alert alert-info\" role=\"alert\"> <\/span><i><span style=\"font-weight: 400\">Los Jueces y otros Oficiales de Torneo son las personas a quienes recurren los jugadores ante un problema. Esto incluye problemas interpersonales como Conducta Antideportiva. Es muy raro que alguien pida que intervengas cuando no es necesario, m\u00e1s bien lo contrario, la gente suele ignorar o lidiar con esos problemas m\u00e1s de lo que razonablemente deber\u00edan. Por esta raz\u00f3n, necesitamos tratar todas estas peticiones seriamente y lidiar con ellas antes de que escalen.<\/span><\/i><\/p>\n<p><i><span style=\"font-weight: 400\">La soluci\u00f3n para desalentar comportamientos repetitivos pueden incluir cualquier cosa desde \u201cNo hagas eso\u201d, hasta dar una penalizaci\u00f3n por Conducta Antideportiva. Cuando un jugador ha quebrantado una regla del local o del organizador (por ejemplo, fumar en el local) puede ser necesario involucrar a los representantes de esos grupos para resolver el problema.<\/span><\/i><span style=\"font-weight: 400\"><\/div><\/span><\/p>\n<p style=\"text-align: justify;margin-bottom: 0px\">\n","protected":false},"excerpt":{"rendered":"<p>La conducta antideportiva no ser\u00e1 tolerada en ning\u00fan momento. Los participantes del torneo deben comportarse de manera medida y respetable. La conducta antideportiva incluye, pero no est\u00e1 limitada a: Insultar. Comportarse de manera tal que razonablemente podr\u00eda esperarse que cree un sentimiento de ser molestado, amenazado, intimidado o acosado. Discutir, insultar o actuar de manera [&hellip;]<\/p>\n","protected":false},"author":190,"featured_media":0,"parent":0,"menu_order":0,"comment_status":"closed","ping_status":"closed","template":"","meta":{"footnotes":"","_links_to":"","_links_to_target":""},"language":[8],"class_list":["post-5850","page","type-page","status-publish","hentry","language-es"],"_links":{"self":[{"href":"https:\/\/blogs.magicjudges.org\/rules\/wp-json\/wp\/v2\/pages\/5850","targetHints":{"allow":["GET"]}}],"collection":[{"href":"https:\/\/blogs.magicjudges.org\/rules\/wp-json\/wp\/v2\/pages"}],"about":[{"href":"https:\/\/blogs.magicjudges.org\/rules\/wp-json\/wp\/v2\/types\/page"}],"author":[{"embeddable":true,"href":"https:\/\/blogs.magicjudges.org\/rules\/wp-json\/wp\/v2\/users\/190"}],"replies":[{"embeddable":true,"href":"https:\/\/blogs.magicjudges.org\/rules\/wp-json\/wp\/v2\/comments?post=5850"}],"version-history":[{"count":2,"href":"https:\/\/blogs.magicjudges.org\/rules\/wp-json\/wp\/v2\/pages\/5850\/revisions"}],"predecessor-version":[{"id":8395,"href":"https:\/\/blogs.magicjudges.org\/rules\/wp-json\/wp\/v2\/pages\/5850\/revisions\/8395"}],"wp:attachment":[{"href":"https:\/\/blogs.magicjudges.org\/rules\/wp-json\/wp\/v2\/media?parent=5850"}],"wp:term":[{"taxonomy":"language","embeddable":true,"href":"https:\/\/blogs.magicjudges.org\/rules\/wp-json\/wp\/v2\/language?post=5850"}],"curies":[{"name":"wp","href":"https:\/\/api.w.org\/{rel}","templated":true}]}}