{"id":5852,"date":"2017-01-08T02:06:26","date_gmt":"2017-01-07T23:06:26","guid":{"rendered":"http:\/\/blogs.magicjudges.org\/rules\/?page_id=5852"},"modified":"2018-10-03T15:20:23","modified_gmt":"2018-10-03T12:20:23","slug":"mtr5-5-es","status":"publish","type":"page","link":"https:\/\/blogs.magicjudges.org\/rules\/mtr5-5-es\/","title":{"rendered":"MTR 5.5 Juego lento"},"content":{"rendered":"<p><span style=\"font-weight: 400\">Los jugadores deben utilizar el tiempo de sus turnos de manera prudente independientemente de la complejidad de la situaci\u00f3n y cumplir con los l\u00edmites de tiempo especificados para el torneo. Los jugadores deben mantener un ritmo que permita que la partida termine dentro del l\u00edmite de tiempo anunciado. Hacer tiempo es totalmente inaceptable. Los jugadores pueden pedir a un juez que observe si en su partida existe juego lento; esa solicitud se cumplir\u00e1 si es posible.<\/span><\/p>\n<p><span style=\"font-weight: 400\"><div class=\"alert alert-info\" role=\"alert\"> <\/span><i><span style=\"font-weight: 400\">El tiempo l\u00edmite de ronda no est\u00e1 dividido igualmente entre jugadores. Esto significa que un jugador pensando demasiado tiempo est\u00e1 \u201crobando\u201d tiempo a su oponente. Esto puede darle una ventaja injusta o degradar la experiencia de juego del oponente. Incluso cuando no hay l\u00edmites de tiempo, un jugador tomando demasiado tiempo para sus acciones est\u00e1 gastando el tiempo de todo el mundo. Para ejemplos de Juego Lento, mira el<\/span><\/i><a href=\"http:\/\/blogs.magicjudges.org\/rules\/ipg3-3-es\/\"> <i><span style=\"font-weight: 400\">punto 3.3 de la Gu\u00eda de Procedimientos de Infracciones<\/span><\/i><\/a><i><span style=\"font-weight: 400\">.<\/span><\/i><\/p>\n<p><i><span style=\"font-weight: 400\">Jugar lengo intencionadamente para obtener ventaja del l\u00edmite de tiempo se considera Demorar la partida. Para m\u00e1s informaci\u00f3n sobre c\u00f3mo manejar estas infracciones en Nivel de Imposici\u00f3n de Reglas Competitivo, mira el<\/span><\/i><a href=\"http:\/\/blogs.magicjudges.org\/rules\/ipg4-7-es\/\"> <i><span style=\"font-weight: 400\">punto 4.7 de la Gu\u00eda de Procedimientos de Infracciones<\/span><\/i><\/a><i><span style=\"font-weight: 400\">.<\/span><\/i><span style=\"font-weight: 400\"><\/div><\/span><\/p>\n<p style=\"text-align: justify;margin-bottom: 0px\">\n","protected":false},"excerpt":{"rendered":"<p>Los jugadores deben utilizar el tiempo de sus turnos de manera prudente independientemente de la complejidad de la situaci\u00f3n y cumplir con los l\u00edmites de tiempo especificados para el torneo. Los jugadores deben mantener un ritmo que permita que la partida termine dentro del l\u00edmite de tiempo anunciado. Hacer tiempo es totalmente inaceptable. Los jugadores [&hellip;]<\/p>\n","protected":false},"author":190,"featured_media":0,"parent":0,"menu_order":0,"comment_status":"closed","ping_status":"closed","template":"","meta":{"footnotes":"","_links_to":"","_links_to_target":""},"language":[8],"class_list":["post-5852","page","type-page","status-publish","hentry","language-es"],"_links":{"self":[{"href":"https:\/\/blogs.magicjudges.org\/rules\/wp-json\/wp\/v2\/pages\/5852","targetHints":{"allow":["GET"]}}],"collection":[{"href":"https:\/\/blogs.magicjudges.org\/rules\/wp-json\/wp\/v2\/pages"}],"about":[{"href":"https:\/\/blogs.magicjudges.org\/rules\/wp-json\/wp\/v2\/types\/page"}],"author":[{"embeddable":true,"href":"https:\/\/blogs.magicjudges.org\/rules\/wp-json\/wp\/v2\/users\/190"}],"replies":[{"embeddable":true,"href":"https:\/\/blogs.magicjudges.org\/rules\/wp-json\/wp\/v2\/comments?post=5852"}],"version-history":[{"count":3,"href":"https:\/\/blogs.magicjudges.org\/rules\/wp-json\/wp\/v2\/pages\/5852\/revisions"}],"predecessor-version":[{"id":8456,"href":"https:\/\/blogs.magicjudges.org\/rules\/wp-json\/wp\/v2\/pages\/5852\/revisions\/8456"}],"wp:attachment":[{"href":"https:\/\/blogs.magicjudges.org\/rules\/wp-json\/wp\/v2\/media?parent=5852"}],"wp:term":[{"taxonomy":"language","embeddable":true,"href":"https:\/\/blogs.magicjudges.org\/rules\/wp-json\/wp\/v2\/language?post=5852"}],"curies":[{"name":"wp","href":"https:\/\/api.w.org\/{rel}","templated":true}]}}