{"id":5855,"date":"2017-01-08T02:07:28","date_gmt":"2017-01-07T23:07:28","guid":{"rendered":"http:\/\/blogs.magicjudges.org\/rules\/?page_id=5855"},"modified":"2018-10-03T08:38:57","modified_gmt":"2018-10-03T05:38:57","slug":"mtr6-1-es","status":"publish","type":"page","link":"https:\/\/blogs.magicjudges.org\/rules\/mtr6-1-es\/","title":{"rendered":"MTR 6.1 Restricciones de construcci\u00f3n de mazo"},"content":{"rendered":"<p><span style=\"font-weight: 400\">Los mazos construidos deben contener un m\u00ednimo de sesenta cartas. Los mazos no tienen un l\u00edmite m\u00e1ximo de cartas. Si un jugador elige usar un sideboard, \u00e9ste no puede contener m\u00e1s de quince cartas.<\/span><\/p>\n<p><span style=\"font-weight: 400\"><div class=\"alert alert-info\" role=\"alert\"> <\/span><i><span style=\"font-weight: 400\">Este es uno de los anuncios que muchos Jueces Principales incluyen antes del inicio del torneo. Es cierto para cualquier torneo de construido y se explica por s\u00ed mismo.<\/span><\/i><span style=\"font-weight: 400\"><\/div><\/span><\/p>\n<p><span style=\"font-weight: 400\">Excepto para cartas con el supertipo b\u00e1sica o las cartas cuyo texto especifica lo contrario, el mazo y sideboard combinado de un jugador no pueden tener m\u00e1s de cuatro copias de cualquier carta individual, seg\u00fan su t\u00edtulo en ingl\u00e9s.<\/span><\/p>\n<p><span style=\"font-weight: 400\"><div class=\"alert alert-info\" role=\"alert\"> <\/span><i><span style=\"font-weight: 400\">Para la mayor\u00eda de cartas, un jugador solo puede jugar un m\u00e1ximo de cuatro copias de las misma en sus setenta y cinco. Actualmente hay trece excepciones a esta regla: <a href=\"https:\/\/blogs.magicjudges.org\/rules\/wp-content\/plugins\/lems-mtg-helper\/lems-mtg-helper-cardfinder.php?find=Plains&width=223&height=310\" class=\"jTip\" name=\"\">Plains<\/a>, <a href=\"https:\/\/blogs.magicjudges.org\/rules\/wp-content\/plugins\/lems-mtg-helper\/lems-mtg-helper-cardfinder.php?find=Island&width=223&height=310\" class=\"jTip\" name=\"\">Island<\/a>, <a href=\"https:\/\/blogs.magicjudges.org\/rules\/wp-content\/plugins\/lems-mtg-helper\/lems-mtg-helper-cardfinder.php?find=Swamp&width=223&height=310\" class=\"jTip\" name=\"\">Swamp<\/a>, <a href=\"https:\/\/blogs.magicjudges.org\/rules\/wp-content\/plugins\/lems-mtg-helper\/lems-mtg-helper-cardfinder.php?find=Mountain&width=223&height=310\" class=\"jTip\" name=\"\">Mountain<\/a>, <a href=\"https:\/\/blogs.magicjudges.org\/rules\/wp-content\/plugins\/lems-mtg-helper\/lems-mtg-helper-cardfinder.php?find=Forest&width=223&height=310\" class=\"jTip\" name=\"\">Forest<\/a>, las cinco variantes nevadas, <a href=\"https:\/\/blogs.magicjudges.org\/rules\/wp-content\/plugins\/lems-mtg-helper\/lems-mtg-helper-cardfinder.php?find=Relentless+Rats&width=223&height=310\" class=\"jTip\" name=\"\">Relentless Rats<\/a>, <a href=\"https:\/\/blogs.magicjudges.org\/rules\/wp-content\/plugins\/lems-mtg-helper\/lems-mtg-helper-cardfinder.php?find=Shadowborn+Apostle&width=223&height=310\" class=\"jTip\" name=\"\">Shadowborn Apostle<\/a>, y <a href=\"https:\/\/blogs.magicjudges.org\/rules\/wp-content\/plugins\/lems-mtg-helper\/lems-mtg-helper-cardfinder.php?find=Rat+Colony&width=223&height=310\" class=\"jTip\" name=\"\">Rat Colony<\/a>. Nota que no puedes saltarte esta regla usando cartas en otros idiomas o con errores de impresi\u00f3n; el n\u00famero est\u00e1 basado en el nombre en ingl\u00e9s de la carta.<\/span><\/i><span style=\"font-weight: 400\"><\/div><\/span><\/p>\n<p style=\"text-align: justify;margin-bottom: 0px\">\n","protected":false},"excerpt":{"rendered":"<p>Los mazos construidos deben contener un m\u00ednimo de sesenta cartas. Los mazos no tienen un l\u00edmite m\u00e1ximo de cartas. Si un jugador elige usar un sideboard, \u00e9ste no puede contener m\u00e1s de quince cartas. Excepto para cartas con el supertipo b\u00e1sica o las cartas cuyo texto especifica lo contrario, el mazo y sideboard combinado de [&hellip;]<\/p>\n","protected":false},"author":190,"featured_media":0,"parent":0,"menu_order":0,"comment_status":"closed","ping_status":"closed","template":"","meta":{"footnotes":"","_links_to":"","_links_to_target":""},"language":[8],"class_list":["post-5855","page","type-page","status-publish","hentry","language-es"],"_links":{"self":[{"href":"https:\/\/blogs.magicjudges.org\/rules\/wp-json\/wp\/v2\/pages\/5855","targetHints":{"allow":["GET"]}}],"collection":[{"href":"https:\/\/blogs.magicjudges.org\/rules\/wp-json\/wp\/v2\/pages"}],"about":[{"href":"https:\/\/blogs.magicjudges.org\/rules\/wp-json\/wp\/v2\/types\/page"}],"author":[{"embeddable":true,"href":"https:\/\/blogs.magicjudges.org\/rules\/wp-json\/wp\/v2\/users\/190"}],"replies":[{"embeddable":true,"href":"https:\/\/blogs.magicjudges.org\/rules\/wp-json\/wp\/v2\/comments?post=5855"}],"version-history":[{"count":4,"href":"https:\/\/blogs.magicjudges.org\/rules\/wp-json\/wp\/v2\/pages\/5855\/revisions"}],"predecessor-version":[{"id":8397,"href":"https:\/\/blogs.magicjudges.org\/rules\/wp-json\/wp\/v2\/pages\/5855\/revisions\/8397"}],"wp:attachment":[{"href":"https:\/\/blogs.magicjudges.org\/rules\/wp-json\/wp\/v2\/media?parent=5855"}],"wp:term":[{"taxonomy":"language","embeddable":true,"href":"https:\/\/blogs.magicjudges.org\/rules\/wp-json\/wp\/v2\/language?post=5855"}],"curies":[{"name":"wp","href":"https:\/\/api.w.org\/{rel}","templated":true}]}}