{"id":5858,"date":"2017-01-08T02:09:20","date_gmt":"2017-01-07T23:09:20","guid":{"rendered":"http:\/\/blogs.magicjudges.org\/rules\/?page_id=5858"},"modified":"2018-10-03T08:39:41","modified_gmt":"2018-10-03T05:39:41","slug":"mtr6-2-es","status":"publish","type":"page","link":"https:\/\/blogs.magicjudges.org\/rules\/mtr6-2-es\/","title":{"rendered":"MTR 6.2 Legalidad de las cartas"},"content":{"rendered":"<p><span style=\"font-weight: 400\">Una carta puede usarse en un formato particular si esa carta es de una colecci\u00f3n legal en ese formato o si tiene el mismo nombre que una carta de una colecci\u00f3n legal en ese formato. Las cartas de la <\/span><i><span style=\"font-weight: 400\">Masterpiece Series<\/span><\/i><span style=\"font-weight: 400\"> y <\/span><i><span style=\"font-weight: 400\">Zendikar Expeditions<\/span><\/i><span style=\"font-weight: 400\"> solo pueden jugarse en formatos en los que la carta sea legal.<\/span><span style=\"font-weight: 400\"><br \/>\n<\/span><span style=\"font-weight: 400\"><div class=\"alert alert-info\" role=\"alert\"> <\/span><i><span style=\"font-weight: 400\">La lista completa de los formatos est\u00e1 a continuaci\u00f3n en esta secci\u00f3n. Nota que es perfectamente legal utilizar cartas viejas mientras alguna versi\u00f3n de esa carta sea legal en el formato en cuesti\u00f3n. Por ejemplo, un jugador o jugadora puede usar un <a href=\"https:\/\/blogs.magicjudges.org\/rules\/wp-content\/plugins\/lems-mtg-helper\/lems-mtg-helper-cardfinder.php?find=Rel%C3%A1mpago&width=223&height=310\" class=\"jTip\" name=\"\">Rel\u00e1mpago<\/a> de Beta en Modern, incluso si Beta no es parte de Modern, ya que Rel\u00e1mpago fue impreso en una colecci\u00f3n legal en Modern. Las Masterpieces son cartas especiales que se a\u00f1adieron a algunas colecciones, no son realmente parte de esa colecci\u00f3n. Ya que son abiertas en packs son legales para jugar limitado. Sin embargo, s\u00f3lo son legales en formatos construidos en los que la edici\u00f3n normal de la carta sea tambi\u00e9n legal.<\/span><\/i><span style=\"font-weight: 400\"><\/div><\/span><\/p>\n<p><span style=\"font-weight: 400\">Las cartas prohibidas en un formato espec\u00edfico no pueden usarse en mazos de ese formato. De las cartas restringidas en un formato espec\u00edfico puede incluirse s\u00f3lo una copia en un mazo, incluyendo el sideboard.<\/span><\/p>\n<p><span style=\"font-weight: 400\"><div class=\"alert alert-info\" role=\"alert\"> <\/span><i><span style=\"font-weight: 400\">Si una carta est\u00e1 prohibida, no puede usarse. Si una carta est\u00e1 restringida, no sigue la regla de \u201ccuatro de\u201d, en lugar de poder tener hasta cuatro copias entre las setenta y cinco, un jugador o jugadora puede tiene como mucho una copia. Como se explica en la <\/span><\/i><a href=\"http:\/\/blogs.magicjudges.org\/rules\/mtr6-5-es\/\"><i><span style=\"font-weight: 400\">secci\u00f3n 6.5<\/span><\/i><\/a><i><span style=\"font-weight: 400\">, Vintage es el \u00fanico formato que cuenta con lista de cartas restringidas.<\/span><\/i><span style=\"font-weight: 400\"><\/div><\/span><\/p>\n<p style=\"text-align: justify;margin-bottom: 0px\">\n","protected":false},"excerpt":{"rendered":"<p>Una carta puede usarse en un formato particular si esa carta es de una colecci\u00f3n legal en ese formato o si tiene el mismo nombre que una carta de una colecci\u00f3n legal en ese formato. Las cartas de la Masterpiece Series y Zendikar Expeditions solo pueden jugarse en formatos en los que la carta sea [&hellip;]<\/p>\n","protected":false},"author":190,"featured_media":0,"parent":0,"menu_order":0,"comment_status":"closed","ping_status":"closed","template":"","meta":{"footnotes":"","_links_to":"","_links_to_target":""},"language":[8],"class_list":["post-5858","page","type-page","status-publish","hentry","language-es"],"_links":{"self":[{"href":"https:\/\/blogs.magicjudges.org\/rules\/wp-json\/wp\/v2\/pages\/5858","targetHints":{"allow":["GET"]}}],"collection":[{"href":"https:\/\/blogs.magicjudges.org\/rules\/wp-json\/wp\/v2\/pages"}],"about":[{"href":"https:\/\/blogs.magicjudges.org\/rules\/wp-json\/wp\/v2\/types\/page"}],"author":[{"embeddable":true,"href":"https:\/\/blogs.magicjudges.org\/rules\/wp-json\/wp\/v2\/users\/190"}],"replies":[{"embeddable":true,"href":"https:\/\/blogs.magicjudges.org\/rules\/wp-json\/wp\/v2\/comments?post=5858"}],"version-history":[{"count":4,"href":"https:\/\/blogs.magicjudges.org\/rules\/wp-json\/wp\/v2\/pages\/5858\/revisions"}],"predecessor-version":[{"id":8399,"href":"https:\/\/blogs.magicjudges.org\/rules\/wp-json\/wp\/v2\/pages\/5858\/revisions\/8399"}],"wp:attachment":[{"href":"https:\/\/blogs.magicjudges.org\/rules\/wp-json\/wp\/v2\/media?parent=5858"}],"wp:term":[{"taxonomy":"language","embeddable":true,"href":"https:\/\/blogs.magicjudges.org\/rules\/wp-json\/wp\/v2\/language?post=5858"}],"curies":[{"name":"wp","href":"https:\/\/api.w.org\/{rel}","templated":true}]}}