{"id":5860,"date":"2017-01-08T02:12:46","date_gmt":"2017-01-07T23:12:46","guid":{"rendered":"http:\/\/blogs.magicjudges.org\/rules\/?page_id=5860"},"modified":"2018-10-03T08:41:21","modified_gmt":"2018-10-03T05:41:21","slug":"mtr6-5-es","status":"publish","type":"page","link":"https:\/\/blogs.magicjudges.org\/rules\/mtr6-5-es\/","title":{"rendered":"MTR 6.5 Construcci\u00f3n de mazos en Formato Vintage"},"content":{"rendered":"<p><span style=\"font-weight: 400\">Los mazos Vintage pueden consistir de cartas de todas las colecciones de <\/span><b>Magic<\/b><span style=\"font-weight: 400\">, adem\u00e1s de las siguientes cartas: <a href=\"https:\/\/blogs.magicjudges.org\/rules\/wp-content\/plugins\/lems-mtg-helper\/lems-mtg-helper-cardfinder.php?find=Alcantarillas+de+Estark&width=223&height=310\" class=\"jTip\" name=\"\">Alcantarillas de Estark<\/a>, <a href=\"https:\/\/blogs.magicjudges.org\/rules\/wp-content\/plugins\/lems-mtg-helper\/lems-mtg-helper-cardfinder.php?find=Centauro+Piesligeros%5B%2Fcard%5B+y+%5Bcard%5DNalathni+Dragon&width=223&height=310\" class=\"jTip\" name=\"\">Centauro Piesligeros[\/card[ y [card]Nalathni Dragon<\/a>.<\/span><\/p>\n<p><span style=\"font-weight: 400\">Las cartas de expansiones y colecciones especiales (como From the Vault, <\/span><b>Magic: The Gathering<\/b><span style=\"font-weight: 400\">\u2014<\/span><i><span style=\"font-weight: 400\">Commander<\/span><\/i><span style=\"font-weight: 400\">, Duel Decks, <\/span><i><span style=\"font-weight: 400\">Conspiracy<\/span><\/i><span style=\"font-weight: 400\">, etc.) son legales en el formato Vintage a la fecha de lanzamiento de la expansi\u00f3n o colecci\u00f3n especial.<\/span><\/p>\n<p><span style=\"font-weight: 400\"><div class=\"alert alert-info\" role=\"alert\"> <\/span><i><span style=\"font-weight: 400\">Las cartas no tienen porqu\u00e9 haber sido lanzadas en ediciones normales para ser permitidas en Vintage. En cualquier momento que una carta sea impresa en una edici\u00f3n, se permite en el lanzamiento de esta edici\u00f3n. Sin embargo, esto no incluye a las cartas obtenidas en el Prelanzamiento, estas se permitir\u00e1n en la fecha de lanzamiento de la edici\u00f3n.<\/span><\/i><\/p>\n<p><i><span style=\"font-weight: 400\">Estas son las cartas prohibidas en Vintage. Cualquiera de ellas no est\u00e1n permitidas para ser usadas en torneos de Vintage. Generalmente hablando, pertenecen a tres categor\u00edas: cartas que interaccionan con la zona de Apuesta (por ejemplo <a href=\"https:\/\/blogs.magicjudges.org\/rules\/wp-content\/plugins\/lems-mtg-helper\/lems-mtg-helper-cardfinder.php?find=Demonic+Attorney&width=223&height=310\" class=\"jTip\" name=\"\">Demonic Attorney<\/a>), cartas que interact\u00faan manipulando f\u00edsicamente otras cartas (por ejemplo <a href=\"https:\/\/blogs.magicjudges.org\/rules\/wp-content\/plugins\/lems-mtg-helper\/lems-mtg-helper-cardfinder.php?find=Chaos+Orb&width=223&height=310\" class=\"jTip\" name=\"\">Chaos Orb<\/a>) y las Conspiraciones (por ejemplo <a href=\"https:\/\/blogs.magicjudges.org\/rules\/wp-content\/plugins\/lems-mtg-helper\/lems-mtg-helper-cardfinder.php?find=Backup+Plan&width=223&height=310\" class=\"jTip\" name=\"\">Backup Plan<\/a>).<\/span><\/i><span style=\"font-weight: 400\"><\/div><\/span><\/p>\n<p><span style=\"font-weight: 400\">Las siguientes cartas est\u00e1n prohibidas en torneos de Vintage:<\/span><\/p>\n<ul>\n<li style=\"font-weight: 400\"><span style=\"font-weight: 400\">Todas las cartas con el tipo \u201cConspiracy\u201d (25 cartas)<\/span><\/li>\n<li style=\"font-weight: 400\"><span style=\"font-weight: 400\">Todas las cartas que mencionan \u201cjugar por ante\u201d (9 cartas)<\/span><\/li>\n<li style=\"font-weight: 400\"><span style=\"font-weight: 400\"><a href=\"https:\/\/blogs.magicjudges.org\/rules\/wp-content\/plugins\/lems-mtg-helper\/lems-mtg-helper-cardfinder.php?find=Chaos+Orb&width=223&height=310\" class=\"jTip\" name=\"\">Chaos Orb<\/a><\/span><\/li>\n<li style=\"font-weight: 400\"><span style=\"font-weight: 400\"><a href=\"https:\/\/blogs.magicjudges.org\/rules\/wp-content\/plugins\/lems-mtg-helper\/lems-mtg-helper-cardfinder.php?find=Falling+Star&width=223&height=310\" class=\"jTip\" name=\"\">Falling Star<\/a><\/span><\/li>\n<li style=\"font-weight: 400\"><span style=\"font-weight: 400\"><a href=\"https:\/\/blogs.magicjudges.org\/rules\/wp-content\/plugins\/lems-mtg-helper\/lems-mtg-helper-cardfinder.php?find=Shahrazad&width=223&height=310\" class=\"jTip\" name=\"\">Shahrazad<\/a><\/span><\/li>\n<\/ul>\n<p><span style=\"font-weight: 400\">Las siguientes cartas est\u00e1n restringidas en los torneos de Vintage:<\/span><span style=\"font-weight: 400\"><br \/>\n<\/span><\/p>\n<ul>\n<li style=\"font-weight: 400\"><span style=\"font-weight: 400\"><a href=\"https:\/\/blogs.magicjudges.org\/rules\/wp-content\/plugins\/lems-mtg-helper\/lems-mtg-helper-cardfinder.php?find=Ancestral+Recall&width=223&height=310\" class=\"jTip\" name=\"\">Ancestral Recall<\/a><\/span><\/li>\n<li style=\"font-weight: 400\"><span style=\"font-weight: 400\"><a href=\"https:\/\/blogs.magicjudges.org\/rules\/wp-content\/plugins\/lems-mtg-helper\/lems-mtg-helper-cardfinder.php?find=Equilibrio&width=223&height=310\" class=\"jTip\" name=\"\">Equilibrio<\/a><\/span><\/li>\n<li style=\"font-weight: 400\"><span style=\"font-weight: 400\"><a href=\"https:\/\/blogs.magicjudges.org\/rules\/wp-content\/plugins\/lems-mtg-helper\/lems-mtg-helper-cardfinder.php?find=Black+Lotus&width=223&height=310\" class=\"jTip\" name=\"\">Black Lotus<\/a><\/span><\/li>\n<li style=\"font-weight: 400\"><span style=\"font-weight: 400\"><a href=\"https:\/\/blogs.magicjudges.org\/rules\/wp-content\/plugins\/lems-mtg-helper\/lems-mtg-helper-cardfinder.php?find=Inspiraci%C3%B3n+s%C3%BAbita&width=223&height=310\" class=\"jTip\" name=\"\">Inspiraci\u00f3n s\u00fabita<\/a><\/span><\/li>\n<li style=\"font-weight: 400\"><span style=\"font-weight: 400\"><a href=\"https:\/\/blogs.magicjudges.org\/rules\/wp-content\/plugins\/lems-mtg-helper\/lems-mtg-helper-cardfinder.php?find=C%C3%A1liz+del+vac%C3%ADo&width=223&height=310\" class=\"jTip\" name=\"\">C\u00e1liz del vac\u00edo<\/a><\/span><\/li>\n<li style=\"font-weight: 400\"><span style=\"font-weight: 400\"><a href=\"https:\/\/blogs.magicjudges.org\/rules\/wp-content\/plugins\/lems-mtg-helper\/lems-mtg-helper-cardfinder.php?find=Canalizar&width=223&height=310\" class=\"jTip\" name=\"\">Canalizar<\/a><\/span><\/li>\n<li style=\"font-weight: 400\"><span style=\"font-weight: 400\"><a href=\"https:\/\/blogs.magicjudges.org\/rules\/wp-content\/plugins\/lems-mtg-helper\/lems-mtg-helper-cardfinder.php?find=Consulta+Demon%C3%ADaca&width=223&height=310\" class=\"jTip\" name=\"\">Consulta Demon\u00edaca<\/a><\/span><\/li>\n<li style=\"font-weight: 400\"><span style=\"font-weight: 400\"><a href=\"https:\/\/blogs.magicjudges.org\/rules\/wp-content\/plugins\/lems-mtg-helper\/lems-mtg-helper-cardfinder.php?find=Tutor+demon%C3%ADaco&width=223&height=310\" class=\"jTip\" name=\"\">Tutor demon\u00edaco<\/a><\/span><\/li>\n<li style=\"font-weight: 400\"><span style=\"font-weight: 400\"><a href=\"https:\/\/blogs.magicjudges.org\/rules\/wp-content\/plugins\/lems-mtg-helper\/lems-mtg-helper-cardfinder.php?find=Hurgar+en+el+tiempo&width=223&height=310\" class=\"jTip\" name=\"\">Hurgar en el tiempo<\/a><\/span><\/li>\n<li style=\"font-weight: 400\"><span style=\"font-weight: 400\"><a href=\"https:\/\/blogs.magicjudges.org\/rules\/wp-content\/plugins\/lems-mtg-helper\/lems-mtg-helper-cardfinder.php?find=Fastbond&width=223&height=310\" class=\"jTip\" name=\"\">Fastbond<\/a><\/span><\/li>\n<li style=\"font-weight: 400\"><span style=\"font-weight: 400\"><a href=\"https:\/\/blogs.magicjudges.org\/rules\/wp-content\/plugins\/lems-mtg-helper\/lems-mtg-helper-cardfinder.php?find=Destello&width=223&height=310\" class=\"jTip\" name=\"\">Destello<\/a><\/span><\/li>\n<li style=\"font-weight: 400\"><span style=\"font-weight: 400\"><a href=\"https:\/\/blogs.magicjudges.org\/rules\/wp-content\/plugins\/lems-mtg-helper\/lems-mtg-helper-cardfinder.php?find=Sonda+git%C3%A1xica&width=223&height=310\" class=\"jTip\" name=\"\">Sonda git\u00e1xica<\/a><\/span><\/li>\n<li style=\"font-weight: 400\"><span style=\"font-weight: 400\"><a href=\"https:\/\/blogs.magicjudges.org\/rules\/wp-content\/plugins\/lems-mtg-helper\/lems-mtg-helper-cardfinder.php?find=Borbot%C3%B3n&width=223&height=310\" class=\"jTip\" name=\"\">Borbot\u00f3n<\/a><\/span><\/li>\n<li style=\"font-weight: 400\"><span style=\"font-weight: 400\"><a href=\"https:\/\/blogs.magicjudges.org\/rules\/wp-content\/plugins\/lems-mtg-helper\/lems-mtg-helper-cardfinder.php?find=Imperial+Seal&width=223&height=310\" class=\"jTip\" name=\"\">Imperial Seal<\/a><\/span><\/li>\n<li style=\"font-weight: 400\"><span style=\"font-weight: 400\"><a href=\"https:\/\/blogs.magicjudges.org\/rules\/wp-content\/plugins\/lems-mtg-helper\/lems-mtg-helper-cardfinder.php?find=Library+of+Alexandria&width=223&height=310\" class=\"jTip\" name=\"\">Library of Alexandria<\/a><\/span><\/li>\n<li style=\"font-weight: 400\"><span style=\"font-weight: 400\"><a href=\"https:\/\/blogs.magicjudges.org\/rules\/wp-content\/plugins\/lems-mtg-helper\/lems-mtg-helper-cardfinder.php?find=Diamante+Ojo+de+Le%C3%B3n&width=223&height=310\" class=\"jTip\" name=\"\">Diamante Ojo de Le\u00f3n<\/a><\/span><\/li>\n<li style=\"font-weight: 400\"><span style=\"font-weight: 400\"><a href=\"https:\/\/blogs.magicjudges.org\/rules\/wp-content\/plugins\/lems-mtg-helper\/lems-mtg-helper-cardfinder.php?find=G%C3%B3lem+de+piedraim%C3%A1n&width=223&height=310\" class=\"jTip\" name=\"\">G\u00f3lem de piedraim\u00e1n<\/a><\/span><\/li>\n<li style=\"font-weight: 400\"><span style=\"font-weight: 400\"><a href=\"https:\/\/blogs.magicjudges.org\/rules\/wp-content\/plugins\/lems-mtg-helper\/lems-mtg-helper-cardfinder.php?find=P%C3%A9talo+de+loto&width=223&height=310\" class=\"jTip\" name=\"\">P\u00e9talo de loto<\/a><\/span><\/li>\n<li style=\"font-weight: 400\"><span style=\"font-weight: 400\"><a href=\"https:\/\/blogs.magicjudges.org\/rules\/wp-content\/plugins\/lems-mtg-helper\/lems-mtg-helper-cardfinder.php?find=Cripta+de+man%C3%A1&width=223&height=310\" class=\"jTip\" name=\"\">Cripta de man\u00e1<\/a><\/span><\/li>\n<li style=\"font-weight: 400\"><span style=\"font-weight: 400\"><a href=\"https:\/\/blogs.magicjudges.org\/rules\/wp-content\/plugins\/lems-mtg-helper\/lems-mtg-helper-cardfinder.php?find=Cofre+de+man%C3%A1&width=223&height=310\" class=\"jTip\" name=\"\">Cofre de man\u00e1<\/a><\/span><\/li>\n<li style=\"font-weight: 400\"><span style=\"font-weight: 400\"><a href=\"https:\/\/blogs.magicjudges.org\/rules\/wp-content\/plugins\/lems-mtg-helper\/lems-mtg-helper-cardfinder.php?find=Jarra+del+recuerdo&width=223&height=310\" class=\"jTip\" name=\"\">Jarra del recuerdo<\/a><\/span><\/li>\n<li style=\"font-weight: 400\"><span style=\"font-weight: 400\"><a href=\"https:\/\/blogs.magicjudges.org\/rules\/wp-content\/plugins\/lems-mtg-helper\/lems-mtg-helper-cardfinder.php?find=Pergamino+mercantil&width=223&height=310\" class=\"jTip\" name=\"\">Pergamino mercantil<\/a><\/span><\/li>\n<li style=\"font-weight: 400\"><span style=\"font-weight: 400\"><a href=\"https:\/\/blogs.magicjudges.org\/rules\/wp-content\/plugins\/lems-mtg-helper\/lems-mtg-helper-cardfinder.php?find=Anhelo+de+la+mente&width=223&height=310\" class=\"jTip\" name=\"\">Anhelo de la mente<\/a><\/span><\/li>\n<li style=\"font-weight: 400\"><span style=\"font-weight: 400\"><a href=\"https:\/\/blogs.magicjudges.org\/rules\/wp-content\/plugins\/lems-mtg-helper\/lems-mtg-helper-cardfinder.php?find=Mentor+del+monasterio&width=223&height=310\" class=\"jTip\" name=\"\">Mentor del monasterio<\/a><\/span><\/li>\n<li style=\"font-weight: 400\"><span style=\"font-weight: 400\"><a href=\"https:\/\/blogs.magicjudges.org\/rules\/wp-content\/plugins\/lems-mtg-helper\/lems-mtg-helper-cardfinder.php?find=Mox+Emerald&width=223&height=310\" class=\"jTip\" name=\"\">Mox Emerald<\/a><\/span><\/li>\n<li style=\"font-weight: 400\"><span style=\"font-weight: 400\"><a href=\"https:\/\/blogs.magicjudges.org\/rules\/wp-content\/plugins\/lems-mtg-helper\/lems-mtg-helper-cardfinder.php?find=Mox+Jet&width=223&height=310\" class=\"jTip\" name=\"\">Mox Jet<\/a><\/span><\/li>\n<li style=\"font-weight: 400\"><span style=\"font-weight: 400\"><a href=\"https:\/\/blogs.magicjudges.org\/rules\/wp-content\/plugins\/lems-mtg-helper\/lems-mtg-helper-cardfinder.php?find=Mox+Pearl&width=223&height=310\" class=\"jTip\" name=\"\">Mox Pearl<\/a><\/span><\/li>\n<li style=\"font-weight: 400\"><span style=\"font-weight: 400\"><a href=\"https:\/\/blogs.magicjudges.org\/rules\/wp-content\/plugins\/lems-mtg-helper\/lems-mtg-helper-cardfinder.php?find=Mox+Ruby&width=223&height=310\" class=\"jTip\" name=\"\">Mox Ruby<\/a><\/span><\/li>\n<li style=\"font-weight: 400\"><span style=\"font-weight: 400\"><a href=\"https:\/\/blogs.magicjudges.org\/rules\/wp-content\/plugins\/lems-mtg-helper\/lems-mtg-helper-cardfinder.php?find=Mox+Sapphire&width=223&height=310\" class=\"jTip\" name=\"\">Mox Sapphire<\/a><\/span><\/li>\n<li style=\"font-weight: 400\"><span style=\"font-weight: 400\"><a href=\"https:\/\/blogs.magicjudges.org\/rules\/wp-content\/plugins\/lems-mtg-helper\/lems-mtg-helper-cardfinder.php?find=Tutor+m%C3%ADstico&width=223&height=310\" class=\"jTip\" name=\"\">Tutor m\u00edstico<\/a><\/span><\/li>\n<li style=\"font-weight: 400\"><span style=\"font-weight: 400\"><a href=\"https:\/\/blogs.magicjudges.org\/rules\/wp-content\/plugins\/lems-mtg-helper\/lems-mtg-helper-cardfinder.php?find=Necropotencia&width=223&height=310\" class=\"jTip\" name=\"\">Necropotencia<\/a><\/span><\/li>\n<li style=\"font-weight: 400\"><span style=\"font-weight: 400\"><a href=\"https:\/\/blogs.magicjudges.org\/rules\/wp-content\/plugins\/lems-mtg-helper\/lems-mtg-helper-cardfinder.php?find=Reflexionar&width=223&height=310\" class=\"jTip\" name=\"\">Reflexionar<\/a><\/span><\/li>\n<li style=\"font-weight: 400\"><span style=\"font-weight: 400\"><a href=\"https:\/\/blogs.magicjudges.org\/rules\/wp-content\/plugins\/lems-mtg-helper\/lems-mtg-helper-cardfinder.php?find=Anillo+solar&width=223&height=310\" class=\"jTip\" name=\"\">Anillo solar<\/a><\/span><\/li>\n<li style=\"font-weight: 400\"><span style=\"font-weight: 400\"><a href=\"https:\/\/blogs.magicjudges.org\/rules\/wp-content\/plugins\/lems-mtg-helper\/lems-mtg-helper-cardfinder.php?find=Cantera&width=223&height=310\" class=\"jTip\" name=\"\">Cantera<\/a><\/span><\/li>\n<li style=\"font-weight: 400\"><span style=\"font-weight: 400\"><a href=\"https:\/\/blogs.magicjudges.org\/rules\/wp-content\/plugins\/lems-mtg-helper\/lems-mtg-helper-cardfinder.php?find=Espina+de+amatista&width=223&height=310\" class=\"jTip\" name=\"\">Espina de amatista<\/a><\/span><\/li>\n<li style=\"font-weight: 400\"><span style=\"font-weight: 400\"><a href=\"https:\/\/blogs.magicjudges.org\/rules\/wp-content\/plugins\/lems-mtg-helper\/lems-mtg-helper-cardfinder.php?find=Time+Vault&width=223&height=310\" class=\"jTip\" name=\"\">Time Vault<\/a><\/span><\/li>\n<li style=\"font-weight: 400\"><span style=\"font-weight: 400\"><a href=\"https:\/\/blogs.magicjudges.org\/rules\/wp-content\/plugins\/lems-mtg-helper\/lems-mtg-helper-cardfinder.php?find=Time+Walk&width=223&height=310\" class=\"jTip\" name=\"\">Time Walk<\/a><\/span><\/li>\n<li style=\"font-weight: 400\"><span style=\"font-weight: 400\"><a href=\"https:\/\/blogs.magicjudges.org\/rules\/wp-content\/plugins\/lems-mtg-helper\/lems-mtg-helper-cardfinder.php?find=Timetwister&width=223&height=310\" class=\"jTip\" name=\"\">Timetwister<\/a><\/span><\/li>\n<li style=\"font-weight: 400\"><span style=\"font-weight: 400\"><a href=\"https:\/\/blogs.magicjudges.org\/rules\/wp-content\/plugins\/lems-mtg-helper\/lems-mtg-helper-cardfinder.php?find=Hojalatera&width=223&height=310\" class=\"jTip\" name=\"\">Hojalatera<\/a><\/span><\/li>\n<li style=\"font-weight: 400\"><span style=\"font-weight: 400\"><a href=\"https:\/\/blogs.magicjudges.org\/rules\/wp-content\/plugins\/lems-mtg-helper\/lems-mtg-helper-cardfinder.php?find=Academia+tolariana&width=223&height=310\" class=\"jTip\" name=\"\">Academia tolariana<\/a><\/span><\/li>\n<li style=\"font-weight: 400\"><span style=\"font-weight: 400\"><a href=\"https:\/\/blogs.magicjudges.org\/rules\/wp-content\/plugins\/lems-mtg-helper\/lems-mtg-helper-cardfinder.php?find=Crucero+del+tesoro&width=223&height=310\" class=\"jTip\" name=\"\">Crucero del tesoro<\/a><\/span><\/li>\n<li style=\"font-weight: 400\"><span style=\"font-weight: 400\"><a href=\"https:\/\/blogs.magicjudges.org\/rules\/wp-content\/plugins\/lems-mtg-helper\/lems-mtg-helper-cardfinder.php?find=Triniesfera&width=223&height=310\" class=\"jTip\" name=\"\">Triniesfera<\/a><\/span><\/li>\n<li style=\"font-weight: 400\"><span style=\"font-weight: 400\"><a href=\"https:\/\/blogs.magicjudges.org\/rules\/wp-content\/plugins\/lems-mtg-helper\/lems-mtg-helper-cardfinder.php?find=Tutor+vamp%C3%ADrico&width=223&height=310\" class=\"jTip\" name=\"\">Tutor vamp\u00edrico<\/a><\/span><\/li>\n<li style=\"font-weight: 400\"><span style=\"font-weight: 400\"><a href=\"https:\/\/blogs.magicjudges.org\/rules\/wp-content\/plugins\/lems-mtg-helper\/lems-mtg-helper-cardfinder.php?find=Rueda+de+la+fortuna&width=223&height=310\" class=\"jTip\" name=\"\">Rueda de la fortuna<\/a><\/span><\/li>\n<li style=\"font-weight: 400\"><span style=\"font-weight: 400\"><a href=\"https:\/\/blogs.magicjudges.org\/rules\/wp-content\/plugins\/lems-mtg-helper\/lems-mtg-helper-cardfinder.php?find=Ganga&width=223&height=310\" class=\"jTip\" name=\"\">Ganga<\/a><\/span><\/li>\n<li style=\"font-weight: 400\"><span style=\"font-weight: 400\"><a href=\"https:\/\/blogs.magicjudges.org\/rules\/wp-content\/plugins\/lems-mtg-helper\/lems-mtg-helper-cardfinder.php?find=Voluntad+de+Yawgmoth&width=223&height=310\" class=\"jTip\" name=\"\">Voluntad de Yawgmoth<\/a><\/span><span style=\"font-weight: 400\"><br \/>\n<\/span><\/li>\n<\/ul>\n<p><span style=\"font-weight: 400\"><div class=\"alert alert-info\" role=\"alert\"> <\/span><i><span style=\"font-weight: 400\">Esta es la \u00fanica lista restringida en Magic. Estas cartas son por lo general las m\u00e1s poderosas que se permiten en Vintage y s\u00f3lo se puede jugar una de cada una de ellas en la biblioteca o sideboard de un jugador (pero no en ambos al mismo tiempo).<\/span><\/i><span style=\"font-weight: 400\"><\/div><\/span><\/p>\n","protected":false},"excerpt":{"rendered":"<p>Los mazos Vintage pueden consistir de cartas de todas las colecciones de Magic, adem\u00e1s de las siguientes cartas: , . Las cartas de expansiones y colecciones especiales (como From the Vault, Magic: The Gathering\u2014Commander, Duel Decks, Conspiracy, etc.) son legales en el formato Vintage a la fecha de lanzamiento de la expansi\u00f3n o colecci\u00f3n especial. [&hellip;]<\/p>\n","protected":false},"author":190,"featured_media":0,"parent":0,"menu_order":0,"comment_status":"closed","ping_status":"closed","template":"","meta":{"footnotes":"","_links_to":"","_links_to_target":""},"language":[8],"class_list":["post-5860","page","type-page","status-publish","hentry","language-es"],"_links":{"self":[{"href":"https:\/\/blogs.magicjudges.org\/rules\/wp-json\/wp\/v2\/pages\/5860","targetHints":{"allow":["GET"]}}],"collection":[{"href":"https:\/\/blogs.magicjudges.org\/rules\/wp-json\/wp\/v2\/pages"}],"about":[{"href":"https:\/\/blogs.magicjudges.org\/rules\/wp-json\/wp\/v2\/types\/page"}],"author":[{"embeddable":true,"href":"https:\/\/blogs.magicjudges.org\/rules\/wp-json\/wp\/v2\/users\/190"}],"replies":[{"embeddable":true,"href":"https:\/\/blogs.magicjudges.org\/rules\/wp-json\/wp\/v2\/comments?post=5860"}],"version-history":[{"count":3,"href":"https:\/\/blogs.magicjudges.org\/rules\/wp-json\/wp\/v2\/pages\/5860\/revisions"}],"predecessor-version":[{"id":8406,"href":"https:\/\/blogs.magicjudges.org\/rules\/wp-json\/wp\/v2\/pages\/5860\/revisions\/8406"}],"wp:attachment":[{"href":"https:\/\/blogs.magicjudges.org\/rules\/wp-json\/wp\/v2\/media?parent=5860"}],"wp:term":[{"taxonomy":"language","embeddable":true,"href":"https:\/\/blogs.magicjudges.org\/rules\/wp-json\/wp\/v2\/language?post=5860"}],"curies":[{"name":"wp","href":"https:\/\/api.w.org\/{rel}","templated":true}]}}