{"id":5862,"date":"2017-01-08T02:13:56","date_gmt":"2017-01-07T23:13:56","guid":{"rendered":"http:\/\/blogs.magicjudges.org\/rules\/?page_id=5862"},"modified":"2018-10-03T15:21:37","modified_gmt":"2018-10-03T12:21:37","slug":"mtr6-6-es","status":"publish","type":"page","link":"https:\/\/blogs.magicjudges.org\/rules\/mtr6-6-es\/","title":{"rendered":"MTR 6.6 Construcci\u00f3n de mazos en Formato Legacy"},"content":{"rendered":"<p><span style=\"font-weight: 400\">Las barajas de Legacy pueden estar construidas con cartas con todas las ediciones de <\/span><b>Magic<\/b><span style=\"font-weight: 400\">, adem\u00e1s de las siguientes cartas: <a href=\"https:\/\/blogs.magicjudges.org\/rules\/wp-content\/plugins\/lems-mtg-helper\/lems-mtg-helper-cardfinder.php?find=Sewers+of+Estark&width=223&height=310\" class=\"jTip\" name=\"\">Sewers of Estark<\/a>, <a href=\"https:\/\/blogs.magicjudges.org\/rules\/wp-content\/plugins\/lems-mtg-helper\/lems-mtg-helper-cardfinder.php?find=Windseeker+Centaur&width=223&height=310\" class=\"jTip\" name=\"\">Windseeker Centaur<\/a> y <a href=\"https:\/\/blogs.magicjudges.org\/rules\/wp-content\/plugins\/lems-mtg-helper\/lems-mtg-helper-cardfinder.php?find=Nalathni+Dragon&width=223&height=310\" class=\"jTip\" name=\"\">Nalathni Dragon<\/a>.<\/span><\/p>\n<p><span style=\"font-weight: 400\">Cartas de las expansiones y ediciones especiales (como <\/span><i><span style=\"font-weight: 400\">From the Vault, <\/span><\/i><b><i>Magic: The Gathering <\/i><\/b><i><span style=\"font-weight: 400\">\u2014 Commander<\/span><\/i><span style=\"font-weight: 400\">, Duel Decks, <\/span><i><span style=\"font-weight: 400\">Conspiracy<\/span><\/i><span style=\"font-weight: 400\">, etc.) est\u00e1n permitidas en el formato Legacy desde la fecha de lanzamiento de la expansi\u00f3n o edici\u00f3n especial.<\/span><\/p>\n<p><span style=\"font-weight: 400\"><div class=\"alert alert-info\" role=\"alert\"> <\/span><i><span style=\"font-weight: 400\">Las cartas no tienen que ser impresas en ediciones normales para estar permitidas en Legacy. En cualquier momento que una carta sea impresa en una edici\u00f3n, se permite en el lanzamiento de esta edici\u00f3n. Sin embargo, esto no incluye a las cartas obtenidas en el Prelanzamiento, estas se permitir\u00e1n en la fecha de lanzamiento de la edici\u00f3n.<\/span><\/i><span style=\"font-weight: 400\"><\/div><\/span><\/p>\n<p><span style=\"font-weight: 400\">Las siguientes cartas est\u00e1n prohibidas en torneos de Legacy:<\/span><span style=\"font-weight: 400\"><br \/>\n<\/span><\/p>\n<ul>\n<li style=\"font-weight: 400\"><span style=\"font-weight: 400\">Todas las cartas con el tipo \u201cConspiracy\u201d (25 cartas)<\/span><\/li>\n<li style=\"font-weight: 400\"><span style=\"font-weight: 400\">Todas las cartas que mencionan \u201cjugar con ante\u201d (9 cartas)<\/span><\/li>\n<li style=\"font-weight: 400\"><span style=\"font-weight: 400\"><a href=\"https:\/\/blogs.magicjudges.org\/rules\/wp-content\/plugins\/lems-mtg-helper\/lems-mtg-helper-cardfinder.php?find=Ancestral+Recall&width=223&height=310\" class=\"jTip\" name=\"\">Ancestral Recall<\/a><\/span><\/li>\n<li style=\"font-weight: 400\"><span style=\"font-weight: 400\"><a href=\"https:\/\/blogs.magicjudges.org\/rules\/wp-content\/plugins\/lems-mtg-helper\/lems-mtg-helper-cardfinder.php?find=Equilibrio&width=223&height=310\" class=\"jTip\" name=\"\">Equilibrio<\/a><\/span><\/li>\n<li style=\"font-weight: 400\"><span style=\"font-weight: 400\"><a href=\"https:\/\/blogs.magicjudges.org\/rules\/wp-content\/plugins\/lems-mtg-helper\/lems-mtg-helper-cardfinder.php?find=Bazaar+of+Baghdad&width=223&height=310\" class=\"jTip\" name=\"\">Bazaar of Baghdad<\/a><\/span><\/li>\n<li style=\"font-weight: 400\"><span style=\"font-weight: 400\"><a href=\"https:\/\/blogs.magicjudges.org\/rules\/wp-content\/plugins\/lems-mtg-helper\/lems-mtg-helper-cardfinder.php?find=Black+Lotus&width=223&height=310\" class=\"jTip\" name=\"\">Black Lotus<\/a><\/span><\/li>\n<li style=\"font-weight: 400\"><span style=\"font-weight: 400\"><a href=\"https:\/\/blogs.magicjudges.org\/rules\/wp-content\/plugins\/lems-mtg-helper\/lems-mtg-helper-cardfinder.php?find=Canalizar&width=223&height=310\" class=\"jTip\" name=\"\">Canalizar<\/a><\/span><\/li>\n<li style=\"font-weight: 400\"><span style=\"font-weight: 400\"><a href=\"https:\/\/blogs.magicjudges.org\/rules\/wp-content\/plugins\/lems-mtg-helper\/lems-mtg-helper-cardfinder.php?find=Chaos+Orb&width=223&height=310\" class=\"jTip\" name=\"\">Chaos Orb<\/a><\/span><\/li>\n<li style=\"font-weight: 400\"><span style=\"font-weight: 400\"><a href=\"https:\/\/blogs.magicjudges.org\/rules\/wp-content\/plugins\/lems-mtg-helper\/lems-mtg-helper-cardfinder.php?find=Cham%C3%A1n+rito+mortal&width=223&height=310\" class=\"jTip\" name=\"\">Cham\u00e1n rito mortal<\/a> (desde el 6 de julio de 2018)<\/span><\/li>\n<li style=\"font-weight: 400\"><span style=\"font-weight: 400\"><a href=\"https:\/\/blogs.magicjudges.org\/rules\/wp-content\/plugins\/lems-mtg-helper\/lems-mtg-helper-cardfinder.php?find=Consulta+Demon%C3%ADaca&width=223&height=310\" class=\"jTip\" name=\"\">Consulta Demon\u00edaca<\/a><\/span><\/li>\n<li style=\"font-weight: 400\"><span style=\"font-weight: 400\"><a href=\"https:\/\/blogs.magicjudges.org\/rules\/wp-content\/plugins\/lems-mtg-helper\/lems-mtg-helper-cardfinder.php?find=Tutor+demon%C3%ADaco&width=223&height=310\" class=\"jTip\" name=\"\">Tutor demon\u00edaco<\/a><\/span><\/li>\n<li style=\"font-weight: 400\"><span style=\"font-weight: 400\"><a href=\"https:\/\/blogs.magicjudges.org\/rules\/wp-content\/plugins\/lems-mtg-helper\/lems-mtg-helper-cardfinder.php?find=Hurgar+en+el+tiempo&width=223&height=310\" class=\"jTip\" name=\"\">Hurgar en el tiempo<\/a><\/span><\/li>\n<li style=\"font-weight: 400\"><span style=\"font-weight: 400\"><a href=\"https:\/\/blogs.magicjudges.org\/rules\/wp-content\/plugins\/lems-mtg-helper\/lems-mtg-helper-cardfinder.php?find=El+arte+de+la+tierra&width=223&height=310\" class=\"jTip\" name=\"\">El arte de la tierra<\/a><\/span><\/li>\n<li style=\"font-weight: 400\"><span style=\"font-weight: 400\"><a href=\"https:\/\/blogs.magicjudges.org\/rules\/wp-content\/plugins\/lems-mtg-helper\/lems-mtg-helper-cardfinder.php?find=Falling+Star&width=223&height=310\" class=\"jTip\" name=\"\">Falling Star<\/a><\/span><\/li>\n<li style=\"font-weight: 400\"><span style=\"font-weight: 400\"><a href=\"https:\/\/blogs.magicjudges.org\/rules\/wp-content\/plugins\/lems-mtg-helper\/lems-mtg-helper-cardfinder.php?find=Fastbond&width=223&height=310\" class=\"jTip\" name=\"\">Fastbond<\/a><\/span><\/li>\n<li style=\"font-weight: 400\"><span style=\"font-weight: 400\"><a href=\"https:\/\/blogs.magicjudges.org\/rules\/wp-content\/plugins\/lems-mtg-helper\/lems-mtg-helper-cardfinder.php?find=Destello&width=223&height=310\" class=\"jTip\" name=\"\">Destello<\/a><\/span><\/li>\n<li style=\"font-weight: 400\"><span style=\"font-weight: 400\"><a href=\"https:\/\/blogs.magicjudges.org\/rules\/wp-content\/plugins\/lems-mtg-helper\/lems-mtg-helper-cardfinder.php?find=B%C3%BAsqueda+fren%C3%A9tica&width=223&height=310\" class=\"jTip\" name=\"\">B\u00fasqueda fren\u00e9tica<\/a><\/span><\/li>\n<li style=\"font-weight: 400\"><span style=\"font-weight: 400\"><a href=\"https:\/\/blogs.magicjudges.org\/rules\/wp-content\/plugins\/lems-mtg-helper\/lems-mtg-helper-cardfinder.php?find=Sonda+git%C3%A1xica&width=223&height=310\" class=\"jTip\" name=\"\">Sonda git\u00e1xica<\/a> (desde el 6 de julio de 2018)<\/span><\/li>\n<li style=\"font-weight: 400\"><span style=\"font-weight: 400\"><a href=\"https:\/\/blogs.magicjudges.org\/rules\/wp-content\/plugins\/lems-mtg-helper\/lems-mtg-helper-cardfinder.php?find=Reclutador+trasgo&width=223&height=310\" class=\"jTip\" name=\"\">Reclutador trasgo<\/a><\/span><\/li>\n<li style=\"font-weight: 400\"><span style=\"font-weight: 400\"><a href=\"https:\/\/blogs.magicjudges.org\/rules\/wp-content\/plugins\/lems-mtg-helper\/lems-mtg-helper-cardfinder.php?find=Borbot%C3%B3n&width=223&height=310\" class=\"jTip\" name=\"\">Borbot\u00f3n<\/a><\/span><\/li>\n<li style=\"font-weight: 400\"><span style=\"font-weight: 400\"><a href=\"https:\/\/blogs.magicjudges.org\/rules\/wp-content\/plugins\/lems-mtg-helper\/lems-mtg-helper-cardfinder.php?find=Druida+ermita%C3%B1o&width=223&height=310\" class=\"jTip\" name=\"\">Druida ermita\u00f1o<\/a><\/span><\/li>\n<li style=\"font-weight: 400\"><span style=\"font-weight: 400\"><a href=\"https:\/\/blogs.magicjudges.org\/rules\/wp-content\/plugins\/lems-mtg-helper\/lems-mtg-helper-cardfinder.php?find=Imperial+Seal&width=223&height=310\" class=\"jTip\" name=\"\">Imperial Seal<\/a><\/span><\/li>\n<li style=\"font-weight: 400\"><span style=\"font-weight: 400\"><a href=\"https:\/\/blogs.magicjudges.org\/rules\/wp-content\/plugins\/lems-mtg-helper\/lems-mtg-helper-cardfinder.php?find=Library+of+Alexandria&width=223&height=310\" class=\"jTip\" name=\"\">Library of Alexandria<\/a><\/span><\/li>\n<li style=\"font-weight: 400\"><span style=\"font-weight: 400\"><a href=\"https:\/\/blogs.magicjudges.org\/rules\/wp-content\/plugins\/lems-mtg-helper\/lems-mtg-helper-cardfinder.php?find=Cripta+de+man%C3%A1&width=223&height=310\" class=\"jTip\" name=\"\">Cripta de man\u00e1<\/a><\/span><\/li>\n<li style=\"font-weight: 400\"><span style=\"font-weight: 400\"><a href=\"https:\/\/blogs.magicjudges.org\/rules\/wp-content\/plugins\/lems-mtg-helper\/lems-mtg-helper-cardfinder.php?find=Mana+Drain&width=223&height=310\" class=\"jTip\" name=\"\">Mana Drain<\/a><\/span><\/li>\n<li style=\"font-weight: 400\"><span style=\"font-weight: 400\"><a href=\"https:\/\/blogs.magicjudges.org\/rules\/wp-content\/plugins\/lems-mtg-helper\/lems-mtg-helper-cardfinder.php?find=Cofre+de+man%C3%A1&width=223&height=310\" class=\"jTip\" name=\"\">Cofre de man\u00e1<\/a><\/span><\/li>\n<li style=\"font-weight: 400\"><span style=\"font-weight: 400\"><a href=\"https:\/\/blogs.magicjudges.org\/rules\/wp-content\/plugins\/lems-mtg-helper\/lems-mtg-helper-cardfinder.php?find=Jarra+del+recuerdo&width=223&height=310\" class=\"jTip\" name=\"\">Jarra del recuerdo<\/a><\/span><\/li>\n<li style=\"font-weight: 400\"><span style=\"font-weight: 400\"><a href=\"https:\/\/blogs.magicjudges.org\/rules\/wp-content\/plugins\/lems-mtg-helper\/lems-mtg-helper-cardfinder.php?find=Tropiezo+mental&width=223&height=310\" class=\"jTip\" name=\"\">Tropiezo mental<\/a><\/span><\/li>\n<li style=\"font-weight: 400\"><span style=\"font-weight: 400\"><a href=\"https:\/\/blogs.magicjudges.org\/rules\/wp-content\/plugins\/lems-mtg-helper\/lems-mtg-helper-cardfinder.php?find=Latigazo+mental&width=223&height=310\" class=\"jTip\" name=\"\">Latigazo mental<\/a><\/span><\/li>\n<li style=\"font-weight: 400\"><span style=\"font-weight: 400\"><a href=\"https:\/\/blogs.magicjudges.org\/rules\/wp-content\/plugins\/lems-mtg-helper\/lems-mtg-helper-cardfinder.php?find=Anhelo+de+la+mente&width=223&height=310\" class=\"jTip\" name=\"\">Anhelo de la mente<\/a><\/span><\/li>\n<li style=\"font-weight: 400\"><span style=\"font-weight: 400\"><a href=\"https:\/\/blogs.magicjudges.org\/rules\/wp-content\/plugins\/lems-mtg-helper\/lems-mtg-helper-cardfinder.php?find=Mishra%E2%80%99s+Workshop&width=223&height=310\" class=\"jTip\" name=\"\">Mishra\u2019s Workshop<\/a><\/span><\/li>\n<li style=\"font-weight: 400\"><span style=\"font-weight: 400\"><a href=\"https:\/\/blogs.magicjudges.org\/rules\/wp-content\/plugins\/lems-mtg-helper\/lems-mtg-helper-cardfinder.php?find=Mox+Emerald&width=223&height=310\" class=\"jTip\" name=\"\">Mox Emerald<\/a><\/span><\/li>\n<li style=\"font-weight: 400\"><span style=\"font-weight: 400\"><a href=\"https:\/\/blogs.magicjudges.org\/rules\/wp-content\/plugins\/lems-mtg-helper\/lems-mtg-helper-cardfinder.php?find=Mox+Jet&width=223&height=310\" class=\"jTip\" name=\"\">Mox Jet<\/a><\/span><\/li>\n<li style=\"font-weight: 400\"><span style=\"font-weight: 400\"><a href=\"https:\/\/blogs.magicjudges.org\/rules\/wp-content\/plugins\/lems-mtg-helper\/lems-mtg-helper-cardfinder.php?find=Mox+Pearl&width=223&height=310\" class=\"jTip\" name=\"\">Mox Pearl<\/a><\/span><\/li>\n<li style=\"font-weight: 400\"><span style=\"font-weight: 400\"><a href=\"https:\/\/blogs.magicjudges.org\/rules\/wp-content\/plugins\/lems-mtg-helper\/lems-mtg-helper-cardfinder.php?find=Mox+Ruby&width=223&height=310\" class=\"jTip\" name=\"\">Mox Ruby<\/a><\/span><\/li>\n<li style=\"font-weight: 400\"><span style=\"font-weight: 400\"><a href=\"https:\/\/blogs.magicjudges.org\/rules\/wp-content\/plugins\/lems-mtg-helper\/lems-mtg-helper-cardfinder.php?find=Mox+Sapphire&width=223&height=310\" class=\"jTip\" name=\"\">Mox Sapphire<\/a><\/span><\/li>\n<li style=\"font-weight: 400\"><span style=\"font-weight: 400\"><a href=\"https:\/\/blogs.magicjudges.org\/rules\/wp-content\/plugins\/lems-mtg-helper\/lems-mtg-helper-cardfinder.php?find=Tutor+m%C3%ADstico&width=223&height=310\" class=\"jTip\" name=\"\">Tutor m\u00edstico<\/a><\/span><\/li>\n<li style=\"font-weight: 400\"><span style=\"font-weight: 400\"><a href=\"https:\/\/blogs.magicjudges.org\/rules\/wp-content\/plugins\/lems-mtg-helper\/lems-mtg-helper-cardfinder.php?find=Necropotencia&width=223&height=310\" class=\"jTip\" name=\"\">Necropotencia<\/a><\/span><\/li>\n<li style=\"font-weight: 400\"><span style=\"font-weight: 400\"><a href=\"https:\/\/blogs.magicjudges.org\/rules\/wp-content\/plugins\/lems-mtg-helper\/lems-mtg-helper-cardfinder.php?find=Juramento+de+druidas&width=223&height=310\" class=\"jTip\" name=\"\">Juramento de druidas<\/a><\/span><\/li>\n<li style=\"font-weight: 400\"><span style=\"font-weight: 400\"><a href=\"https:\/\/blogs.magicjudges.org\/rules\/wp-content\/plugins\/lems-mtg-helper\/lems-mtg-helper-cardfinder.php?find=Trompo+adivinador+del+sensei&width=223&height=310\" class=\"jTip\" name=\"\">Trompo adivinador del sensei<\/a><\/span><\/li>\n<li style=\"font-weight: 400\"><span style=\"font-weight: 400\"><a href=\"https:\/\/blogs.magicjudges.org\/rules\/wp-content\/plugins\/lems-mtg-helper\/lems-mtg-helper-cardfinder.php?find=Shahrazad&width=223&height=310\" class=\"jTip\" name=\"\">Shahrazad<\/a><\/span><\/li>\n<li style=\"font-weight: 400\"><span style=\"font-weight: 400\"><a href=\"https:\/\/blogs.magicjudges.org\/rules\/wp-content\/plugins\/lems-mtg-helper\/lems-mtg-helper-cardfinder.php?find=Engrampacr%C3%A1neos&width=223&height=310\" class=\"jTip\" name=\"\">Engrampacr\u00e1neos<\/a><\/span><\/li>\n<li style=\"font-weight: 400\"><span style=\"font-weight: 400\"><a href=\"https:\/\/blogs.magicjudges.org\/rules\/wp-content\/plugins\/lems-mtg-helper\/lems-mtg-helper-cardfinder.php?find=Anillo+solar&width=223&height=310\" class=\"jTip\" name=\"\">Anillo solar<\/a><\/span><\/li>\n<li style=\"font-weight: 400\"><span style=\"font-weight: 400\"><a href=\"https:\/\/blogs.magicjudges.org\/rules\/wp-content\/plugins\/lems-mtg-helper\/lems-mtg-helper-cardfinder.php?find=Supervivencia+de+los+fuertes&width=223&height=310\" class=\"jTip\" name=\"\">Supervivencia de los fuertes<\/a><\/span><\/li>\n<li style=\"font-weight: 400\"><span style=\"font-weight: 400\"><a href=\"https:\/\/blogs.magicjudges.org\/rules\/wp-content\/plugins\/lems-mtg-helper\/lems-mtg-helper-cardfinder.php?find=Cantera&width=223&height=310\" class=\"jTip\" name=\"\">Cantera<\/a><\/span><\/li>\n<li style=\"font-weight: 400\"><span style=\"font-weight: 400\"><a href=\"https:\/\/blogs.magicjudges.org\/rules\/wp-content\/plugins\/lems-mtg-helper\/lems-mtg-helper-cardfinder.php?find=Time+Vault&width=223&height=310\" class=\"jTip\" name=\"\">Time Vault<\/a><\/span><\/li>\n<li style=\"font-weight: 400\"><span style=\"font-weight: 400\"><a href=\"https:\/\/blogs.magicjudges.org\/rules\/wp-content\/plugins\/lems-mtg-helper\/lems-mtg-helper-cardfinder.php?find=Time+Walk&width=223&height=310\" class=\"jTip\" name=\"\">Time Walk<\/a><\/span><\/li>\n<li style=\"font-weight: 400\"><span style=\"font-weight: 400\"><a href=\"https:\/\/blogs.magicjudges.org\/rules\/wp-content\/plugins\/lems-mtg-helper\/lems-mtg-helper-cardfinder.php?find=Timetwister&width=223&height=310\" class=\"jTip\" name=\"\">Timetwister<\/a><\/span><\/li>\n<li style=\"font-weight: 400\"><span style=\"font-weight: 400\"><a href=\"https:\/\/blogs.magicjudges.org\/rules\/wp-content\/plugins\/lems-mtg-helper\/lems-mtg-helper-cardfinder.php?find=Hojalatera&width=223&height=310\" class=\"jTip\" name=\"\">Hojalatera<\/a><\/span><\/li>\n<li style=\"font-weight: 400\"><span style=\"font-weight: 400\"><a href=\"https:\/\/blogs.magicjudges.org\/rules\/wp-content\/plugins\/lems-mtg-helper\/lems-mtg-helper-cardfinder.php?find=Academia+tolariana&width=223&height=310\" class=\"jTip\" name=\"\">Academia tolariana<\/a><\/span><\/li>\n<li style=\"font-weight: 400\"><span style=\"font-weight: 400\"><a href=\"https:\/\/blogs.magicjudges.org\/rules\/wp-content\/plugins\/lems-mtg-helper\/lems-mtg-helper-cardfinder.php?find=Crucero+del+tesoro&width=223&height=310\" class=\"jTip\" name=\"\">Crucero del tesoro<\/a><\/span><\/li>\n<li style=\"font-weight: 400\"><span style=\"font-weight: 400\"><a href=\"https:\/\/blogs.magicjudges.org\/rules\/wp-content\/plugins\/lems-mtg-helper\/lems-mtg-helper-cardfinder.php?find=Tutor+vamp%C3%ADrico&width=223&height=310\" class=\"jTip\" name=\"\">Tutor vamp\u00edrico<\/a><\/span><\/li>\n<li style=\"font-weight: 400\"><span style=\"font-weight: 400\"><a href=\"https:\/\/blogs.magicjudges.org\/rules\/wp-content\/plugins\/lems-mtg-helper\/lems-mtg-helper-cardfinder.php?find=Rueda+de+la+fortuna&width=223&height=310\" class=\"jTip\" name=\"\">Rueda de la fortuna<\/a><\/span><\/li>\n<li style=\"font-weight: 400\"><span style=\"font-weight: 400\"><a href=\"https:\/\/blogs.magicjudges.org\/rules\/wp-content\/plugins\/lems-mtg-helper\/lems-mtg-helper-cardfinder.php?find=Ganga&width=223&height=310\" class=\"jTip\" name=\"\">Ganga<\/a><\/span><\/li>\n<li style=\"font-weight: 400\"><span style=\"font-weight: 400\"><a href=\"https:\/\/blogs.magicjudges.org\/rules\/wp-content\/plugins\/lems-mtg-helper\/lems-mtg-helper-cardfinder.php?find=Oferta+de+Yawgmoth&width=223&height=310\" class=\"jTip\" name=\"\">Oferta de Yawgmoth<\/a><\/span><\/li>\n<li style=\"font-weight: 400\"><span style=\"font-weight: 400\"><a href=\"https:\/\/blogs.magicjudges.org\/rules\/wp-content\/plugins\/lems-mtg-helper\/lems-mtg-helper-cardfinder.php?find=Voluntad+de+Yawgmoth&width=223&height=310\" class=\"jTip\" name=\"\">Voluntad de Yawgmoth<\/a><\/span><span style=\"font-weight: 400\"><br \/>\n<\/span><\/li>\n<\/ul>\n<p style=\"text-align: justify\">\n","protected":false},"excerpt":{"rendered":"<p>Las barajas de Legacy pueden estar construidas con cartas con todas las ediciones de Magic, adem\u00e1s de las siguientes cartas: , y . Cartas de las expansiones y ediciones especiales (como From the Vault, Magic: The Gathering \u2014 Commander, Duel Decks, Conspiracy, etc.) est\u00e1n permitidas en el formato Legacy desde la fecha de lanzamiento de [&hellip;]<\/p>\n","protected":false},"author":190,"featured_media":0,"parent":0,"menu_order":0,"comment_status":"closed","ping_status":"closed","template":"","meta":{"footnotes":"","_links_to":"","_links_to_target":""},"language":[8],"class_list":["post-5862","page","type-page","status-publish","hentry","language-es"],"_links":{"self":[{"href":"https:\/\/blogs.magicjudges.org\/rules\/wp-json\/wp\/v2\/pages\/5862","targetHints":{"allow":["GET"]}}],"collection":[{"href":"https:\/\/blogs.magicjudges.org\/rules\/wp-json\/wp\/v2\/pages"}],"about":[{"href":"https:\/\/blogs.magicjudges.org\/rules\/wp-json\/wp\/v2\/types\/page"}],"author":[{"embeddable":true,"href":"https:\/\/blogs.magicjudges.org\/rules\/wp-json\/wp\/v2\/users\/190"}],"replies":[{"embeddable":true,"href":"https:\/\/blogs.magicjudges.org\/rules\/wp-json\/wp\/v2\/comments?post=5862"}],"version-history":[{"count":4,"href":"https:\/\/blogs.magicjudges.org\/rules\/wp-json\/wp\/v2\/pages\/5862\/revisions"}],"predecessor-version":[{"id":8457,"href":"https:\/\/blogs.magicjudges.org\/rules\/wp-json\/wp\/v2\/pages\/5862\/revisions\/8457"}],"wp:attachment":[{"href":"https:\/\/blogs.magicjudges.org\/rules\/wp-json\/wp\/v2\/media?parent=5862"}],"wp:term":[{"taxonomy":"language","embeddable":true,"href":"https:\/\/blogs.magicjudges.org\/rules\/wp-json\/wp\/v2\/language?post=5862"}],"curies":[{"name":"wp","href":"https:\/\/api.w.org\/{rel}","templated":true}]}}