{"id":5867,"date":"2017-01-08T02:16:17","date_gmt":"2017-01-07T23:16:17","guid":{"rendered":"http:\/\/blogs.magicjudges.org\/rules\/?page_id=5867"},"modified":"2018-10-03T15:21:33","modified_gmt":"2018-10-03T12:21:33","slug":"mtr7-1-es","status":"publish","type":"page","link":"https:\/\/blogs.magicjudges.org\/rules\/mtr7-1-es\/","title":{"rendered":"MTR 7.1 Restricciones de construcci\u00f3n de mazo"},"content":{"rendered":"<p><span style=\"font-weight: 400\">Los mazos limitados deben contener un m\u00ednimo de cuarenta cartas. Los mazos no tienen un l\u00edmite m\u00e1ximo de cartas. En un torneo Limitado, cualquier carta abierta o seleccionada que un jugador no use en su mazo, forma parte de su sideboard.<\/span><\/p>\n<p><span style=\"font-weight: 400\">Los jugadores no est\u00e1n limitados a usar cuatro copias de una misma carta al jugar en torneos Limitados.<\/span><\/p>\n<p><span style=\"font-weight: 400\"><div class=\"alert alert-info\" role=\"alert\"> <\/span><i><span style=\"font-weight: 400\">Una de las preguntas m\u00e1s frecuentes hechas por jugadores novatos es si tienen permitido jugar con m\u00e1s de cuatro copias de una carta en torneos Limitados. La respuesta es \u00a1s\u00ed! Haz menci\u00f3n de que por supuesto pueden jugar con esas cartas en su mazo principal, o que tienen permitido usar el resto en su sideboard. Una buena idea es comentarle de antemano esto a los jugadores que tengan m\u00e1s de cuatro copias de alguna carta particularmente buena. Esto puede ayudar a \u00a0prevenir potenciales acusaciones de estar haciendo trampa.<\/span><\/i><span style=\"font-weight: 400\"><\/div><\/span><\/p>\n","protected":false},"excerpt":{"rendered":"<p>Los mazos limitados deben contener un m\u00ednimo de cuarenta cartas. Los mazos no tienen un l\u00edmite m\u00e1ximo de cartas. En un torneo Limitado, cualquier carta abierta o seleccionada que un jugador no use en su mazo, forma parte de su sideboard. Los jugadores no est\u00e1n limitados a usar cuatro copias de una misma carta al [&hellip;]<\/p>\n","protected":false},"author":190,"featured_media":0,"parent":0,"menu_order":0,"comment_status":"closed","ping_status":"closed","template":"","meta":{"footnotes":"","_links_to":"","_links_to_target":""},"language":[8],"class_list":["post-5867","page","type-page","status-publish","hentry","language-es"],"_links":{"self":[{"href":"https:\/\/blogs.magicjudges.org\/rules\/wp-json\/wp\/v2\/pages\/5867","targetHints":{"allow":["GET"]}}],"collection":[{"href":"https:\/\/blogs.magicjudges.org\/rules\/wp-json\/wp\/v2\/pages"}],"about":[{"href":"https:\/\/blogs.magicjudges.org\/rules\/wp-json\/wp\/v2\/types\/page"}],"author":[{"embeddable":true,"href":"https:\/\/blogs.magicjudges.org\/rules\/wp-json\/wp\/v2\/users\/190"}],"replies":[{"embeddable":true,"href":"https:\/\/blogs.magicjudges.org\/rules\/wp-json\/wp\/v2\/comments?post=5867"}],"version-history":[{"count":2,"href":"https:\/\/blogs.magicjudges.org\/rules\/wp-json\/wp\/v2\/pages\/5867\/revisions"}],"predecessor-version":[{"id":8407,"href":"https:\/\/blogs.magicjudges.org\/rules\/wp-json\/wp\/v2\/pages\/5867\/revisions\/8407"}],"wp:attachment":[{"href":"https:\/\/blogs.magicjudges.org\/rules\/wp-json\/wp\/v2\/media?parent=5867"}],"wp:term":[{"taxonomy":"language","embeddable":true,"href":"https:\/\/blogs.magicjudges.org\/rules\/wp-json\/wp\/v2\/language?post=5867"}],"curies":[{"name":"wp","href":"https:\/\/api.w.org\/{rel}","templated":true}]}}