{"id":5870,"date":"2017-01-08T02:17:08","date_gmt":"2017-01-07T23:17:08","guid":{"rendered":"http:\/\/blogs.magicjudges.org\/rules\/?page_id=5870"},"modified":"2018-10-03T08:42:10","modified_gmt":"2018-10-03T05:42:10","slug":"mtr7-2-es","status":"publish","type":"page","link":"https:\/\/blogs.magicjudges.org\/rules\/mtr7-2-es\/","title":{"rendered":"MTR 7.2 Uso de cartas en torneos limitados"},"content":{"rendered":"<p><span style=\"font-weight: 400\">Las cartas se deben recibir directo de oficiales de torneo. Este producto debe ser nuevo y no abierto anteriormente. Los torneos de Pro Tour, Grand Prix, World Magic Cup y World Championship pueden entregar sobres abiertos que fueron sellados. Cada jugador (o equipo) debe recibir exactamente la misma cantidad y tipo de producto que todos los otros participantes en el torneo. Por ejemplo, si un jugador recibe tres sobres de <\/span><i><span style=\"font-weight: 400\">Magic Or\u00edgenes<\/span><\/i><span style=\"font-weight: 400\"> para un booster draft, todos los otros jugadores deben tambi\u00e9n recibir tres sobres de <\/span><i><span style=\"font-weight: 400\">Magic Or\u00edgenes<\/span><\/i><span style=\"font-weight: 400\">.<\/span><\/p>\n<p style=\"text-align: justify\">\n<p><span style=\"font-weight: 400\">Solo las cartas de las expansiones de los sobres abiertos (y s\u00f3lo las cartas abiertas en el conjunto de ese jugador) pueden ser usadas en el mazo de un jugador. Las siguientes son excepciones a esta regla:<\/span><\/p>\n<ul>\n<li style=\"font-weight: 400\"><span style=\"font-weight: 400\">Los jugadores pueden agregar cualquier cantidad de cartas llamadas Llanura, Isla, Pantano, Monta\u00f1a o Bosque a sus mazos y sideboards. No pueden agregar cartas de tierra b\u00e1sica nevada (por ejemplo, Bosque nevado, etc.) o cartas de tierra b\u00e1sica Yermos, incluso en formatos en los cuales son legales.<\/span><\/li>\n<li style=\"font-weight: 400\"><span style=\"font-weight: 400\">Las tierras no b\u00e1sicas de las expansiones <\/span><i><span style=\"font-weight: 400\">Regreso a R\u00e1vnica<\/span><\/i><span style=\"font-weight: 400\"> e <\/span><i><span style=\"font-weight: 400\">Intrusi\u00f3n <\/span><\/i><span style=\"font-weight: 400\">est\u00e1n permitidas cuando son abiertas en sobres de <\/span><i><span style=\"font-weight: 400\">Laberinto del Drag\u00f3n<\/span><\/i><span style=\"font-weight: 400\">.<\/span><\/li>\n<li style=\"font-weight: 400\"><span style=\"font-weight: 400\">Las tierras no b\u00e1sicas de la expansi\u00f3n <\/span><i><span style=\"font-weight: 400\">Kans de Tarkir<\/span><\/i><span style=\"font-weight: 400\"> est\u00e1n permitidas cuando son abiertas en sobres de <\/span><i><span style=\"font-weight: 400\">Destino reescrito<\/span><\/i><span style=\"font-weight: 400\">.<\/span><\/li>\n<li style=\"font-weight: 400\"><span style=\"font-weight: 400\">Las tierras no b\u00e1sicas de la colecci\u00f3n <\/span><i><span style=\"font-weight: 400\">Zendikar Expeditions<\/span><\/i><span style=\"font-weight: 400\"> est\u00e1n permitidas cuando son abiertas en sobres de <\/span><i><span style=\"font-weight: 400\">La batalla por Zendikar<\/span><\/i><span style=\"font-weight: 400\"> o <\/span><i><span style=\"font-weight: 400\">El juramento de los Guardianes<\/span><\/i><span style=\"font-weight: 400\">.<\/span><\/li>\n<li style=\"font-weight: 400\"><span style=\"font-weight: 400\">Las cartas de las <\/span><i><span style=\"font-weight: 400\">Masterpiece Series<\/span><\/i><span style=\"font-weight: 400\"> est\u00e1n permitidas cuando son abiertas en sobres asociados con esa serie.<\/span><\/li>\n<li style=\"font-weight: 400\"><span style=\"font-weight: 400\">Los torneos Presentaci\u00f3n pueden tener excepciones adicionales. Estas ser\u00e1n anunciadas como parte de la informaci\u00f3n de la Presentaci\u00f3n.<\/span><\/li>\n<\/ul>\n<p style=\"text-align: justify\">\n<p><span style=\"font-weight: 400\">Los jugadores pueden pedir permiso a un juez para reemplazar una carta con otra versi\u00f3n de la misma carta.<\/span><\/p>\n<p style=\"text-align: justify\">\n<p><span style=\"font-weight: 400\">Como fue designado espec\u00edficamente para juego de varios jugadores, no est\u00e1 permitido usar sobres de <\/span><i><span style=\"font-weight: 400\">Conspiracy <\/span><\/i><span style=\"font-weight: 400\">en torneos oficiales sancionados de formato Limitado (Mazo Cerrado y Booster Draft).<\/span><\/p>\n<p style=\"text-align: justify\">\n<p><span style=\"font-weight: 400\">Se recomiendan 6 sobres por jugador para los torneos de Mazo cerrado individual y 3 sobres por jugador para los torneos Booster Draft individual o Rochester Draft en equipo. Para ver la mezcla de producto recomendada para el bloque actual, referirse al Ap\u00e9ndice D.<\/span><\/p>\n<p style=\"text-align: justify\">\n<p><span style=\"font-weight: 400\">Si el organizador de torneo permite que los jugadores usen su propio producto, ese producto debe ser mezclado con el resto del producto del torneo y distribuido aleatoriamente.<\/span><\/p>\n<p style=\"text-align: justify\">\n<p><span style=\"font-weight: 400\">Si el organizador de torneo no posee cartas de tierra b\u00e1sica adicionales para usar en un torneo limitado, debe anunciarlo antes de la inscripci\u00f3n al torneo. Los organizadores de torneos pueden requerir a los jugadores que devuelvan estas cartas de tierras b\u00e1sica cuando abandonen el torneo. Los jugadores pueden usar sus propias tierras b\u00e1sicas durante los torneos.<\/span><\/p>\n<p><span style=\"font-weight: 400\"><div class=\"alert alert-info\" role=\"alert\"> <\/span><i><span style=\"font-weight: 400\">Aunque no sean sancionados (y hasta ni siquiera clasificados), los torneos de Chaos Draft existen. En un Chaos Draft a los jugadores se les asigna producto en forma aleatoria y no necesariamente todos reciben el mismo producto. Hay que recordar que, si el evento es sancionado, los jugadores deben recibir todos el mismo producto como se mencion\u00f3 arriba.<\/span><\/i><\/p>\n<p style=\"text-align: justify\">\n<p><i><span style=\"font-weight: 400\">Cabe recordar que los jugadores en torneos de Presentaci\u00f3n pueden usar la carta foil promocional que abran, ya que la carta es parte de la misma colecci\u00f3n. Y como un peque\u00f1o recordatorio adicional, las cartas de listado que se abran pueden ser usadas si el jugador abri\u00f3 la carta de dos caras correspondiente tambi\u00e9n.<\/span><\/i><\/p>\n<p style=\"text-align: justify\">\n<p><i><span style=\"font-weight: 400\">Los jugadores pueden pedir permiso para reemplazar una carta con otra versi\u00f3n de la misma carta. A menudo los jugadores pedir\u00e1n por una carta de reemplazo para cartas foil. Aunque no se deber\u00e1 autorizar una carta de reemplazo a menos que la carta abierta est\u00e9 da\u00f1ada, el jugador puede usar una versi\u00f3n equivalente que no sea foil si hay disponibles.<\/span><\/i><\/p>\n<p style=\"text-align: justify\">\n<p><i><span style=\"font-weight: 400\">Los jugadores a menudo tendr\u00e1n razones para preferir usar sus propias tierras b\u00e1sicas. Si bien no suele haber problemas, hay que estar pendiente de las tierras b\u00e1sicas foil que pudieran estar marcadas (curvadas), o las tierras de la colecci\u00f3n Alpha que pueden hacer marcas peculiares en las fundas a lo largo del torneo. Si bien las tierras en s\u00ed mismas est\u00e1n bien, las marcas pueden convertirse en un problema.<\/span><\/i><span style=\"font-weight: 400\"><\/div><\/span><\/p>\n","protected":false},"excerpt":{"rendered":"<p>Las cartas se deben recibir directo de oficiales de torneo. Este producto debe ser nuevo y no abierto anteriormente. Los torneos de Pro Tour, Grand Prix, World Magic Cup y World Championship pueden entregar sobres abiertos que fueron sellados. Cada jugador (o equipo) debe recibir exactamente la misma cantidad y tipo de producto que todos [&hellip;]<\/p>\n","protected":false},"author":190,"featured_media":0,"parent":0,"menu_order":0,"comment_status":"closed","ping_status":"closed","template":"","meta":{"footnotes":"","_links_to":"","_links_to_target":""},"language":[8],"class_list":["post-5870","page","type-page","status-publish","hentry","language-es"],"_links":{"self":[{"href":"https:\/\/blogs.magicjudges.org\/rules\/wp-json\/wp\/v2\/pages\/5870","targetHints":{"allow":["GET"]}}],"collection":[{"href":"https:\/\/blogs.magicjudges.org\/rules\/wp-json\/wp\/v2\/pages"}],"about":[{"href":"https:\/\/blogs.magicjudges.org\/rules\/wp-json\/wp\/v2\/types\/page"}],"author":[{"embeddable":true,"href":"https:\/\/blogs.magicjudges.org\/rules\/wp-json\/wp\/v2\/users\/190"}],"replies":[{"embeddable":true,"href":"https:\/\/blogs.magicjudges.org\/rules\/wp-json\/wp\/v2\/comments?post=5870"}],"version-history":[{"count":3,"href":"https:\/\/blogs.magicjudges.org\/rules\/wp-json\/wp\/v2\/pages\/5870\/revisions"}],"predecessor-version":[{"id":8408,"href":"https:\/\/blogs.magicjudges.org\/rules\/wp-json\/wp\/v2\/pages\/5870\/revisions\/8408"}],"wp:attachment":[{"href":"https:\/\/blogs.magicjudges.org\/rules\/wp-json\/wp\/v2\/media?parent=5870"}],"wp:term":[{"taxonomy":"language","embeddable":true,"href":"https:\/\/blogs.magicjudges.org\/rules\/wp-json\/wp\/v2\/language?post=5870"}],"curies":[{"name":"wp","href":"https:\/\/api.w.org\/{rel}","templated":true}]}}