{"id":5872,"date":"2017-01-08T02:18:08","date_gmt":"2017-01-07T23:18:08","guid":{"rendered":"http:\/\/blogs.magicjudges.org\/rules\/?page_id=5872"},"modified":"2018-10-03T08:43:13","modified_gmt":"2018-10-03T05:43:13","slug":"mtr7-3-es","status":"publish","type":"page","link":"https:\/\/blogs.magicjudges.org\/rules\/mtr7-3-es\/","title":{"rendered":"MTR 7.3 Uso de Sideboard"},"content":{"rendered":"<p><span style=\"font-weight: 400\">Los jugadores que participan de torneos limitados que no usan hojas de registro pueden cambiar libremente la composici\u00f3n de sus mazos entre partidas intercambiando cartas con sus sideboards sin que tengan que devolver el mazo a su configuraci\u00f3n original antes de la pr\u00f3xima partida. El juez principal o el organizador de torneo debe informar a los jugadores si se usa esta opci\u00f3n antes de comenzar la construcci\u00f3n de mazo. Esta opci\u00f3n no se puede usar en torneo Nivel de Imposici\u00f3n de Reglas Competitivo o Profesional.<\/span><\/p>\n<p><span style=\"font-weight: 400\"><div class=\"alert alert-info\" role=\"alert\"> <\/span><i><span style=\"font-weight: 400\">Por defecto los eventos que no tienen lista de baraja funcionan con el m\u00e9todo de construcci\u00f3n continua. Recuerda que en el Nivel de Imposici\u00f3n de Reglas Competitivo y Profesional los eventos deber\u00edan usar lista de baraja y la composici\u00f3n original debe ser restaurada previo al inicio de cada partida.<\/span><\/i><span style=\"font-weight: 400\"><\/div><\/span><\/p>\n<p>&nbsp;<\/p>\n","protected":false},"excerpt":{"rendered":"<p>Los jugadores que participan de torneos limitados que no usan hojas de registro pueden cambiar libremente la composici\u00f3n de sus mazos entre partidas intercambiando cartas con sus sideboards sin que tengan que devolver el mazo a su configuraci\u00f3n original antes de la pr\u00f3xima partida. El juez principal o el organizador de torneo debe informar a [&hellip;]<\/p>\n","protected":false},"author":190,"featured_media":0,"parent":0,"menu_order":0,"comment_status":"closed","ping_status":"closed","template":"","meta":{"footnotes":"","_links_to":"","_links_to_target":""},"language":[8],"class_list":["post-5872","page","type-page","status-publish","hentry","language-es"],"_links":{"self":[{"href":"https:\/\/blogs.magicjudges.org\/rules\/wp-json\/wp\/v2\/pages\/5872","targetHints":{"allow":["GET"]}}],"collection":[{"href":"https:\/\/blogs.magicjudges.org\/rules\/wp-json\/wp\/v2\/pages"}],"about":[{"href":"https:\/\/blogs.magicjudges.org\/rules\/wp-json\/wp\/v2\/types\/page"}],"author":[{"embeddable":true,"href":"https:\/\/blogs.magicjudges.org\/rules\/wp-json\/wp\/v2\/users\/190"}],"replies":[{"embeddable":true,"href":"https:\/\/blogs.magicjudges.org\/rules\/wp-json\/wp\/v2\/comments?post=5872"}],"version-history":[{"count":5,"href":"https:\/\/blogs.magicjudges.org\/rules\/wp-json\/wp\/v2\/pages\/5872\/revisions"}],"predecessor-version":[{"id":8410,"href":"https:\/\/blogs.magicjudges.org\/rules\/wp-json\/wp\/v2\/pages\/5872\/revisions\/8410"}],"wp:attachment":[{"href":"https:\/\/blogs.magicjudges.org\/rules\/wp-json\/wp\/v2\/media?parent=5872"}],"wp:term":[{"taxonomy":"language","embeddable":true,"href":"https:\/\/blogs.magicjudges.org\/rules\/wp-json\/wp\/v2\/language?post=5872"}],"curies":[{"name":"wp","href":"https:\/\/api.w.org\/{rel}","templated":true}]}}