{"id":5876,"date":"2017-01-08T02:21:17","date_gmt":"2017-01-07T23:21:17","guid":{"rendered":"http:\/\/blogs.magicjudges.org\/rules\/?page_id=5876"},"modified":"2017-01-08T02:26:31","modified_gmt":"2017-01-07T23:26:31","slug":"mtr7-4-es","status":"publish","type":"page","link":"https:\/\/blogs.magicjudges.org\/rules\/mtr7-4-es\/","title":{"rendered":"MTR 7.4 Producto anormal"},"content":{"rendered":"<div>Ni Wizards of the Coast ni el Organizador del torneo garantiza una distribuci\u00f3n espec\u00edfica de rareza o frecuencia de cartas en un sobre o paquete de torneo particular. Si un jugador recibe una distribuci\u00f3n de rarezas o frecuencias distinta de lo normal en un sobre o paquete de torneo en particular, el jugador debe llamar a un juez. La decisi\u00f3n de reemplazar, o permitir usar, el producto at\u00edpico, est\u00e1 a cargo del Organizador del torneo y el Juez principal.<\/div>\n<div class=\"alert alert-info\" role=\"alert\"> <em>Aseg\u00farate de consultarlo con el Organizador de Torneo. Entregar producto de reemplazo le cuesta dinero.<\/em><\/p>\n<p><em>Los jugadores deber\u00edan abrir y verificar sus sobres uno a la vez. Se vuelve complicado si alguien pierde o tiene una carta infrecuente adicional y se enteran despu\u00e9s que todos los 6 sobres se han abierto.<\/em><\/p>\n<p><em>Si un jugador pierde una carta, el Juez Principal puede abrir un booster y coger una carta aleatoria de esa rareza para reemplazar la extraviada. Si un jugador tiene una carta adicional, tus opciones son dejarsela, reemplazar el sobre completo o que el jugador a\u00f1ada una carta al azar de la rareza de la carta adicional a su carpeta de cambio. Generalmente lo mejor para minimizar la disrupci\u00f3n al pool es remover una carta.<\/em><\/p>\n<p><em>Tambi\u00e9n es recomendable mencionar que en el pasado Wizard of the Coast ha raramente (\u00bfy de manera no intencional?) puesto producto de una edici\u00f3n pr\u00f3xima o previa en sus sobres. Si esto llega a ocurrir entonces esto tambi\u00e9n caer\u00eda bajo la pol\u00edtica de producto anormal que se ha mencionado aqu\u00ed.<br \/>\n<\/em><\/div>\n","protected":false},"excerpt":{"rendered":"<p>Ni Wizards of the Coast ni el Organizador del torneo garantiza una distribuci\u00f3n espec\u00edfica de rareza o frecuencia de cartas en un sobre o paquete de torneo particular. Si un jugador recibe una distribuci\u00f3n de rarezas o frecuencias distinta de lo normal en un sobre o paquete de torneo en particular, el jugador debe llamar [&hellip;]<\/p>\n","protected":false},"author":190,"featured_media":0,"parent":0,"menu_order":0,"comment_status":"closed","ping_status":"closed","template":"","meta":{"footnotes":"","_links_to":"","_links_to_target":""},"language":[8],"class_list":["post-5876","page","type-page","status-publish","hentry","language-es"],"_links":{"self":[{"href":"https:\/\/blogs.magicjudges.org\/rules\/wp-json\/wp\/v2\/pages\/5876","targetHints":{"allow":["GET"]}}],"collection":[{"href":"https:\/\/blogs.magicjudges.org\/rules\/wp-json\/wp\/v2\/pages"}],"about":[{"href":"https:\/\/blogs.magicjudges.org\/rules\/wp-json\/wp\/v2\/types\/page"}],"author":[{"embeddable":true,"href":"https:\/\/blogs.magicjudges.org\/rules\/wp-json\/wp\/v2\/users\/190"}],"replies":[{"embeddable":true,"href":"https:\/\/blogs.magicjudges.org\/rules\/wp-json\/wp\/v2\/comments?post=5876"}],"version-history":[{"count":1,"href":"https:\/\/blogs.magicjudges.org\/rules\/wp-json\/wp\/v2\/pages\/5876\/revisions"}],"predecessor-version":[{"id":5877,"href":"https:\/\/blogs.magicjudges.org\/rules\/wp-json\/wp\/v2\/pages\/5876\/revisions\/5877"}],"wp:attachment":[{"href":"https:\/\/blogs.magicjudges.org\/rules\/wp-json\/wp\/v2\/media?parent=5876"}],"wp:term":[{"taxonomy":"language","embeddable":true,"href":"https:\/\/blogs.magicjudges.org\/rules\/wp-json\/wp\/v2\/language?post=5876"}],"curies":[{"name":"wp","href":"https:\/\/api.w.org\/{rel}","templated":true}]}}