{"id":5878,"date":"2017-01-08T02:26:30","date_gmt":"2017-01-07T23:26:30","guid":{"rendered":"http:\/\/blogs.magicjudges.org\/rules\/?page_id=5878"},"modified":"2018-10-03T08:44:03","modified_gmt":"2018-10-03T05:44:03","slug":"mtr7-5-es","status":"publish","type":"page","link":"https:\/\/blogs.magicjudges.org\/rules\/mtr7-5-es\/","title":{"rendered":"MTR 7.5 Registo de conjunto de Mazo cerrado"},"content":{"rendered":"<p><span style=\"font-weight: 400\">En los torneos de Mazo Cerrado, el juez principal puede solicitar a los jugadores que realicen un registro del conjunto de Mazo cerrado antes de construir su mazo:<\/span><\/p>\n<ul>\n<li style=\"font-weight: 400\"><span style=\"font-weight: 400\">Cada jugador recibe la cantidad adecuada de sobres. Los sobres deber\u00edan estar marcados de manera de distinguir los que son entregados por el Organizador de torneo de ese torneo.<\/span><\/li>\n<\/ul>\n<p><span style=\"font-weight: 400\"><div class=\"alert alert-info\" role=\"alert\"> <\/span><i><span style=\"font-weight: 400\">Una manera f\u00e1cil y r\u00e1pida para marcar sobres puede ser por uno de los lados con un marcador. Es f\u00e1cil y funciona muy bien en grandes eventos como Grand Prix. Para eventos m\u00e1s peque\u00f1os los Jueces y los Organizadores de Torneo pueden aplicar un toque m\u00e1s personalizado como usar pegatinas para poder identificar de manera m\u00e1s f\u00e1cil que los sobres pertenecen al evento.<\/span><\/i><span style=\"font-weight: 400\"><\/div><\/span><\/p>\n<ul>\n<li style=\"font-weight: 400\"><span style=\"font-weight: 400\">Los jugadores de un lado de la mesa abren sus sobres (Jugador A). El jugador enfrente (Jugador B) observa esto. Ambos jugadores observan y verifican el contenido de esos sobres. Despu\u00e9s de este proceso, las cartas abiertas son puestas boca abajo en una \u00fanica pila cerca del Jugador B.<\/span><\/li>\n<\/ul>\n<p><span style=\"font-weight: 400\"><div class=\"alert alert-info\" role=\"alert\"> <\/span><i><span style=\"font-weight: 400\">Cuando realices los anuncios, es importante que los jugadores sepan quien act\u00faa primero y quien segundo. Una manera sencilla de realizar esto ser\u00eda decirle a los jugadores de un lado de la mesa con relaci\u00f3n a cierto punto, como por ejemplo el escenario principal o el juez principal. Por ejemplo \u201ctodos los jugadores sentados en los lados de la mesa m\u00e1s alejados del escenario principal abrir\u00e1n sus sobres primero y luego le seguir\u00e1n los que se encuentran m\u00e1s cerca\u201d. <\/span><\/i><span style=\"font-weight: 400\"><\/div><\/span><\/p>\n<ul>\n<li style=\"font-weight: 400\"><span style=\"font-weight: 400\">El jugador B abre ahora sus sobres. El jugador A observa. Ambos jugadores observan y verifican el contenido. Despu\u00e9s de este proceso, las cartas abiertas son puestas boca abajo en una \u00fanica pila cerca del Jugador A.<\/span><\/li>\n<li style=\"font-weight: 400\"><span style=\"font-weight: 400\">Luego, el jugador A ordena y registra el contenido del conjunto de cartas del jugador B y viceversa.<\/span><\/li>\n<li style=\"font-weight: 400\"><span style=\"font-weight: 400\">Despu\u00e9s del registro, cada jugador devuelve el conjunto de cartas registradas al jugador que originalmente abri\u00f3 esas cartas.<\/span><\/li>\n<li style=\"font-weight: 400\"><span style=\"font-weight: 400\">Los jugadores construyen y registran sus mazos normalmente.<\/span><\/li>\n<\/ul>\n<p><span style=\"font-weight: 400\"><div class=\"alert alert-info\" role=\"alert\"> <\/span><i><span style=\"font-weight: 400\">Los procedimientos de Intercambio de Mazo Cerrado son t\u00edpicos en los eventos de Nivel de Imposici\u00f3n de Reglas Competitivo, requiriendo lista de mazo y ayudan a que nadie intente ingresar cartas externas a su pool. Permitiendo que otro jugador registre y observe la apertura del pool minimizamos la habilidad de un jugador para ingresar cartas adicionales en secreto. Al sentar a los jugadores de manera aleatoria para esto, que es la norma, ayudamos a prevenir la colusi\u00f3n entre amigos los cuales suelen sentarse juntos normalmente debido a similitud de apellidos.<\/span><\/i><\/p>\n<p><i><span style=\"font-weight: 400\">M\u00e9todos anteriores requer\u00edan m\u00e1s trabajo para aleatorizar los pools que cada jugador obten\u00eda para construir, pero estos nos llevaban a otros problemas. M\u00e1s detalles acerca de las razones para este cambio de m\u00e9todo pueden ser le\u00eddas en<\/span><\/i><a href=\"http:\/\/magic.wizards.com\/en\/articles\/archive\/news\/sealed-pool-procedure-update-starting-gp-sydney-and-gp-madison-2015-10-08\"> <i><span style=\"font-weight: 400\">este art\u00edculo.<\/span><\/i><\/a><\/p>\n<p><i><span style=\"font-weight: 400\">Desde hace alg\u00fan tiempo se le pide a los jugadores que ordenen los pools para facilitar la verificaci\u00f3n. \u00a1Ahora lo hacemos de manera m\u00e1s formal requiriendolo mediante este documento! Puede que no valga nada que algunos jugadores tengan problemas ordenando los pools dentro del tiempo que tengan. Por ende, es conveniente dedicar cualquier recurso disponible para ayudar a esos jugadores y mantener el normal desarrollo del torneo.<\/span><\/i><span style=\"font-weight: 400\"><\/div><\/span><\/p>\n<p style=\"text-align: justify\">\n","protected":false},"excerpt":{"rendered":"<p>En los torneos de Mazo Cerrado, el juez principal puede solicitar a los jugadores que realicen un registro del conjunto de Mazo cerrado antes de construir su mazo: Cada jugador recibe la cantidad adecuada de sobres. Los sobres deber\u00edan estar marcados de manera de distinguir los que son entregados por el Organizador de torneo de [&hellip;]<\/p>\n","protected":false},"author":190,"featured_media":0,"parent":0,"menu_order":0,"comment_status":"closed","ping_status":"closed","template":"","meta":{"footnotes":"","_links_to":"","_links_to_target":""},"language":[8],"class_list":["post-5878","page","type-page","status-publish","hentry","language-es"],"_links":{"self":[{"href":"https:\/\/blogs.magicjudges.org\/rules\/wp-json\/wp\/v2\/pages\/5878","targetHints":{"allow":["GET"]}}],"collection":[{"href":"https:\/\/blogs.magicjudges.org\/rules\/wp-json\/wp\/v2\/pages"}],"about":[{"href":"https:\/\/blogs.magicjudges.org\/rules\/wp-json\/wp\/v2\/types\/page"}],"author":[{"embeddable":true,"href":"https:\/\/blogs.magicjudges.org\/rules\/wp-json\/wp\/v2\/users\/190"}],"replies":[{"embeddable":true,"href":"https:\/\/blogs.magicjudges.org\/rules\/wp-json\/wp\/v2\/comments?post=5878"}],"version-history":[{"count":3,"href":"https:\/\/blogs.magicjudges.org\/rules\/wp-json\/wp\/v2\/pages\/5878\/revisions"}],"predecessor-version":[{"id":8411,"href":"https:\/\/blogs.magicjudges.org\/rules\/wp-json\/wp\/v2\/pages\/5878\/revisions\/8411"}],"wp:attachment":[{"href":"https:\/\/blogs.magicjudges.org\/rules\/wp-json\/wp\/v2\/media?parent=5878"}],"wp:term":[{"taxonomy":"language","embeddable":true,"href":"https:\/\/blogs.magicjudges.org\/rules\/wp-json\/wp\/v2\/language?post=5878"}],"curies":[{"name":"wp","href":"https:\/\/api.w.org\/{rel}","templated":true}]}}