{"id":5880,"date":"2017-01-08T02:28:56","date_gmt":"2017-01-07T23:28:56","guid":{"rendered":"http:\/\/blogs.magicjudges.org\/rules\/?page_id=5880"},"modified":"2018-10-03T08:44:09","modified_gmt":"2018-10-03T05:44:09","slug":"mtr7-6-es","status":"publish","type":"page","link":"https:\/\/blogs.magicjudges.org\/rules\/mtr7-6-es\/","title":{"rendered":"MTR 7.6 Creaci\u00f3n de mesas de draft"},"content":{"rendered":"<p><span style=\"font-weight: 400\">Para los torneos Booster Draft y Rochester Draft en equipo, los jugadores se sientan en c\u00edrculos de draft aleatorios (llamadas mesas de draft) de aproximadamente el mismo tama\u00f1o a indicaci\u00f3n del juez principal. Los oficiales de torneo distribuyen luego grupos id\u00e9nticos de sobres a cada jugador.<\/span><\/p>\n<p><span style=\"font-weight: 400\"><div class=\"alert alert-info\" role=\"alert\"> <\/span><i><span style=\"font-weight: 400\">Las mesas deber\u00edan ser lo m\u00e1s cercanas a 8 que se pueda. De manera general, trata de hacer mesas de 6 u 8 evitando los n\u00fameros impares y as\u00ed prevenir que un jugador tenga ronda libre. T\u00edpicamente, el programa ordenar\u00e1 a los jugadores autom\u00e1ticamente en mesas de estos tama\u00f1os. Las mesas que se generen deber\u00edan ser utilizadas a menos que un error ocurra.<\/span><\/i><span style=\"font-weight: 400\"><\/div><\/span><\/p>\n<p><span style=\"font-weight: 400\">Los jugadores dentro de una mesa s\u00f3lo pueden jugar contra otros jugadores de la mesa. En los torneos de Nivel de Imposici\u00f3n de Reglas Normal, el organizador de torneo puede elegir ignorar esta restricci\u00f3n. Esto debe anunciarse antes que el torneo comience.<\/span><\/p>\n<p><span style=\"font-weight: 400\"><div class=\"alert alert-info\" role=\"alert\"> <\/span><i><span style=\"font-weight: 400\">Generalmente, los jugadores prefieren jugar contra personas de su misma mesa. Recuerda que un jugador que pierde contra alguien de una mesa distinta puede sentir que ha perdido contra fuerzas ajenas a su control.<\/span><\/i><span style=\"font-weight: 400\"><\/div><\/span><\/p>\n","protected":false},"excerpt":{"rendered":"<p>Para los torneos Booster Draft y Rochester Draft en equipo, los jugadores se sientan en c\u00edrculos de draft aleatorios (llamadas mesas de draft) de aproximadamente el mismo tama\u00f1o a indicaci\u00f3n del juez principal. Los oficiales de torneo distribuyen luego grupos id\u00e9nticos de sobres a cada jugador. Los jugadores dentro de una mesa s\u00f3lo pueden jugar [&hellip;]<\/p>\n","protected":false},"author":190,"featured_media":0,"parent":0,"menu_order":0,"comment_status":"closed","ping_status":"closed","template":"","meta":{"footnotes":"","_links_to":"","_links_to_target":""},"language":[8],"class_list":["post-5880","page","type-page","status-publish","hentry","language-es"],"_links":{"self":[{"href":"https:\/\/blogs.magicjudges.org\/rules\/wp-json\/wp\/v2\/pages\/5880","targetHints":{"allow":["GET"]}}],"collection":[{"href":"https:\/\/blogs.magicjudges.org\/rules\/wp-json\/wp\/v2\/pages"}],"about":[{"href":"https:\/\/blogs.magicjudges.org\/rules\/wp-json\/wp\/v2\/types\/page"}],"author":[{"embeddable":true,"href":"https:\/\/blogs.magicjudges.org\/rules\/wp-json\/wp\/v2\/users\/190"}],"replies":[{"embeddable":true,"href":"https:\/\/blogs.magicjudges.org\/rules\/wp-json\/wp\/v2\/comments?post=5880"}],"version-history":[{"count":2,"href":"https:\/\/blogs.magicjudges.org\/rules\/wp-json\/wp\/v2\/pages\/5880\/revisions"}],"predecessor-version":[{"id":8412,"href":"https:\/\/blogs.magicjudges.org\/rules\/wp-json\/wp\/v2\/pages\/5880\/revisions\/8412"}],"wp:attachment":[{"href":"https:\/\/blogs.magicjudges.org\/rules\/wp-json\/wp\/v2\/media?parent=5880"}],"wp:term":[{"taxonomy":"language","embeddable":true,"href":"https:\/\/blogs.magicjudges.org\/rules\/wp-json\/wp\/v2\/language?post=5880"}],"curies":[{"name":"wp","href":"https:\/\/api.w.org\/{rel}","templated":true}]}}