{"id":5882,"date":"2017-01-08T02:33:18","date_gmt":"2017-01-07T23:33:18","guid":{"rendered":"http:\/\/blogs.magicjudges.org\/rules\/?page_id=5882"},"modified":"2018-10-03T08:44:31","modified_gmt":"2018-10-03T05:44:31","slug":"mtr7-7-es","status":"publish","type":"page","link":"https:\/\/blogs.magicjudges.org\/rules\/mtr7-7-es\/","title":{"rendered":"MTR 7.7 Procedimientos de Booster Draft"},"content":{"rendered":"<p><span style=\"font-weight: 400\">Todos los jugadores deben abrir y elegir el mismo tipo de sobre al mismo tiempo. Los jugadores abren sus primer sobre y cuentan las cartas boca abajo, removiendo cartas de ficha, cartas de reglas o cualquier otra carta que no sea de juego. Los jugadores que reciban un n\u00famero anormal de cartas en cualquier momento, deben informar a un juez de inmediato. Despu\u00e9s de tomar el sobre, los jugadores deben quitar y quedarse cualquier carta de tierra b\u00e1sica Llanura, Isla, Pantano, Monta\u00f1a o Bosque y\/o cualquier otra carta que no sea legal para usar en el draft, a menos que el lugar de la tierra b\u00e1sica en el sobre pueda contener cartas seleccionables (como las tierras no b\u00e1sica y las cartas de listado en lugar de la tierra en la <\/span><i><span style=\"font-weight: 400\">Colecci\u00f3n b\u00e1sica 2019<\/span><\/i><span style=\"font-weight: 400\">). Las cartas de tierra b\u00e1sica premium deber\u00edan quedar en el sobre y ser elegidas con las otras cartas. Los jugadores eligen una carta de su sobre actual y luego pasan las cartas restantes boca abajo al jugador de su izquierda hasta que todas las cartas hayan sido seleccionadas. Una vez que un jugador ha sacado una carta del sobre y puesto en el \u00fanico mont\u00f3n boca abajo de cartas elegidas, se considera seleccionada y no se puede regresar al sobre.<\/span><\/p>\n<p><span style=\"font-weight: 400\"><div class=\"alert alert-info\" role=\"alert\"> <\/span><i><span style=\"font-weight: 400\">Los jugadores que cambian de idea pueden causar problemas o ser c\u00f3mplices de alg\u00fan juego de manos. Es una buena idea que los jugadores ubiquen la ayuda\/ficha\/tierra b\u00e1sica boca arriba para evitar que las cartas no tierra sean accidentalmente removidas del sobre.<\/span><\/i><span style=\"font-weight: 400\"><\/div><\/span><\/p>\n<p><span style=\"font-weight: 400\">Los jugadores no pueden mostrar la cara frontal de sus cartas elegidas o el contenido de su sobre actual a otros participantes en el draft, y deben tomar los recaudos razonables para mantener esa informaci\u00f3n fuera de la vista de otros jugadores. No se permite a los jugadores revelar informaci\u00f3n oculta de ning\u00fan tipo a otros participantes del draft relacionadas a su elecci\u00f3n de carta o a lo que quieren que otros elijan. (Excepci\u00f3n: Esto no se aplica a cartas de dos caras, cuyas ambas caras pueden estar mostradas durante un draft).<\/span><\/p>\n<p><span style=\"font-weight: 400\"><div class=\"alert alert-info\" role=\"alert\"> <\/span><i><span style=\"font-weight: 400\">Los drafteadores deber\u00edan sostener sus cartas de tal manera que solo ellos pudieran verlas. Puede que se les necesite recordar mantener sus cartas en posici\u00f3n vertical.<\/span><\/i><\/p>\n<p><i><span style=\"font-weight: 400\">Si un jugador desarrolla un caso de ojos errantes, eso no est\u00e1 bien. Si crees que lo est\u00e1n haciendo para obtener informaci\u00f3n de lo que hay en el siguiente sobre, por favor ret\u00edralos de ese evento.<\/span><\/i><span style=\"font-weight: 400\"><\/div><\/span><\/p>\n<p><span style=\"font-weight: 400\">Los jugadores y equipos no pueden ver sus cartas seleccionadas entre elecciones en eventos de Nivel de Imposici\u00f3n de Reglas Competitivo o Profesional. En torneos de Nivel de Imposici\u00f3n de Reglas Normal, los jugadores pueden ver las cartas que seleccionaron entre elecciones mientras no est\u00e9n sosteniendo otras cartas en su mano al mismo tiempo. El Juez principal puede prohibir esto si lo anuncia antes del primer draft. Entre sobres hay un per\u00edodo de revisi\u00f3n en el cual los jugadores pueden revisar sus elecciones.<\/span><\/p>\n<p><span style=\"font-weight: 400\">Si no se lleva el tiempo del draft, y dos jugadores no quieren realizar una elecci\u00f3n antes que el otro jugador, el jugador m\u00e1s cercano a pasarle el sobre al otro jugador elige primero. Si los jugadores est\u00e1n equidistantes, el jugador con el n\u00famero de posici\u00f3n m\u00e1s bajo elige primero.<\/span><\/p>\n<p><span style=\"font-weight: 400\"><div class=\"alert alert-info\" role=\"alert\"> <\/span><i><span style=\"font-weight: 400\">Aunque los jugadores pueden mirar lo que han elegido en un Nivel de imposici\u00f3n de Reglas Regular, tienen que seguir drafteando a una velocidad adecuada. Por favor inculca en los jugadores que necesitan mantener sus elecciones y sobre separados. A los jugadores se les brinda una cantidad de tiempo espec\u00edfica para examinar lo que han elegido entre cada sobre. Para ver los tiempos puedes revisar el<\/span><\/i><a href=\"http:\/\/blogs.magicjudges.org\/rules\/mtr-appendix-b\/\"> <i><span style=\"font-weight: 400\">Apendice B de las MTR<\/span><\/i><\/a><i><span style=\"font-weight: 400\">.<\/span><\/i><\/p>\n<p><i><span style=\"font-weight: 400\">La \u00faltima parte sobre orden de elecci\u00f3n es para lidiar con cartas de dos caras. Digamos que el jugador 5 est\u00e1 esperando a elegir bas\u00e1ndose en lo que elija el jugador X. Si X est\u00e1 entre 2 y 4, 5 elige primero. Si X est\u00e1 entre 6 y 8, X elige primero. Si X es 1, entonces X elige primero.<\/span><\/i><span style=\"font-weight: 400\"><\/div><\/span><\/p>\n<p><span style=\"font-weight: 400\">Despu\u00e9s de que se seleccion\u00f3 el primer sobre y se termin\u00f3 el per\u00edodo de revisi\u00f3n, los jugadores abren el siguiente sobre y seleccionan cartas de la misma manera, excepto que el orden es invertido, y ahora procede a la derecha. Este proceso se repite, invirtiendo la direcci\u00f3n del draft para cada sobre hasta que todas las cartas en todos los sobres fueron elegidas.<\/span><\/p>\n<p><span style=\"font-weight: 400\">Si un jugador no puede o no quiere elegir una carta, pero quiere permanecer en el torneo, es suspendido del draft y debe construir un mazo con las cartas que haya elegido hasta el momento. Por el resto del draft, se saltan sus selecciones y el draft continua con un jugador menos.<\/span><\/p>\n<p><span style=\"font-weight: 400\"><div class=\"alert alert-info\" role=\"alert\"> <\/span><i><span style=\"font-weight: 400\">Es muy raro ver que se aplique \u201cincapaz o no dispuesto\u201d. Si se descalifica durante un draft, un Oficial de Torneo elegir\u00e1 al azar por quienes lo hayan sido.<\/span><\/i><span style=\"font-weight: 400\"><\/div><\/span><\/p>\n<p style=\"text-align: justify;margin-bottom: 0px\">\n","protected":false},"excerpt":{"rendered":"<p>Todos los jugadores deben abrir y elegir el mismo tipo de sobre al mismo tiempo. Los jugadores abren sus primer sobre y cuentan las cartas boca abajo, removiendo cartas de ficha, cartas de reglas o cualquier otra carta que no sea de juego. Los jugadores que reciban un n\u00famero anormal de cartas en cualquier momento, [&hellip;]<\/p>\n","protected":false},"author":190,"featured_media":0,"parent":0,"menu_order":0,"comment_status":"closed","ping_status":"closed","template":"","meta":{"footnotes":"","_links_to":"","_links_to_target":""},"language":[8],"class_list":["post-5882","page","type-page","status-publish","hentry","language-es"],"_links":{"self":[{"href":"https:\/\/blogs.magicjudges.org\/rules\/wp-json\/wp\/v2\/pages\/5882","targetHints":{"allow":["GET"]}}],"collection":[{"href":"https:\/\/blogs.magicjudges.org\/rules\/wp-json\/wp\/v2\/pages"}],"about":[{"href":"https:\/\/blogs.magicjudges.org\/rules\/wp-json\/wp\/v2\/types\/page"}],"author":[{"embeddable":true,"href":"https:\/\/blogs.magicjudges.org\/rules\/wp-json\/wp\/v2\/users\/190"}],"replies":[{"embeddable":true,"href":"https:\/\/blogs.magicjudges.org\/rules\/wp-json\/wp\/v2\/comments?post=5882"}],"version-history":[{"count":2,"href":"https:\/\/blogs.magicjudges.org\/rules\/wp-json\/wp\/v2\/pages\/5882\/revisions"}],"predecessor-version":[{"id":8413,"href":"https:\/\/blogs.magicjudges.org\/rules\/wp-json\/wp\/v2\/pages\/5882\/revisions\/8413"}],"wp:attachment":[{"href":"https:\/\/blogs.magicjudges.org\/rules\/wp-json\/wp\/v2\/media?parent=5882"}],"wp:term":[{"taxonomy":"language","embeddable":true,"href":"https:\/\/blogs.magicjudges.org\/rules\/wp-json\/wp\/v2\/language?post=5882"}],"curies":[{"name":"wp","href":"https:\/\/api.w.org\/{rel}","templated":true}]}}