{"id":5884,"date":"2017-01-08T02:34:17","date_gmt":"2017-01-07T23:34:17","guid":{"rendered":"http:\/\/blogs.magicjudges.org\/rules\/?page_id=5884"},"modified":"2018-10-03T08:45:12","modified_gmt":"2018-10-03T05:45:12","slug":"mtr8-1-es","status":"publish","type":"page","link":"https:\/\/blogs.magicjudges.org\/rules\/mtr8-1-es\/","title":{"rendered":"MTR 8.1 Nombre de los Equipos"},"content":{"rendered":"<p><span style=\"font-weight: 400\">Wizards of the Coast se reserva el derecho de prohibir cualquier nombre de equipo que considere ofensivo u obsceno. Los oficiales de torneo pueden prohibir cualquier nombre de equipo que pueda considerarse ofensivo u obsceno. <\/span><\/p>\n<p><span style=\"font-weight: 400\"><div class=\"alert alert-info\" role=\"alert\"> <\/span><i><span style=\"font-weight: 400\">Es importante recordar que Wizards of the Coast es el \u00e1rbitro definitivo en lo que respecta a qu\u00e9 es considerado ofensivo. Mientras que ciertos nombres (vamos, sabes a cu\u00e1les nos referimos) son directamente ofensivos, otros pueden tambi\u00e9n ser considerados inaceptables. No te sorprendas si un nombre que sutilmente insulte a jugadores u oficiales del torneo no es aceptado. Del mismo modo, un nombre que promueva a otro juego o competidor tambi\u00e9n puede ser visto como no apto.<\/span><\/i><span style=\"font-weight: 400\"><\/div><\/span><\/p>\n","protected":false},"excerpt":{"rendered":"<p>Wizards of the Coast se reserva el derecho de prohibir cualquier nombre de equipo que considere ofensivo u obsceno. Los oficiales de torneo pueden prohibir cualquier nombre de equipo que pueda considerarse ofensivo u obsceno.<\/p>\n","protected":false},"author":190,"featured_media":0,"parent":0,"menu_order":0,"comment_status":"closed","ping_status":"closed","template":"","meta":{"footnotes":"","_links_to":"","_links_to_target":""},"language":[8],"class_list":["post-5884","page","type-page","status-publish","hentry","language-es"],"_links":{"self":[{"href":"https:\/\/blogs.magicjudges.org\/rules\/wp-json\/wp\/v2\/pages\/5884","targetHints":{"allow":["GET"]}}],"collection":[{"href":"https:\/\/blogs.magicjudges.org\/rules\/wp-json\/wp\/v2\/pages"}],"about":[{"href":"https:\/\/blogs.magicjudges.org\/rules\/wp-json\/wp\/v2\/types\/page"}],"author":[{"embeddable":true,"href":"https:\/\/blogs.magicjudges.org\/rules\/wp-json\/wp\/v2\/users\/190"}],"replies":[{"embeddable":true,"href":"https:\/\/blogs.magicjudges.org\/rules\/wp-json\/wp\/v2\/comments?post=5884"}],"version-history":[{"count":2,"href":"https:\/\/blogs.magicjudges.org\/rules\/wp-json\/wp\/v2\/pages\/5884\/revisions"}],"predecessor-version":[{"id":8414,"href":"https:\/\/blogs.magicjudges.org\/rules\/wp-json\/wp\/v2\/pages\/5884\/revisions\/8414"}],"wp:attachment":[{"href":"https:\/\/blogs.magicjudges.org\/rules\/wp-json\/wp\/v2\/media?parent=5884"}],"wp:term":[{"taxonomy":"language","embeddable":true,"href":"https:\/\/blogs.magicjudges.org\/rules\/wp-json\/wp\/v2\/language?post=5884"}],"curies":[{"name":"wp","href":"https:\/\/api.w.org\/{rel}","templated":true}]}}