{"id":5886,"date":"2017-01-08T02:35:22","date_gmt":"2017-01-07T23:35:22","guid":{"rendered":"http:\/\/blogs.magicjudges.org\/rules\/?page_id=5886"},"modified":"2019-05-21T22:46:41","modified_gmt":"2019-05-21T19:46:41","slug":"mtr8-2-es","status":"publish","type":"page","link":"https:\/\/blogs.magicjudges.org\/rules\/mtr8-2-es\/","title":{"rendered":"MTR 8.2 Composici\u00f3n e identificaci\u00f3n del Equipo"},"content":{"rendered":"<p><span style=\"font-weight: 400\">Un equipo v\u00e1lido consiste en dos o tres miembros, seg\u00fan corresponda con el formato. Un equipo es identificado por los n\u00fameros de membres\u00eda individuales de sus respectivos miembros y todos los equipos deben dar al Organizador de torneo su informaci\u00f3n completa al inscribirse al torneo. Los individuos pueden ser miembros de m\u00e1s de un equipo, pero no durante el mismo torneo. Si un jugador es descalificado del torneo, el equipo completo es descalificado del evento.<\/span><\/p>\n<p><span style=\"font-weight: 400\">Cuando un equipo se registra para un torneo, deben designar las posiciones de los jugadores. Por ejemplo, en un torneo por equipos de tres miembros, cada equipo debe designar qui\u00e9n es el jugador A, jugador B y jugador C. Los jugadores mantienen estas designaciones durante todo el torneo.<\/span><\/p>\n<p><span style=\"font-weight: 400\">Cuando dos equipos se enfrentan durante el curso de un torneo, los miembros de los equipos designados como \u201cjugador A\u201d juegan entre s\u00ed, los miembros de los equipos designados como \u201cjugador B\u201d juegan entre s\u00ed, etc.<\/span><\/p>\n<p><span style=\"font-weight: 400\"><div class=\"alert alert-info\" role=\"alert\"> <\/span><i><span style=\"font-weight: 400\">Los equipos son identificados por los n\u00fameros DCI individuales de cada miembro, lo que significa que, si el nombre del equipo cambia, seguir\u00e1n contando como el mismo equipo para el evento mientras sean las mismas tres personas las que lo conforman. Obviamente, equipos de s\u00f3lo dos miembros no pueden competir, y tampoco est\u00e1 permitido \u201ciniciar con uno menos\u201d como se pregunta habitualmente.<\/span><\/i><\/p>\n<p><i><span style=\"font-weight: 400\">El orden en que se sienta el equipo es menos importante que el hecho de que jueguen con el oponente correcto del equipo contrario. Si el miembro C del equipo quiere sentarse al medio, eso est\u00e1 bien mientras los jugadores C de ambos equipos est\u00e9n sentados en el medio. Los equipos nunca deben mezclarse intencionalmente durante un torneo.<\/span><\/i><span style=\"font-weight: 400\"><\/div><\/span><\/p>\n","protected":false},"excerpt":{"rendered":"<p>Un equipo v\u00e1lido consiste en dos o tres miembros, seg\u00fan corresponda con el formato. Un equipo es identificado por los n\u00fameros de membres\u00eda individuales de sus respectivos miembros y todos los equipos deben dar al Organizador de torneo su informaci\u00f3n completa al inscribirse al torneo. Los individuos pueden ser miembros de m\u00e1s de un equipo, [&hellip;]<\/p>\n","protected":false},"author":190,"featured_media":0,"parent":0,"menu_order":0,"comment_status":"closed","ping_status":"closed","template":"","meta":{"footnotes":"","_links_to":"","_links_to_target":""},"language":[8],"class_list":["post-5886","page","type-page","status-publish","hentry","language-es"],"_links":{"self":[{"href":"https:\/\/blogs.magicjudges.org\/rules\/wp-json\/wp\/v2\/pages\/5886","targetHints":{"allow":["GET"]}}],"collection":[{"href":"https:\/\/blogs.magicjudges.org\/rules\/wp-json\/wp\/v2\/pages"}],"about":[{"href":"https:\/\/blogs.magicjudges.org\/rules\/wp-json\/wp\/v2\/types\/page"}],"author":[{"embeddable":true,"href":"https:\/\/blogs.magicjudges.org\/rules\/wp-json\/wp\/v2\/users\/190"}],"replies":[{"embeddable":true,"href":"https:\/\/blogs.magicjudges.org\/rules\/wp-json\/wp\/v2\/comments?post=5886"}],"version-history":[{"count":3,"href":"https:\/\/blogs.magicjudges.org\/rules\/wp-json\/wp\/v2\/pages\/5886\/revisions"}],"predecessor-version":[{"id":9087,"href":"https:\/\/blogs.magicjudges.org\/rules\/wp-json\/wp\/v2\/pages\/5886\/revisions\/9087"}],"wp:attachment":[{"href":"https:\/\/blogs.magicjudges.org\/rules\/wp-json\/wp\/v2\/media?parent=5886"}],"wp:term":[{"taxonomy":"language","embeddable":true,"href":"https:\/\/blogs.magicjudges.org\/rules\/wp-json\/wp\/v2\/language?post=5886"}],"curies":[{"name":"wp","href":"https:\/\/api.w.org\/{rel}","templated":true}]}}