{"id":5888,"date":"2017-01-08T02:39:04","date_gmt":"2017-01-07T23:39:04","guid":{"rendered":"http:\/\/blogs.magicjudges.org\/rules\/?page_id=5888"},"modified":"2018-10-03T08:45:56","modified_gmt":"2018-10-03T05:45:56","slug":"mtr8-3-es","status":"publish","type":"page","link":"https:\/\/blogs.magicjudges.org\/rules\/mtr8-3-es\/","title":{"rendered":"MTR 8.3 Reglas de comunicaci\u00f3n de equipos"},"content":{"rendered":"<p style=\"text-align: justify;margin-bottom: 0px\">Los compa\u00f1eros de equipo pueden comunicarse entre ellos en todo momento, a menos que dejen el \u00e1rea de juego. Si dejan el \u00e1rea de juego, no pueden regresar hasta que termine la partida.<\/p>\n<p>&nbsp;<\/p>\n","protected":false},"excerpt":{"rendered":"<p>Los compa\u00f1eros de equipo pueden comunicarse entre ellos en todo momento, a menos que dejen el \u00e1rea de juego. Si dejan el \u00e1rea de juego, no pueden regresar hasta que termine la partida. &nbsp;<\/p>\n","protected":false},"author":190,"featured_media":0,"parent":0,"menu_order":0,"comment_status":"closed","ping_status":"closed","template":"","meta":{"footnotes":"","_links_to":"","_links_to_target":""},"language":[8],"class_list":["post-5888","page","type-page","status-publish","hentry","language-es"],"_links":{"self":[{"href":"https:\/\/blogs.magicjudges.org\/rules\/wp-json\/wp\/v2\/pages\/5888","targetHints":{"allow":["GET"]}}],"collection":[{"href":"https:\/\/blogs.magicjudges.org\/rules\/wp-json\/wp\/v2\/pages"}],"about":[{"href":"https:\/\/blogs.magicjudges.org\/rules\/wp-json\/wp\/v2\/types\/page"}],"author":[{"embeddable":true,"href":"https:\/\/blogs.magicjudges.org\/rules\/wp-json\/wp\/v2\/users\/190"}],"replies":[{"embeddable":true,"href":"https:\/\/blogs.magicjudges.org\/rules\/wp-json\/wp\/v2\/comments?post=5888"}],"version-history":[{"count":3,"href":"https:\/\/blogs.magicjudges.org\/rules\/wp-json\/wp\/v2\/pages\/5888\/revisions"}],"predecessor-version":[{"id":8417,"href":"https:\/\/blogs.magicjudges.org\/rules\/wp-json\/wp\/v2\/pages\/5888\/revisions\/8417"}],"wp:attachment":[{"href":"https:\/\/blogs.magicjudges.org\/rules\/wp-json\/wp\/v2\/media?parent=5888"}],"wp:term":[{"taxonomy":"language","embeddable":true,"href":"https:\/\/blogs.magicjudges.org\/rules\/wp-json\/wp\/v2\/language?post=5888"}],"curies":[{"name":"wp","href":"https:\/\/api.w.org\/{rel}","templated":true}]}}