{"id":5890,"date":"2017-01-08T02:40:09","date_gmt":"2017-01-07T23:40:09","guid":{"rendered":"http:\/\/blogs.magicjudges.org\/rules\/?page_id=5890"},"modified":"2019-02-13T08:46:58","modified_gmt":"2019-02-13T05:46:58","slug":"mtr8-4-es","status":"publish","type":"page","link":"https:\/\/blogs.magicjudges.org\/rules\/mtr8-4-es\/","title":{"rendered":"MTR 8.4 Reglas de construcci\u00f3n de Mazo Unificado"},"content":{"rendered":"<p><span style=\"font-weight: 400\">Los torneos construidos en equipo usan las reglas de construcci\u00f3n de mazo unificado: Con excepci\u00f3n de cartas con el supertipo b\u00e1sica, no puede haber dos mazos en un equipo que contengan la misma carta, seg\u00fan su t\u00edtulo en ingl\u00e9s. (Por ejemplo, si un jugador usa <i><a href=\"https:\/\/blogs.magicjudges.org\/rules\/wp-content\/plugins\/lems-mtg-helper\/lems-mtg-helper-cardfinder.php?find=Naturalizar&width=223&height=310\" class=\"jTip\" name=\"\"><\/i>Naturalizar<i><\/a><\/i> en un torneo por equipos Construido, ning\u00fan otro jugador de ese equipo puede usar <i><a href=\"https:\/\/blogs.magicjudges.org\/rules\/wp-content\/plugins\/lems-mtg-helper\/lems-mtg-helper-cardfinder.php?find=Naturalizar&width=223&height=310\" class=\"jTip\" name=\"\"><\/i>Naturalizar<i><\/a><\/i> en su mazo.) Ning\u00fan jugador puede usar cartas que est\u00e1n prohibidas en un determinado formato. Las cartas que sobrepasan las reglas de construcci\u00f3n de mazo (como las <i><a href=\"https:\/\/blogs.magicjudges.org\/rules\/wp-content\/plugins\/lems-mtg-helper\/lems-mtg-helper-cardfinder.php?find=Ratas+implacables&width=223&height=310\" class=\"jTip\" name=\"\"><\/i>Ratas implacables<i><\/a><\/i>) solo pueden sobrepasarlas para un mazo del equipo.<\/span><\/p>\n<p><span style=\"font-weight: 400\">Las reglas de construcci\u00f3n de mazo unificado se aplican s\u00f3lo cuando todos los miembros de un equipo tienen mazos del mismo formato.<\/span><\/p>\n<p><span style=\"font-weight: 400\"><div class=\"alert alert-info\" role=\"alert\"> <\/span><i><span style=\"font-weight: 400\">\u00a1Es importante que noten el cambio aqu\u00ed! Antes de esta actualizaci\u00f3n, ten\u00edamos que la regla de los \u201ccuatro de\u201d se aplicaba a todo el equipo en vez de a un solo mazo. Ahora s\u00f3lo se permite que un \u00fanico jugador utilice cualquier cantidad de copias de una misma carta. Esto hace que la revisi\u00f3n para verificar legalidad sea considerablemente m\u00e1s r\u00e1pido, tanto para los equipos como para los jueces.<\/span><\/i><span style=\"font-weight: 400\"><\/div><\/span><\/p>\n","protected":false},"excerpt":{"rendered":"<p>Los torneos construidos en equipo usan las reglas de construcci\u00f3n de mazo unificado: Con excepci\u00f3n de cartas con el supertipo b\u00e1sica, no puede haber dos mazos en un equipo que contengan la misma carta, seg\u00fan su t\u00edtulo en ingl\u00e9s. (Por ejemplo, si un jugador usa en un torneo por equipos Construido, ning\u00fan otro jugador de [&hellip;]<\/p>\n","protected":false},"author":190,"featured_media":0,"parent":0,"menu_order":0,"comment_status":"closed","ping_status":"closed","template":"","meta":{"footnotes":"","_links_to":"","_links_to_target":""},"language":[8],"class_list":["post-5890","page","type-page","status-publish","hentry","language-es"],"_links":{"self":[{"href":"https:\/\/blogs.magicjudges.org\/rules\/wp-json\/wp\/v2\/pages\/5890","targetHints":{"allow":["GET"]}}],"collection":[{"href":"https:\/\/blogs.magicjudges.org\/rules\/wp-json\/wp\/v2\/pages"}],"about":[{"href":"https:\/\/blogs.magicjudges.org\/rules\/wp-json\/wp\/v2\/types\/page"}],"author":[{"embeddable":true,"href":"https:\/\/blogs.magicjudges.org\/rules\/wp-json\/wp\/v2\/users\/190"}],"replies":[{"embeddable":true,"href":"https:\/\/blogs.magicjudges.org\/rules\/wp-json\/wp\/v2\/comments?post=5890"}],"version-history":[{"count":6,"href":"https:\/\/blogs.magicjudges.org\/rules\/wp-json\/wp\/v2\/pages\/5890\/revisions"}],"predecessor-version":[{"id":8819,"href":"https:\/\/blogs.magicjudges.org\/rules\/wp-json\/wp\/v2\/pages\/5890\/revisions\/8819"}],"wp:attachment":[{"href":"https:\/\/blogs.magicjudges.org\/rules\/wp-json\/wp\/v2\/media?parent=5890"}],"wp:term":[{"taxonomy":"language","embeddable":true,"href":"https:\/\/blogs.magicjudges.org\/rules\/wp-json\/wp\/v2\/language?post=5890"}],"curies":[{"name":"wp","href":"https:\/\/api.w.org\/{rel}","templated":true}]}}