{"id":5893,"date":"2017-01-08T02:41:18","date_gmt":"2017-01-07T23:41:18","guid":{"rendered":"http:\/\/blogs.magicjudges.org\/rules\/?page_id=5893"},"modified":"2018-10-03T08:46:20","modified_gmt":"2018-10-03T05:46:20","slug":"mtr8-5-es","status":"publish","type":"page","link":"https:\/\/blogs.magicjudges.org\/rules\/mtr8-5-es\/","title":{"rendered":"MTR 8.5 Torneos Rochester Draft por equipos"},"content":{"rendered":"<p><span style=\"font-weight: 400\">Los torneos de Rochester Draft por equipos necesitan equipos de tres jugadores cada uno. En cada mesa se sientan dos equipos para el draft. Los miembros de los equipos se sientan en el sentido de las agujas del reloj en orden A-B-C. (Por ejemplo, en un torneo en equipos de tres personas, los jugadores se sientan en la mesa en el sentido de las agujas del reloj en este orden: 1A, 1B, 1C, 2A, 2B, 2C.)<\/span><\/p>\n<p style=\"text-align: justify\">\n<p><span style=\"font-weight: 400\">Un equipo determinado aleatoriamente decide si elige primero o permite que el otro equipo elija primero. El jugador B del equipo que elige primero despliega el primer paquete.<\/span><\/p>\n<p style=\"text-align: justify\">\n<p><span style=\"font-weight: 400\">El draft comienza con el primer jugador que abre su primer sobre y esparce su contenido boca arriba en la mesa seg\u00fan instrucciones de oficiales de torneo, con las cartas mirando hacia \u00e9l. Despu\u00e9s de revisar las cartas, el draft procede con cada jugador eligiendo una carta por turno. Una vez que un jugador eligi\u00f3 una carta y la coloc\u00f3 con sus otras cartas elegidas, no puede elegir otra carta distinta. Si un jugador no elige una carta en el tiempo dado, un oficial del torneo elige para ese jugador la carta m\u00e1s &#8220;vieja&#8221; que quede en el sobre (la carta con m\u00e1s tiempo sobre la mesa).<\/span><\/p>\n<p style=\"text-align: justify\">\n<p><span style=\"font-weight: 400\">El jugador que selecciona primero de las cartas presentadas en la mesa es el jugador activo. El primer jugador activo es el participante que abri\u00f3 el primer sobre del draft, seg\u00fan indicaci\u00f3n de un oficial de torneo. Todos los jugadores en cada mesa de draft ocupan el lugar de jugador activo una vez para cada grupo de sobres. La identidad del jugador activo se mueve en forma de herradura, en el sentido horario para el primer y tercer sobre y en sentido antihorario para el segundo. El jugador que fue el \u00faltimo en abrir un sobre para un grupo es el primero en abrir el sobre para el siguiente grupo.<\/span><\/p>\n<p style=\"text-align: justify\">\n<p><span style=\"font-weight: 400\">El orden de draft tambi\u00e9n se mueve en forma de herradura, en sentido horario para el primer y tercer sobre y en sentido antihorario para el segundo, comenzando con el jugador activo y siguiendo por la mesa hasta el \u00faltimo jugador en el grupo en elegir una carta. El \u00faltimo jugador en el grupo elige dos carta seguidas y luego la selecci\u00f3n contin\u00faa en orden inverso, volviendo hacia el jugador que comenz\u00f3 el draft. Si todav\u00eda quedan cartas, el jugador que comenz\u00f3 la selecci\u00f3n elige dos cartas, y la selecci\u00f3n contin\u00faa nuevamente en la direcci\u00f3n opuesta (esto ocurrir\u00e1 s\u00f3lo con Rochester Draft de 6 o 7 jugadores).<\/span><\/p>\n<p style=\"text-align: justify\">\n<p><i><span style=\"font-weight: 400\">Ejemplo<\/span><\/i><span style=\"font-weight: 400\">: Los equipos 1 y 2 est\u00e1n sentados alrededor de la mesa. Est\u00e1n numerados 1A-1B-1C-2A-2B-2C en el sentido de las agujas del reloj. El equipo 2 gana la tirada de moneda, y los miembros del Equipo 2 deciden que el Equipo 1 seleccione primero. El jugador activo para el primer paquete es el Jugador 1B. El primer sobre para el Jugador 1B es abierto y puesto boca arriba frente al Jugador 1B. Una vez terminado el per\u00edodo de 20 segundos para revisar, el orden del draft es el siguiente:<\/span><\/p>\n<p style=\"text-align: justify\">\n<p><span style=\"font-weight: 400\">Jugador 1B\u2014carta 1<\/span> <span style=\"font-weight: 400\">Jugador 1A\u2014carta 6<\/span> <span style=\"font-weight: 400\">Jugador 1C\u2014carta 11<\/span><\/p>\n<p><span style=\"font-weight: 400\">Jugador 1C\u2014carta 2<\/span> <span style=\"font-weight: 400\">Jugador 1A\u2014carta 7<\/span> <span style=\"font-weight: 400\">Jugador 1B\u2014carta 12<\/span><\/p>\n<p><span style=\"font-weight: 400\">Jugador 2A\u2014carta 3<\/span> <span style=\"font-weight: 400\">Jugador 2C\u2014carta 8<\/span> <span style=\"font-weight: 400\">Jugador 1B\u2014carta 13<\/span><\/p>\n<p><span style=\"font-weight: 400\">Jugador 2B\u2014carta 4<\/span> <span style=\"font-weight: 400\">Jugador 2B\u2014carta 9<\/span> <span style=\"font-weight: 400\">Jugador 1C\u2014carta 14<\/span><\/p>\n<p><span style=\"font-weight: 400\">Jugador 2C\u2014carta 5<\/span> <span style=\"font-weight: 400\">Jugador 2A\u2014carta 10<\/span> <span style=\"font-weight: 400\">Jugador 2A\u2014carta 15<\/span><\/p>\n<p style=\"text-align: justify\">\n<p><span style=\"font-weight: 400\">Durante la selecci\u00f3n, los jugadores deben mostrar siempre la \u00faltima carta que han seleccionado del sobre actual. En todo otro momento, los jugadores pueden dejar una de sus cartas seleccionadas boca arriba en su mont\u00f3n de draft, o pueden dejar todas las cartas boca abajo. Los jugadores no pueden revisar sus selecciones mientras seleccionan o en cualquier momento distinto del indicado por oficiales de torneo.<\/span><\/p>\n","protected":false},"excerpt":{"rendered":"<p>Los torneos de Rochester Draft por equipos necesitan equipos de tres jugadores cada uno. En cada mesa se sientan dos equipos para el draft. Los miembros de los equipos se sientan en el sentido de las agujas del reloj en orden A-B-C. (Por ejemplo, en un torneo en equipos de tres personas, los jugadores se [&hellip;]<\/p>\n","protected":false},"author":190,"featured_media":0,"parent":0,"menu_order":0,"comment_status":"closed","ping_status":"closed","template":"","meta":{"footnotes":"","_links_to":"","_links_to_target":""},"language":[8],"class_list":["post-5893","page","type-page","status-publish","hentry","language-es"],"_links":{"self":[{"href":"https:\/\/blogs.magicjudges.org\/rules\/wp-json\/wp\/v2\/pages\/5893","targetHints":{"allow":["GET"]}}],"collection":[{"href":"https:\/\/blogs.magicjudges.org\/rules\/wp-json\/wp\/v2\/pages"}],"about":[{"href":"https:\/\/blogs.magicjudges.org\/rules\/wp-json\/wp\/v2\/types\/page"}],"author":[{"embeddable":true,"href":"https:\/\/blogs.magicjudges.org\/rules\/wp-json\/wp\/v2\/users\/190"}],"replies":[{"embeddable":true,"href":"https:\/\/blogs.magicjudges.org\/rules\/wp-json\/wp\/v2\/comments?post=5893"}],"version-history":[{"count":4,"href":"https:\/\/blogs.magicjudges.org\/rules\/wp-json\/wp\/v2\/pages\/5893\/revisions"}],"predecessor-version":[{"id":8419,"href":"https:\/\/blogs.magicjudges.org\/rules\/wp-json\/wp\/v2\/pages\/5893\/revisions\/8419"}],"wp:attachment":[{"href":"https:\/\/blogs.magicjudges.org\/rules\/wp-json\/wp\/v2\/media?parent=5893"}],"wp:term":[{"taxonomy":"language","embeddable":true,"href":"https:\/\/blogs.magicjudges.org\/rules\/wp-json\/wp\/v2\/language?post=5893"}],"curies":[{"name":"wp","href":"https:\/\/api.w.org\/{rel}","templated":true}]}}