{"id":5896,"date":"2017-01-08T02:42:36","date_gmt":"2017-01-07T23:42:36","guid":{"rendered":"http:\/\/blogs.magicjudges.org\/rules\/?page_id=5896"},"modified":"2019-02-13T08:53:15","modified_gmt":"2019-02-13T05:53:15","slug":"mtr8-6-es","status":"publish","type":"page","link":"https:\/\/blogs.magicjudges.org\/rules\/mtr8-6-es\/","title":{"rendered":"MTR 8.6 Torneos de Mazo Cerrado por equipos"},"content":{"rendered":"<p><span style=\"font-weight: 400\">Todas las reglas para torneos limitados individuales (secci\u00f3n 7) se aplican a los torneos mazo cerrado por equipo excepto las siguientes.<\/span><\/p>\n<p><span style=\"font-weight: 400\">Cada equipo debe recibir la misma mezcla de producto. Por ejemplo, si un equipo recibe doce sobres de <\/span><i><span style=\"font-weight: 400\">Magic Or\u00edgenes<\/span><\/i><span style=\"font-weight: 400\">, \u00a0todos los equipos deben recibir doce sobres de <\/span><i><span style=\"font-weight: 400\">Magic Or\u00edgenes<\/span><\/i><span style=\"font-weight: 400\">.<\/span><\/p>\n<p><span style=\"font-weight: 400\">Se recomienda que se usen ocho sobres por equipo para los torneos en equipo de dos personas y doce sobres por equipo para los torneos en equipo de tres personas. Para ver la mezcla de producto recomendada para el bloque actual, referirse al <\/span><a href=\"https:\/\/blogs.magicjudges.org\/rules\/mtr-appendix-d-es\/\"><span style=\"font-weight: 400\">Ap\u00e9ndice D<\/span><\/a><span style=\"font-weight: 400\">.<\/span><\/p>\n<p><span style=\"font-weight: 400\">Todas las cartas deben asignarse al mazo o sideboard de un jugador durante la construcci\u00f3n de mazos y no pueden transferirse a otro jugador durante el torneo. (Los jugadores no comparten las cartas de mazo principal y sideboard.) Los jugadores pueden intercambiar cartas en su conjunto en torneos de Nivel de Imposici\u00f3n de Reglas Normal que no usen hojas de registro, pero s\u00f3lo entre rondas.<\/span><\/p>\n<p><span style=\"font-weight: 400\"><div class=\"alert alert-info\" role=\"alert\"> <\/span><i><span style=\"font-weight: 400\">Es altamente preferible que para torneos competitivos se use la mezcla recomendada en el ap\u00e9ndice. De esa forma los jugadores tendr\u00e1n una expectativa razonable del formato a jugar, aunque t\u00e9cnicamente cualquier producto puede ser utilizado dentro de las reglas anteriores. Fuera de los Grand Prix por equipos, eventos competitivos por equipos son poco frecuentes, aunque cuando ocurren se espera que estos sigan las mismas directrices que los torneos individuales.<\/span><\/i><span style=\"font-weight: 400\"><\/div><\/span><\/p>\n","protected":false},"excerpt":{"rendered":"<p>Todas las reglas para torneos limitados individuales (secci\u00f3n 7) se aplican a los torneos mazo cerrado por equipo excepto las siguientes. Cada equipo debe recibir la misma mezcla de producto. Por ejemplo, si un equipo recibe doce sobres de Magic Or\u00edgenes, \u00a0todos los equipos deben recibir doce sobres de Magic Or\u00edgenes. Se recomienda que se [&hellip;]<\/p>\n","protected":false},"author":190,"featured_media":0,"parent":0,"menu_order":0,"comment_status":"closed","ping_status":"closed","template":"","meta":{"footnotes":"","_links_to":"","_links_to_target":""},"language":[8],"class_list":["post-5896","page","type-page","status-publish","hentry","language-es"],"_links":{"self":[{"href":"https:\/\/blogs.magicjudges.org\/rules\/wp-json\/wp\/v2\/pages\/5896","targetHints":{"allow":["GET"]}}],"collection":[{"href":"https:\/\/blogs.magicjudges.org\/rules\/wp-json\/wp\/v2\/pages"}],"about":[{"href":"https:\/\/blogs.magicjudges.org\/rules\/wp-json\/wp\/v2\/types\/page"}],"author":[{"embeddable":true,"href":"https:\/\/blogs.magicjudges.org\/rules\/wp-json\/wp\/v2\/users\/190"}],"replies":[{"embeddable":true,"href":"https:\/\/blogs.magicjudges.org\/rules\/wp-json\/wp\/v2\/comments?post=5896"}],"version-history":[{"count":5,"href":"https:\/\/blogs.magicjudges.org\/rules\/wp-json\/wp\/v2\/pages\/5896\/revisions"}],"predecessor-version":[{"id":8821,"href":"https:\/\/blogs.magicjudges.org\/rules\/wp-json\/wp\/v2\/pages\/5896\/revisions\/8821"}],"wp:attachment":[{"href":"https:\/\/blogs.magicjudges.org\/rules\/wp-json\/wp\/v2\/media?parent=5896"}],"wp:term":[{"taxonomy":"language","embeddable":true,"href":"https:\/\/blogs.magicjudges.org\/rules\/wp-json\/wp\/v2\/language?post=5896"}],"curies":[{"name":"wp","href":"https:\/\/api.w.org\/{rel}","templated":true}]}}