{"id":5904,"date":"2017-01-08T02:48:18","date_gmt":"2017-01-07T23:48:18","guid":{"rendered":"http:\/\/blogs.magicjudges.org\/rules\/?page_id=5904"},"modified":"2018-10-03T08:50:34","modified_gmt":"2018-10-03T05:50:34","slug":"mtr9-4-es","status":"publish","type":"page","link":"https:\/\/blogs.magicjudges.org\/rules\/mtr9-4-es\/","title":{"rendered":"MTR 9.4 Procedimiento pre-juego"},"content":{"rendered":"<p>&nbsp;<\/p>\n<p><span style=\"font-weight: 400\">1- Los jugadores deciden qu\u00e9 compa\u00f1ero de equipo ser\u00e1 el jugador primario y qui\u00e9n el secundario. Los jugadores deber\u00edan sentarse con el jugador primario a la derecha de su compa\u00f1ero de equipo. Los jugadores pueden elegir un jugador primario y secundario distinto antes de cada partida.<\/span><\/p>\n<p><span style=\"font-weight: 400\"><div class=\"alert alert-info\" role=\"alert\"> <\/span><i><span style=\"font-weight: 400\">T\u00e9cnicamente esta regla es muy importante. En la pr\u00e1ctica no lo es tanto. El mayor efecto pr\u00e1ctico es que, si los jugadores no pueden ponerse de acuerdo sobre algo, es el jugador primario quien decide (v\u00e9ase<\/span><\/i><a href=\"http:\/\/blogs.magicjudges.org\/rules\/cr805-es#2\"> <i><span style=\"font-weight: 400\">CR 805.2<\/span><\/i><\/a> <i><span style=\"font-weight: 400\">). Adem\u00e1s se asume que las criaturas atacantes de los oponentes hacen su da\u00f1o de combate al jugador principal del equipo a menos que se especifique lo contrario. Para m\u00e1s detalles consultar la<\/span><\/i><a href=\"http:\/\/blogs.magicjudges.org\/rules\/mtr4-2-es\/\"> <i><span style=\"font-weight: 400\">MTR 4.2<\/span><\/i><\/a><i><span style=\"font-weight: 400\">.<\/span><\/i><span style=\"font-weight: 400\"><\/div><\/span><\/p>\n<p><span style=\"font-weight: 400\">2- Los jugadores barajan sus mazos.<\/span><\/p>\n<p><span style=\"font-weight: 400\"><div class=\"alert alert-info\" role=\"alert\"> <\/span><i><span style=\"font-weight: 400\">Esto significa que cada jugador es responsable de barajar su propio mazo. Esto es consistente con que cada jugador es responsable de manipular sus propias cartas de cualquier manera.<\/span><\/i><span style=\"font-weight: 400\"><\/div><\/span><\/p>\n<p><span style=\"font-weight: 400\">3- Los jugadores presentan sus mazos a sus oponentes para que barajen adicionalmente.<\/span><\/p>\n<p><span style=\"font-weight: 400\"><div class=\"alert alert-info\" role=\"alert\"> <\/span><i><span style=\"font-weight: 400\">Tal como en los juegos individuales, se insta a que los oponentes barajen los mazos presentados de sus oponentes para desincentivar el hacer trampa y tambi\u00e9n favorecer la aleatoriedad de las cartas barajadas.<\/span><\/i><span style=\"font-weight: 400\"><\/div><\/span><\/p>\n<p><span style=\"font-weight: 400\">4- El equipo designado debe decidir si juega primero o segundo en este momento, si no lo hizo hasta ahora (ver la secci\u00f3n <\/span><a href=\"https:\/\/blogs.magicjudges.org\/rules\/mtr9-3-es\/\"><span style=\"font-weight: 400\">9.3<\/span><\/a><span style=\"font-weight: 400\">).<\/span><\/p>\n<p><span style=\"font-weight: 400\">5- Cada jugador roba 7 cartas. Opcionalmente, estas cartas pueden separarse boca abajo sobre la mesa.<\/span><\/p>\n<p><span style=\"font-weight: 400\"><div class=\"alert alert-info\" role=\"alert\"> <\/span><i><span style=\"font-weight: 400\">Se repite esta regla para que el lector no tenga que buscarla en otro alg\u00fan lugar. Esperamos que esta regla no sea una sorpresa para nadie. La instrucci\u00f3n de separar las cartas boca abajo sobre la mesa ayuda a evitar que el jugador robe cartas extra.<\/span><\/i><span style=\"font-weight: 400\"><\/div><\/span><\/p>\n<p><span style=\"font-weight: 400\">6- Cada jugador, en orden del turno, decide si realiza un mulligan o no. (Las reglas sobre mulligans para Gigante de dos cabezas se pueden encontrar en las Reglas Completas de <\/span><b>Magic<\/b><span style=\"font-weight: 400\">,<\/span><a href=\"http:\/\/blogs.magicjudges.org\/rules\/cr103-es#4c\"> <span style=\"font-weight: 400\">regla 103.4c<\/span><\/a><span style=\"font-weight: 400\">).<\/span><\/p>\n<p><span style=\"font-weight: 400\"><div class=\"alert alert-info\" role=\"alert\"> <\/span><i><span style=\"font-weight: 400\">Las reglas completas cubren esto, pero es una lectura bastante larga. La<\/span><\/i><a href=\"http:\/\/blogs.magicjudges.org\/rules\/cr103-es#4d\"> <i><span style=\"font-weight: 400\">regla 103.4d<\/span><\/i><\/a><i><span style=\"font-weight: 400\"> tambi\u00e9n es importante en c\u00f3mo se llevan a cabo los mulligans en Gigante de dos cabezas. Un ejemplo de c\u00f3mo funciona es muy \u00fatil. Veamos c\u00f3mo estos dos equipos llevan a cabo sus mulligans:<\/span><\/i><\/p>\n<p><i><span style=\"font-weight: 400\">-Alicia y Alberto ganaron el lanzamiento del dado y eligen comenzar. Miran sus siete cartas, y a Alicia no le gusta lo que rob\u00f3, pero Alberto est\u00e1 conforme y dice que se queda con esa mano. Alicia comienza a barajar su mano en su biblioteca.<\/span><\/i><\/p>\n<p><i><span style=\"font-weight: 400\">-Natalia y Nicol\u00e1s miran sus siete cartas iniciales y deciden hacer mulligan los dos. Ambos barajan sus manos en sus respectivas bibliotecas, y luego Alicia, Natalia y Nicol\u00e1s roban 7 nuevas cartas.<\/span><\/i><\/p>\n<p><i><span style=\"font-weight: 400\">-Alicia est\u00e1 conforme con sus nuevas siete cartas y declara que se queda con ellas, pero Natalia y Nicol\u00e1s deciden que ambos har\u00e1n mulligan. En ese momento Alberto se percata que tambi\u00e9n debi\u00f3 haber hecho mulligan, pero ya es demasiado tarde y debe quedarse con las cartas que decidi\u00f3 conservar originalmente.<\/span><\/i><\/p>\n<p><i><span style=\"font-weight: 400\">-Natalia y Nicol\u00e1s miran cada uno sus manos de seis cartas y declaran que est\u00e1n conformes con ellas. Los mulligans de ambos equipos han conclu\u00eddo.<\/span><\/i><\/p>\n<p><i><span style=\"font-weight: 400\">Noten que el \u201csiete\u201d descrito en el ejemplo de arriba no es un error. \u00a1Se debe recordar que en formatos multijugadores el primer mulligan es gratis! (es decir, el primer mulligan se realiza sin robar una carta menos).<\/span><\/i><span style=\"font-weight: 400\"><\/div><\/span><\/p>\n<p><span style=\"font-weight: 400\">Una vez que los jugadores completaron sus mulligan, el juego puede comenzar.<\/span><\/p>\n<p>&nbsp;<\/p>\n","protected":false},"excerpt":{"rendered":"<p>&nbsp; 1- Los jugadores deciden qu\u00e9 compa\u00f1ero de equipo ser\u00e1 el jugador primario y qui\u00e9n el secundario. Los jugadores deber\u00edan sentarse con el jugador primario a la derecha de su compa\u00f1ero de equipo. Los jugadores pueden elegir un jugador primario y secundario distinto antes de cada partida. 2- Los jugadores barajan sus mazos. 3- Los [&hellip;]<\/p>\n","protected":false},"author":190,"featured_media":0,"parent":0,"menu_order":0,"comment_status":"closed","ping_status":"closed","template":"","meta":{"footnotes":"","_links_to":"","_links_to_target":""},"language":[8],"class_list":["post-5904","page","type-page","status-publish","hentry","language-es"],"_links":{"self":[{"href":"https:\/\/blogs.magicjudges.org\/rules\/wp-json\/wp\/v2\/pages\/5904","targetHints":{"allow":["GET"]}}],"collection":[{"href":"https:\/\/blogs.magicjudges.org\/rules\/wp-json\/wp\/v2\/pages"}],"about":[{"href":"https:\/\/blogs.magicjudges.org\/rules\/wp-json\/wp\/v2\/types\/page"}],"author":[{"embeddable":true,"href":"https:\/\/blogs.magicjudges.org\/rules\/wp-json\/wp\/v2\/users\/190"}],"replies":[{"embeddable":true,"href":"https:\/\/blogs.magicjudges.org\/rules\/wp-json\/wp\/v2\/comments?post=5904"}],"version-history":[{"count":3,"href":"https:\/\/blogs.magicjudges.org\/rules\/wp-json\/wp\/v2\/pages\/5904\/revisions"}],"predecessor-version":[{"id":8426,"href":"https:\/\/blogs.magicjudges.org\/rules\/wp-json\/wp\/v2\/pages\/5904\/revisions\/8426"}],"wp:attachment":[{"href":"https:\/\/blogs.magicjudges.org\/rules\/wp-json\/wp\/v2\/media?parent=5904"}],"wp:term":[{"taxonomy":"language","embeddable":true,"href":"https:\/\/blogs.magicjudges.org\/rules\/wp-json\/wp\/v2\/language?post=5904"}],"curies":[{"name":"wp","href":"https:\/\/api.w.org\/{rel}","templated":true}]}}