{"id":5906,"date":"2017-01-08T02:49:23","date_gmt":"2017-01-07T23:49:23","guid":{"rendered":"http:\/\/blogs.magicjudges.org\/rules\/?page_id=5906"},"modified":"2018-10-03T08:50:46","modified_gmt":"2018-10-03T05:50:46","slug":"mtr9-5-es","status":"publish","type":"page","link":"https:\/\/blogs.magicjudges.org\/rules\/mtr9-5-es\/","title":{"rendered":"MTR 9.5 Reglas de Gigante de dos cabezas construido"},"content":{"rendered":"<p><span style=\"font-weight: 400\">Los torneos construidos de Gigante de dos cabezas usan las reglas de construcci\u00f3n de mazo unificado (ver<\/span><a href=\"http:\/\/blogs.magicjudges.org\/rules\/mtr8-4-es\/\"> <span style=\"font-weight: 400\">secci\u00f3n 8.4<\/span><\/a><span style=\"font-weight: 400\">).<\/span><\/p>\n<p><span style=\"font-weight: 400\">Adem\u00e1s de las cartas prohibidas para un determinado formato, las siguientes cartas est\u00e1n prohibidas en TODOS los torneos Construidos de Gigante de dos cabezas (Vintage, Legacy, Modern y Bloque Construido):<\/span><\/p>\n<ul>\n<li style=\"font-weight: 400\"><span style=\"font-weight: 400\"><a href=\"https:\/\/blogs.magicjudges.org\/rules\/wp-content\/plugins\/lems-mtg-helper\/lems-mtg-helper-cardfinder.php?find=Erayo%2C+Soratami+Ascendant&width=223&height=310\" class=\"jTip\" name=\"\">Erayo, Soratami Ascendant<\/a><\/span><\/li>\n<\/ul>\n<p><span style=\"font-weight: 400\">No se permiten sideboards en los torneos construidos de Gigante de dos cabezas.<\/span><\/p>\n<p><span style=\"font-weight: 400\"><div class=\"alert alert-info\" role=\"alert\"> <\/span><i><span style=\"font-weight: 400\">Los sideboards no est\u00e1n permitidos porque en Gigante de dos cabezas las rondas son de un solo juego. Mientras esto impacta en la usabilidad de cartas como <a href=\"https:\/\/blogs.magicjudges.org\/rules\/wp-content\/plugins\/lems-mtg-helper\/lems-mtg-helper-cardfinder.php?find=Living+Wish&width=223&height=310\" class=\"jTip\" name=\"\">Living Wish<\/a>, esto es una p\u00e9rdida aceptable. Adem\u00e1s recordar que el formato para Gigante de dos cabezas ser\u00e1 el formato definido para el torneo (Modern, Standard, Vintage, etc.), y por lo tanto estar\u00e1 sujeto a las restricciones respectivas para la construcci\u00f3n de los mazos. Adicionalmente, Erayo est\u00e1 prohibido, sin importar el formato.<\/span><\/i><span style=\"font-weight: 400\"><\/div><\/span><\/p>\n<p style=\"text-align: justify\">\n","protected":false},"excerpt":{"rendered":"<p>Los torneos construidos de Gigante de dos cabezas usan las reglas de construcci\u00f3n de mazo unificado (ver secci\u00f3n 8.4). Adem\u00e1s de las cartas prohibidas para un determinado formato, las siguientes cartas est\u00e1n prohibidas en TODOS los torneos Construidos de Gigante de dos cabezas (Vintage, Legacy, Modern y Bloque Construido): No se permiten sideboards en los [&hellip;]<\/p>\n","protected":false},"author":190,"featured_media":0,"parent":0,"menu_order":0,"comment_status":"closed","ping_status":"closed","template":"","meta":{"footnotes":"","_links_to":"","_links_to_target":""},"language":[8],"class_list":["post-5906","page","type-page","status-publish","hentry","language-es"],"_links":{"self":[{"href":"https:\/\/blogs.magicjudges.org\/rules\/wp-json\/wp\/v2\/pages\/5906","targetHints":{"allow":["GET"]}}],"collection":[{"href":"https:\/\/blogs.magicjudges.org\/rules\/wp-json\/wp\/v2\/pages"}],"about":[{"href":"https:\/\/blogs.magicjudges.org\/rules\/wp-json\/wp\/v2\/types\/page"}],"author":[{"embeddable":true,"href":"https:\/\/blogs.magicjudges.org\/rules\/wp-json\/wp\/v2\/users\/190"}],"replies":[{"embeddable":true,"href":"https:\/\/blogs.magicjudges.org\/rules\/wp-json\/wp\/v2\/comments?post=5906"}],"version-history":[{"count":3,"href":"https:\/\/blogs.magicjudges.org\/rules\/wp-json\/wp\/v2\/pages\/5906\/revisions"}],"predecessor-version":[{"id":8427,"href":"https:\/\/blogs.magicjudges.org\/rules\/wp-json\/wp\/v2\/pages\/5906\/revisions\/8427"}],"wp:attachment":[{"href":"https:\/\/blogs.magicjudges.org\/rules\/wp-json\/wp\/v2\/media?parent=5906"}],"wp:term":[{"taxonomy":"language","embeddable":true,"href":"https:\/\/blogs.magicjudges.org\/rules\/wp-json\/wp\/v2\/language?post=5906"}],"curies":[{"name":"wp","href":"https:\/\/api.w.org\/{rel}","templated":true}]}}