{"id":5911,"date":"2017-01-08T02:52:34","date_gmt":"2017-01-07T23:52:34","guid":{"rendered":"http:\/\/blogs.magicjudges.org\/rules\/?page_id=5911"},"modified":"2018-10-03T08:51:03","modified_gmt":"2018-10-03T05:51:03","slug":"mtr9-7-es","status":"publish","type":"page","link":"https:\/\/blogs.magicjudges.org\/rules\/mtr9-7-es\/","title":{"rendered":"MTR 9.7 Torneos Booster Draft Gigante de dos cabezas"},"content":{"rendered":"<p><span style=\"font-weight: 400\">Los equipos (no los jugadores) se sientan en c\u00edrculos de draft aleatorios (llamadas mesas de draft) de aproximadamente el mismo tama\u00f1o a indicaci\u00f3n del juez principal. Los compa\u00f1eros de equipo se sientan juntos. Los oficiales de torneo distribuyen luego grupos id\u00e9nticos de sobres a cada equipo en la mesa.<\/span><\/p>\n<p><span style=\"font-weight: 400\">Despu\u00e9s de abrir y contar las cartas del primer sobre, el equipo elige dos cartas del sobre y luego pasa las restantes boca abajo al equipo a su izquierda. Las cartas elegidas pueden colocarse en uno o dos montones. Las cartas elegidas no son asignadas a un jugador en particular; son parte del conjunto de cartas a partir del cual ambos jugadores construir\u00e1n sus mazos. Los sobres abiertos se pasan alrededor de la mesa, cada equipo tomando dos cartas antes de pasarlo, hasta que todas las cartas fueron elegidas.<\/span><\/p>\n<p><span style=\"font-weight: 400\">Para el segundo sobre, se invierte la direcci\u00f3n del draft normalmente. Por lo tanto, la direcci\u00f3n del draft ser\u00e1 izquierda-derecha-izquierda-derecha-izquierda-derecha.<\/span><\/p>\n<p><span style=\"font-weight: 400\"><div class=\"alert alert-info\" role=\"alert\"> <\/span><i><span style=\"font-weight: 400\">Lo ideal aqu\u00ed es que el tama\u00f1o de las mesas sean comparables a una mesa t\u00edpica de draft. Esto es entre seis y ocho jugadores por mesa. Esto significa entre tres y cuatro equipos por mesa de draft. \u00a1Bajo ninguna circunstancia tengas de seis a ocho equipos por mesa!<\/span><\/i><\/p>\n<p><i><span style=\"font-weight: 400\">Tambi\u00e9n recuerda que durante el draft es normalmente un momento en que no se puede hablar. Para Gigante de dos cabezas esta es una excepci\u00f3n. A los jugadores de un mismo equipo se les est\u00e1 permitido comunicarse y ayudarse entre ellos (ya que est\u00e1n escogiendo cartas juntos, como un equipo).<\/span><\/i><span style=\"font-weight: 400\"><\/div><\/span><\/p>\n<p style=\"text-align: justify\">\n","protected":false},"excerpt":{"rendered":"<p>Los equipos (no los jugadores) se sientan en c\u00edrculos de draft aleatorios (llamadas mesas de draft) de aproximadamente el mismo tama\u00f1o a indicaci\u00f3n del juez principal. Los compa\u00f1eros de equipo se sientan juntos. Los oficiales de torneo distribuyen luego grupos id\u00e9nticos de sobres a cada equipo en la mesa. Despu\u00e9s de abrir y contar las [&hellip;]<\/p>\n","protected":false},"author":190,"featured_media":0,"parent":0,"menu_order":0,"comment_status":"closed","ping_status":"closed","template":"","meta":{"footnotes":"","_links_to":"","_links_to_target":""},"language":[8],"class_list":["post-5911","page","type-page","status-publish","hentry","language-es"],"_links":{"self":[{"href":"https:\/\/blogs.magicjudges.org\/rules\/wp-json\/wp\/v2\/pages\/5911","targetHints":{"allow":["GET"]}}],"collection":[{"href":"https:\/\/blogs.magicjudges.org\/rules\/wp-json\/wp\/v2\/pages"}],"about":[{"href":"https:\/\/blogs.magicjudges.org\/rules\/wp-json\/wp\/v2\/types\/page"}],"author":[{"embeddable":true,"href":"https:\/\/blogs.magicjudges.org\/rules\/wp-json\/wp\/v2\/users\/190"}],"replies":[{"embeddable":true,"href":"https:\/\/blogs.magicjudges.org\/rules\/wp-json\/wp\/v2\/comments?post=5911"}],"version-history":[{"count":3,"href":"https:\/\/blogs.magicjudges.org\/rules\/wp-json\/wp\/v2\/pages\/5911\/revisions"}],"predecessor-version":[{"id":8429,"href":"https:\/\/blogs.magicjudges.org\/rules\/wp-json\/wp\/v2\/pages\/5911\/revisions\/8429"}],"wp:attachment":[{"href":"https:\/\/blogs.magicjudges.org\/rules\/wp-json\/wp\/v2\/media?parent=5911"}],"wp:term":[{"taxonomy":"language","embeddable":true,"href":"https:\/\/blogs.magicjudges.org\/rules\/wp-json\/wp\/v2\/language?post=5911"}],"curies":[{"name":"wp","href":"https:\/\/api.w.org\/{rel}","templated":true}]}}