{"id":5913,"date":"2017-01-08T02:54:31","date_gmt":"2017-01-07T23:54:31","guid":{"rendered":"http:\/\/blogs.magicjudges.org\/rules\/?page_id=5913"},"modified":"2018-10-03T08:51:51","modified_gmt":"2018-10-03T05:51:51","slug":"mtr10-1-es","status":"publish","type":"page","link":"https:\/\/blogs.magicjudges.org\/rules\/mtr10-1-es\/","title":{"rendered":"MTR 10.1 M\u00ednimos de participaci\u00f3n"},"content":{"rendered":"<p><span style=\"font-weight: 400\">Los m\u00ednimos de participaci\u00f3n para que un torneo oficial sea sancionado por la DCI son los siguientes:<\/span><\/p>\n<ul>\n<li style=\"font-weight: 400\"><span style=\"font-weight: 400\">Para torneos individuales, debe participar un m\u00ednimo de ocho (8) jugadores.<\/span><\/li>\n<li style=\"font-weight: 400\"><span style=\"font-weight: 400\">Para torneos en equipo o Gigante de dos cabezas, debe participar un m\u00ednimo de cuatro (4) equipos.<\/span><\/li>\n<\/ul>\n<p><span style=\"font-weight: 400\">Si no se alcanza un m\u00ednimo de participaci\u00f3n, el torneo no se considera sancionado por la DCI y no otorgar\u00e1 Puntos Planeswalker. Si no se alcanzan los m\u00ednimos de participaci\u00f3n en un torneo sancionado, el organizador del torneo debe reportarlo como \u201cNo realizado\u201d.<\/span><\/p>\n","protected":false},"excerpt":{"rendered":"<p>Los m\u00ednimos de participaci\u00f3n para que un torneo oficial sea sancionado por la DCI son los siguientes: Para torneos individuales, debe participar un m\u00ednimo de ocho (8) jugadores. Para torneos en equipo o Gigante de dos cabezas, debe participar un m\u00ednimo de cuatro (4) equipos. Si no se alcanza un m\u00ednimo de participaci\u00f3n, el torneo [&hellip;]<\/p>\n","protected":false},"author":190,"featured_media":0,"parent":0,"menu_order":0,"comment_status":"closed","ping_status":"closed","template":"","meta":{"footnotes":"","_links_to":"","_links_to_target":""},"language":[8],"class_list":["post-5913","page","type-page","status-publish","hentry","language-es"],"_links":{"self":[{"href":"https:\/\/blogs.magicjudges.org\/rules\/wp-json\/wp\/v2\/pages\/5913","targetHints":{"allow":["GET"]}}],"collection":[{"href":"https:\/\/blogs.magicjudges.org\/rules\/wp-json\/wp\/v2\/pages"}],"about":[{"href":"https:\/\/blogs.magicjudges.org\/rules\/wp-json\/wp\/v2\/types\/page"}],"author":[{"embeddable":true,"href":"https:\/\/blogs.magicjudges.org\/rules\/wp-json\/wp\/v2\/users\/190"}],"replies":[{"embeddable":true,"href":"https:\/\/blogs.magicjudges.org\/rules\/wp-json\/wp\/v2\/comments?post=5913"}],"version-history":[{"count":3,"href":"https:\/\/blogs.magicjudges.org\/rules\/wp-json\/wp\/v2\/pages\/5913\/revisions"}],"predecessor-version":[{"id":8430,"href":"https:\/\/blogs.magicjudges.org\/rules\/wp-json\/wp\/v2\/pages\/5913\/revisions\/8430"}],"wp:attachment":[{"href":"https:\/\/blogs.magicjudges.org\/rules\/wp-json\/wp\/v2\/media?parent=5913"}],"wp:term":[{"taxonomy":"language","embeddable":true,"href":"https:\/\/blogs.magicjudges.org\/rules\/wp-json\/wp\/v2\/language?post=5913"}],"curies":[{"name":"wp","href":"https:\/\/api.w.org\/{rel}","templated":true}]}}