{"id":5916,"date":"2017-01-08T02:55:35","date_gmt":"2017-01-07T23:55:35","guid":{"rendered":"http:\/\/blogs.magicjudges.org\/rules\/?page_id=5916"},"modified":"2018-10-03T08:52:16","modified_gmt":"2018-10-03T05:52:16","slug":"mtr10-2-es","status":"publish","type":"page","link":"https:\/\/blogs.magicjudges.org\/rules\/mtr10-2-es\/","title":{"rendered":"MTR 10.2 Cantidad de rondas"},"content":{"rendered":"<p><span style=\"font-weight: 400\">El n\u00famero m\u00ednimo de rondas necesarias para que un torneo sea sancionado como torneo oficial son las siguientes:<\/span><\/p>\n<ul>\n<li style=\"font-weight: 400\"><span style=\"font-weight: 400\">Para los torneos individuales, un m\u00ednimo de tres (3) rondas.<\/span><\/li>\n<li style=\"font-weight: 400\"><span style=\"font-weight: 400\">Para los torneos en equipo y de Gigante de dos cabezas, el m\u00ednimo es de dos (2) rondas.<\/span><\/li>\n<\/ul>\n<p><span style=\"font-weight: 400\">Si no se cumple el m\u00ednimo de rondas, el torneo no se considera sancionado por la DCI y no otorgar\u00e1 Puntos Planeswalker. Si no se cumple el m\u00ednimo de rondas en un torneo oficial sancionado por la DCI, el organizador del torneo debe reportarlo como \u201cNo realizado\u201d.<\/span><\/p>\n<p><span style=\"font-weight: 400\">La cantidad de rondas debe anunciarse antes o al comienzo de la primera ronda; una vez anunciada, no puede cambiarse. Se puede anunciar una cantidad variable de rondas, con un criterio espec\u00edfico para terminar el torneo. Por ejemplo, un torneo con 20 jugadores puede anunciarse con cinco rondas a menos que un solo jugador tenga cuatro victorias de partida despu\u00e9s de cuatro rondas.<\/span><\/p>\n<p><span style=\"font-weight: 400\">La cantidad recomendada de rondas para los torneos suizos se puede encontrar en el<\/span>\u00a0<a href=\"http:\/\/blogs.magicjudges.org\/rules\/mtr-appendix-e-es\/\">Ap\u00e9ndice E<\/a>.<\/p>\n","protected":false},"excerpt":{"rendered":"<p>El n\u00famero m\u00ednimo de rondas necesarias para que un torneo sea sancionado como torneo oficial son las siguientes: Para los torneos individuales, un m\u00ednimo de tres (3) rondas. Para los torneos en equipo y de Gigante de dos cabezas, el m\u00ednimo es de dos (2) rondas. Si no se cumple el m\u00ednimo de rondas, el [&hellip;]<\/p>\n","protected":false},"author":190,"featured_media":0,"parent":0,"menu_order":0,"comment_status":"closed","ping_status":"closed","template":"","meta":{"footnotes":"","_links_to":"","_links_to_target":""},"language":[8],"class_list":["post-5916","page","type-page","status-publish","hentry","language-es"],"_links":{"self":[{"href":"https:\/\/blogs.magicjudges.org\/rules\/wp-json\/wp\/v2\/pages\/5916","targetHints":{"allow":["GET"]}}],"collection":[{"href":"https:\/\/blogs.magicjudges.org\/rules\/wp-json\/wp\/v2\/pages"}],"about":[{"href":"https:\/\/blogs.magicjudges.org\/rules\/wp-json\/wp\/v2\/types\/page"}],"author":[{"embeddable":true,"href":"https:\/\/blogs.magicjudges.org\/rules\/wp-json\/wp\/v2\/users\/190"}],"replies":[{"embeddable":true,"href":"https:\/\/blogs.magicjudges.org\/rules\/wp-json\/wp\/v2\/comments?post=5916"}],"version-history":[{"count":2,"href":"https:\/\/blogs.magicjudges.org\/rules\/wp-json\/wp\/v2\/pages\/5916\/revisions"}],"predecessor-version":[{"id":8431,"href":"https:\/\/blogs.magicjudges.org\/rules\/wp-json\/wp\/v2\/pages\/5916\/revisions\/8431"}],"wp:attachment":[{"href":"https:\/\/blogs.magicjudges.org\/rules\/wp-json\/wp\/v2\/media?parent=5916"}],"wp:term":[{"taxonomy":"language","embeddable":true,"href":"https:\/\/blogs.magicjudges.org\/rules\/wp-json\/wp\/v2\/language?post=5916"}],"curies":[{"name":"wp","href":"https:\/\/api.w.org\/{rel}","templated":true}]}}