{"id":5918,"date":"2017-01-08T02:56:48","date_gmt":"2017-01-07T23:56:48","guid":{"rendered":"http:\/\/blogs.magicjudges.org\/rules\/?page_id=5918"},"modified":"2018-10-03T08:52:49","modified_gmt":"2018-10-03T05:52:49","slug":"mtr10-3-es","status":"publish","type":"page","link":"https:\/\/blogs.magicjudges.org\/rules\/mtr10-3-es\/","title":{"rendered":"MTR 10.3 Torneos s\u00f3lo por invitaci\u00f3n"},"content":{"rendered":"<p style=\"text-align: justify\">Los torneos s\u00f3lo por invitaci\u00f3n tienen criterios de clasificaci\u00f3n adicionales para la participaci\u00f3n de jugadores. La lista de invitaci\u00f3n para los torneos Premier est\u00e1 definida en el documenton <a href=\"http:\/\/wpn.wizards.com\/en\/document\/magic-premier-event-invitation-policy\"><strong>Magic: The Gathering<\/strong> Premier Event Invitation Policy<\/a>.<span style=\"font-weight: 400\">\u00a0Los Organizadores de torneos pueden realizar y sancionar torneos no premier solo por invitaci\u00f3n siempre que est\u00e9n sancionados como WPN Premium Event.<\/span><\/p>\n","protected":false},"excerpt":{"rendered":"<p>Los torneos s\u00f3lo por invitaci\u00f3n tienen criterios de clasificaci\u00f3n adicionales para la participaci\u00f3n de jugadores. La lista de invitaci\u00f3n para los torneos Premier est\u00e1 definida en el documenton Magic: The Gathering Premier Event Invitation Policy.\u00a0Los Organizadores de torneos pueden realizar y sancionar torneos no premier solo por invitaci\u00f3n siempre que est\u00e9n sancionados como WPN Premium [&hellip;]<\/p>\n","protected":false},"author":190,"featured_media":0,"parent":0,"menu_order":0,"comment_status":"closed","ping_status":"closed","template":"","meta":{"footnotes":"","_links_to":"","_links_to_target":""},"language":[8],"class_list":["post-5918","page","type-page","status-publish","hentry","language-es"],"_links":{"self":[{"href":"https:\/\/blogs.magicjudges.org\/rules\/wp-json\/wp\/v2\/pages\/5918","targetHints":{"allow":["GET"]}}],"collection":[{"href":"https:\/\/blogs.magicjudges.org\/rules\/wp-json\/wp\/v2\/pages"}],"about":[{"href":"https:\/\/blogs.magicjudges.org\/rules\/wp-json\/wp\/v2\/types\/page"}],"author":[{"embeddable":true,"href":"https:\/\/blogs.magicjudges.org\/rules\/wp-json\/wp\/v2\/users\/190"}],"replies":[{"embeddable":true,"href":"https:\/\/blogs.magicjudges.org\/rules\/wp-json\/wp\/v2\/comments?post=5918"}],"version-history":[{"count":2,"href":"https:\/\/blogs.magicjudges.org\/rules\/wp-json\/wp\/v2\/pages\/5918\/revisions"}],"predecessor-version":[{"id":8432,"href":"https:\/\/blogs.magicjudges.org\/rules\/wp-json\/wp\/v2\/pages\/5918\/revisions\/8432"}],"wp:attachment":[{"href":"https:\/\/blogs.magicjudges.org\/rules\/wp-json\/wp\/v2\/media?parent=5918"}],"wp:term":[{"taxonomy":"language","embeddable":true,"href":"https:\/\/blogs.magicjudges.org\/rules\/wp-json\/wp\/v2\/language?post=5918"}],"curies":[{"name":"wp","href":"https:\/\/api.w.org\/{rel}","templated":true}]}}