{"id":5920,"date":"2017-01-08T02:58:01","date_gmt":"2017-01-07T23:58:01","guid":{"rendered":"http:\/\/blogs.magicjudges.org\/rules\/?page_id=5920"},"modified":"2017-02-15T23:11:14","modified_gmt":"2017-02-15T20:11:14","slug":"mtr10-4-es","status":"publish","type":"page","link":"https:\/\/blogs.magicjudges.org\/rules\/mtr10-4-es\/","title":{"rendered":"MTR 10.4 Algoritmo de emparejamiento"},"content":{"rendered":"<p style=\"text-align: justify\">A menos que se anuncie lo contrario, se asume que los torneos siguen el algoritmo de emparejamiento suizo. Algunos torneos pueden continuar con unas rondas de eliminaci\u00f3n simple entre los mejores 2, 4 u 8 (u otro n\u00famero) jugadores despu\u00e9s de que terminan las rondas suizas. El algoritmo de parejas suizas est\u00e1 modificado para los torneos Booster Draft tal como se explica en la <a href=\"http:\/\/blogs.magicjudges.org\/rules\/mtr7-6-es\/\">secci\u00f3n 7.6<\/a>.<\/p>\n<p style=\"text-align: justify\">Para los torneos Construidos que tienen rondas de eliminaci\u00f3n simple (o torneos mazo cerrado que no usan booster draft en la eliminaci\u00f3n), el m\u00e9todo de emparejamiento recomendado es emparejar a los jugadores por las posiciones finales del suizo.<\/p>\n<p style=\"text-align: justify\">Para una eliminaci\u00f3n de 8 jugadores, el 1er lugar juega contra el 8vo, el 2do lugar juega contra el 7mo, el 3er lugar juega contra el 6to y el 4to lugar juega contra el 5to. Los ganadores de las partidas de 1ro\/8vo lugar y 4to\/5to lugar juegan entre ellos en la siguiente ronda de eliminaci\u00f3n. Los ganadores de las partidas de 2do\/7mo lugar y 3ro\/6to lugar juegan entre ellos en la siguiente ronda de eliminaci\u00f3n. Los jugadores restantes juegan en la \u00faltima ronda de eliminatoria.<\/p>\n<p style=\"text-align: justify\"><img loading=\"lazy\" decoding=\"async\" class=\"aligncenter size-full wp-image-403\" src=\"http:\/\/blogs.magicjudges.org\/rules\/files\/2015\/10\/T8Const.jpg\" alt=\"T8Const\" width=\"226\" height=\"180\" \/><br \/>\nPara una eliminaci\u00f3n de 4 jugadores, el 1er lugar juega contra el 4to, el 2do lugar juega contra el 3ro. Los jugadores restantes juegan en la \u00faltima ronda de eliminatoria.<\/p>\n<p style=\"text-align: justify\"><img loading=\"lazy\" decoding=\"async\" class=\"aligncenter size-full wp-image-404\" src=\"http:\/\/blogs.magicjudges.org\/rules\/files\/2015\/10\/T4Const.jpg\" alt=\"T4Const\" width=\"170\" height=\"83\" \/><br \/>\nPara los torneos Limitados que tienen una eliminatoria booster draft, se recomienda solo una eliminatoria de 8 jugadores usando el m\u00e9todo descripto aqu\u00ed abajo.<\/p>\n<p style=\"text-align: justify\">Usa un m\u00e9todo aleatorio para sentar a los jugadores en la mesa de draft y realizar el draft.<\/p>\n<p style=\"text-align: justify\"><img loading=\"lazy\" decoding=\"async\" class=\"aligncenter size-full wp-image-405\" src=\"http:\/\/blogs.magicjudges.org\/rules\/files\/2015\/10\/DraftSeating.jpg\" alt=\"DraftSeating\" width=\"144\" height=\"144\" \/><\/p>\n<p style=\"text-align: justify\">Una vez terminado el draft, el jugador en la posici\u00f3n 1 juega contra el jugador en la posici\u00f3n 5, el jugador en la posici\u00f3n 2 juega contra el jugador en la posici\u00f3n 6, el jugador en la posici\u00f3n 3 juega contra el jugador en la posici\u00f3n 7 y el jugador en la posici\u00f3n 4 juega contra el jugador en la posici\u00f3n 8. Los ganadores de las partidas de los asientos 1\/5 y 3\/7 juegan entre ellos en la siguiente ronda de eliminaci\u00f3n. Los ganadores de las partidas de los asientos 2\/6 y 4\/8 juegan entre ellos en la siguiente ronda de eliminaci\u00f3n. Los jugadores restantes juegan en la \u00faltima ronda de eliminatoria.<\/p>\n<p style=\"text-align: justify\"><img loading=\"lazy\" decoding=\"async\" class=\"aligncenter size-full wp-image-406\" src=\"http:\/\/blogs.magicjudges.org\/rules\/files\/2015\/10\/T8Draft.jpg\" alt=\"T8Draft\" width=\"226\" height=\"180\" \/><br \/>\nPara los Eventos Premier, las opciones mencionadas son requeridas, no opcionales.<\/p>\n<p style=\"text-align: justify\">Los Eventos Premier incluyen los siguientes torneos:  <strong>Magic: The Gathering<\/strong> World Championship, World <strong>Magic <\/strong>Cup, World <strong>Magic <\/strong>Cup Qualifiers, World <strong>Magic <\/strong>Cup Qualifier Last Chance Qualifiers, Pro Tour, Regional Pro Tour Qualifiers, Regional Last Chance Qualifiers, Preliminary Pro Tour Qualifiers, Grand Prix, Grand Prix Trials, WPN Premium Tournaments, and WPN Premium Qualifiers, Super Sunday Series Championship, Super Sunday Series Qualifiers.<\/p>\n","protected":false},"excerpt":{"rendered":"<p>A menos que se anuncie lo contrario, se asume que los torneos siguen el algoritmo de emparejamiento suizo. Algunos torneos pueden continuar con unas rondas de eliminaci\u00f3n simple entre los mejores 2, 4 u 8 (u otro n\u00famero) jugadores despu\u00e9s de que terminan las rondas suizas. El algoritmo de parejas suizas est\u00e1 modificado para los [&hellip;]<\/p>\n","protected":false},"author":190,"featured_media":0,"parent":0,"menu_order":0,"comment_status":"closed","ping_status":"closed","template":"","meta":{"footnotes":"","_links_to":"","_links_to_target":""},"language":[8],"class_list":["post-5920","page","type-page","status-publish","hentry","language-es"],"_links":{"self":[{"href":"https:\/\/blogs.magicjudges.org\/rules\/wp-json\/wp\/v2\/pages\/5920","targetHints":{"allow":["GET"]}}],"collection":[{"href":"https:\/\/blogs.magicjudges.org\/rules\/wp-json\/wp\/v2\/pages"}],"about":[{"href":"https:\/\/blogs.magicjudges.org\/rules\/wp-json\/wp\/v2\/types\/page"}],"author":[{"embeddable":true,"href":"https:\/\/blogs.magicjudges.org\/rules\/wp-json\/wp\/v2\/users\/190"}],"replies":[{"embeddable":true,"href":"https:\/\/blogs.magicjudges.org\/rules\/wp-json\/wp\/v2\/comments?post=5920"}],"version-history":[{"count":2,"href":"https:\/\/blogs.magicjudges.org\/rules\/wp-json\/wp\/v2\/pages\/5920\/revisions"}],"predecessor-version":[{"id":6387,"href":"https:\/\/blogs.magicjudges.org\/rules\/wp-json\/wp\/v2\/pages\/5920\/revisions\/6387"}],"wp:attachment":[{"href":"https:\/\/blogs.magicjudges.org\/rules\/wp-json\/wp\/v2\/media?parent=5920"}],"wp:term":[{"taxonomy":"language","embeddable":true,"href":"https:\/\/blogs.magicjudges.org\/rules\/wp-json\/wp\/v2\/language?post=5920"}],"curies":[{"name":"wp","href":"https:\/\/api.w.org\/{rel}","templated":true}]}}