{"id":5922,"date":"2017-01-08T03:00:52","date_gmt":"2017-01-08T00:00:52","guid":{"rendered":"http:\/\/blogs.magicjudges.org\/rules\/?page_id=5922"},"modified":"2019-02-13T08:54:07","modified_gmt":"2019-02-13T05:54:07","slug":"mtr-appendix-a-es","status":"publish","type":"page","link":"https:\/\/blogs.magicjudges.org\/rules\/mtr-appendix-a-es\/","title":{"rendered":"MTR Ap\u00e9ndice A: Cambios desde versiones anteriores"},"content":{"rendered":"<p><span style=\"font-weight: 400\">S\u00f3lo los cambios de la versi\u00f3n actual y la versi\u00f3n anterior de este documento se muestran en este ap\u00e9ndice.<\/span><\/p>\n<p><b>lunes, 21 de enero de 2019<\/b><\/p>\n<p><b>General:<\/b><span style=\"font-weight: 400\"> Se agregaron, borraron o modificaron los nombres de eventos seg\u00fan correspondiera.<\/span><\/p>\n<p><b>Introduction:<\/b><span style=\"font-weight: 400\"> Las actualizaciones programadas suceder\u00e1n los lunes despu\u00e9s de los torneos Presentaci\u00f3n.<\/span><\/p>\n<p><b>2.5:<\/b><span style=\"font-weight: 400\"> Si se termina el tiempo de ronda despu\u00e9s de que un jugador pasa el turno, es el turno 0 del oponente.<\/span><\/p>\n<p><b>2.7:<\/b><span style=\"font-weight: 400\"> Las hojas de registro ahora se comparten en los Top 8 de formatos limitados de ciertos eventos premier.<\/span><\/p>\n<p><b>4.4:<\/b><span style=\"font-weight: 400\"> Se agregaron lineamientos para manejar c\u00f3mo se mantienen ciertas repeticiones.<\/span><\/p>\n<p><b>5.2:<\/b><span style=\"font-weight: 400\"> Ya no es obligatorio reportar el Soborno a un oficial de torneo. Incitar a un soborno est\u00e1 prohibido.<\/span><\/p>\n<p><b>6.4:<\/b><span style=\"font-weight: 400\"> 1 carta prohibida.<\/span><\/p>\n<p><b>8.4: <\/b><span style=\"font-weight: 400\">Se actualiz\u00f3 el texto para aclarar que el uso del sideboard solo sucede entre rondas.<\/span><\/p>\n<p>&nbsp;<\/p>\n<p><b>5 de octubre de 2018<\/b><\/p>\n<p><b>General:<\/b><span style=\"font-weight: 400\"> Se estandariza el t\u00e9rmino en ingl\u00e9s deck \u201cconstruction\u201d (contra deck \u201cbuilding\u201d). No hay cambios en espa\u00f1ol.<\/span><\/p>\n<p><b>1.4:<\/b><span style=\"font-weight: 400\"> Ahora se permiten torneos restringidos por edad en NIR Normal.<\/span><\/p>\n<p><b>2.3:<\/b><span style=\"font-weight: 400\"> Se aclara el proceso de mulligan.<\/span><\/p>\n<p><b>3.4:<\/b><span style=\"font-weight: 400\"> Se aclara la explicaci\u00f3n de cu\u00e1ndo se puede hacer una carta de reemplazo para una carta de listado.<\/span><\/p>\n<p><b>3.7: <\/b><i><span style=\"font-weight: 400\">Se agrega La lealtad de R\u00e1vnica<\/span><\/i><span style=\"font-weight: 400\">.<\/span><\/p>\n<p><b>4.2:<\/b><span style=\"font-weight: 400\"> Un cambio no funcional para mejorar la claridad de un atajo de torneo.<\/span><\/p>\n<p><b>4.2:<\/b><span style=\"font-weight: 400\"> Escrutar se maneja del mismo modo que Adivinar.<\/span><\/p>\n<p><b>4.8:<\/b><span style=\"font-weight: 400\"> La nueva secci\u00f3n le ofrece una gu\u00eda a los jueces sobre cu\u00e1ndo es aceptable permitir revertir de decisi\u00f3n.<\/span><\/p>\n<p><b>6.3: <\/b><i><span style=\"font-weight: 400\">Se agrega La lealtad de R\u00e1vnica<\/span><\/i><span style=\"font-weight: 400\">.<\/span><\/p>\n<p><b>6.4: <\/b><i><span style=\"font-weight: 400\">Se agrega La lealtad de R\u00e1vnica<\/span><\/i><span style=\"font-weight: 400\">.<\/span><\/p>\n<p><b>8.4:<\/b><span style=\"font-weight: 400\"> Solo un mazo de Construido unificado puede jugar cartas que especifican que se puede usar cualquier cantidad en un mazo (por ejemplo, las Ratas implacables).<\/span><\/p>\n<p><b>Ap\u00e9ndice D: <\/b><i><span style=\"font-weight: 400\">Se agrega La lealtad de R\u00e1vnica<\/span><\/i><span style=\"font-weight: 400\">.<\/span><\/p>\n<p><b>Ap\u00e9ndice F:<\/b><span style=\"font-weight: 400\"> Se elimina la referencia a posibles NIR alternativos para Grand Prix Trials.<\/span><\/p>\n","protected":false},"excerpt":{"rendered":"<p>S\u00f3lo los cambios de la versi\u00f3n actual y la versi\u00f3n anterior de este documento se muestran en este ap\u00e9ndice. lunes, 21 de enero de 2019 General: Se agregaron, borraron o modificaron los nombres de eventos seg\u00fan correspondiera. Introduction: Las actualizaciones programadas suceder\u00e1n los lunes despu\u00e9s de los torneos Presentaci\u00f3n. 2.5: Si se termina el tiempo [&hellip;]<\/p>\n","protected":false},"author":190,"featured_media":0,"parent":0,"menu_order":0,"comment_status":"closed","ping_status":"closed","template":"","meta":{"footnotes":"","_links_to":"","_links_to_target":""},"language":[8],"class_list":["post-5922","page","type-page","status-publish","hentry","language-es"],"_links":{"self":[{"href":"https:\/\/blogs.magicjudges.org\/rules\/wp-json\/wp\/v2\/pages\/5922","targetHints":{"allow":["GET"]}}],"collection":[{"href":"https:\/\/blogs.magicjudges.org\/rules\/wp-json\/wp\/v2\/pages"}],"about":[{"href":"https:\/\/blogs.magicjudges.org\/rules\/wp-json\/wp\/v2\/types\/page"}],"author":[{"embeddable":true,"href":"https:\/\/blogs.magicjudges.org\/rules\/wp-json\/wp\/v2\/users\/190"}],"replies":[{"embeddable":true,"href":"https:\/\/blogs.magicjudges.org\/rules\/wp-json\/wp\/v2\/comments?post=5922"}],"version-history":[{"count":5,"href":"https:\/\/blogs.magicjudges.org\/rules\/wp-json\/wp\/v2\/pages\/5922\/revisions"}],"predecessor-version":[{"id":8822,"href":"https:\/\/blogs.magicjudges.org\/rules\/wp-json\/wp\/v2\/pages\/5922\/revisions\/8822"}],"wp:attachment":[{"href":"https:\/\/blogs.magicjudges.org\/rules\/wp-json\/wp\/v2\/media?parent=5922"}],"wp:term":[{"taxonomy":"language","embeddable":true,"href":"https:\/\/blogs.magicjudges.org\/rules\/wp-json\/wp\/v2\/language?post=5922"}],"curies":[{"name":"wp","href":"https:\/\/api.w.org\/{rel}","templated":true}]}}