{"id":5924,"date":"2017-01-08T03:04:05","date_gmt":"2017-01-08T00:04:05","guid":{"rendered":"http:\/\/blogs.magicjudges.org\/rules\/?page_id=5924"},"modified":"2018-10-03T08:54:06","modified_gmt":"2018-10-03T05:54:06","slug":"mtr-appendix-b-es","status":"publish","type":"page","link":"https:\/\/blogs.magicjudges.org\/rules\/mtr-appendix-b-es\/","title":{"rendered":"MTR Ap\u00e9ndice B: L\u00edmites de tiempo"},"content":{"rendered":"<p><span style=\"font-weight: 400\">El tiempo m\u00ednimo <\/span><b>requerido<\/b><span style=\"font-weight: 400\"> para cualquier partida es 40 minutos.<\/span><\/p>\n<p><span style=\"font-weight: 400\">Los siguientes son los l\u00edmites de tiempo <\/span><b>recomendados<\/b><span style=\"font-weight: 400\"> para cada ronda de un torneo:<\/span><\/p>\n<ul>\n<li style=\"font-weight: 400\"><span style=\"font-weight: 400\">Torneos Construidos y Limitados\u201450 minutos.<\/span><\/li>\n<li style=\"font-weight: 400\"><span style=\"font-weight: 400\">Partidas de cuartos de final o semifinales de eliminaci\u00f3n simple\u201490 minutos<\/span><\/li>\n<li style=\"font-weight: 400\"><span style=\"font-weight: 400\">Partidas de finales de eliminaci\u00f3n simple\u2014sin l\u00edmite de tiempo<\/span><\/li>\n<\/ul>\n<p><span style=\"font-weight: 400\">Se <\/span><b>recomienda<\/b><span style=\"font-weight: 400\"> los siguientes l\u00edmites de tiempo adicionales para torneos Limitados:<\/span><\/p>\n<ul>\n<li style=\"font-weight: 400\"><span style=\"font-weight: 400\">Mazo Cerrado\u201420 minutos para registro de mazos y 30 minutos para construcci\u00f3n de mazos Para los eventos mazo cerrado que ocurren durante el fin de semana del lanzamiento de una nueva colecci\u00f3n, se recomienda dar unos 15 minutos adicionales para construcci\u00f3n de mazo.<\/span><\/li>\n<li style=\"font-weight: 400\"><span style=\"font-weight: 400\">Draft\u201425 minutos para registro y construcci\u00f3n de mazos<\/span><\/li>\n<li style=\"font-weight: 400\"><span style=\"font-weight: 400\">Mazo Cerrado en Equipos\u201420 minutos para registro de mazos y 60 minutos para construcci\u00f3n de mazos Para los eventos mazo cerrado en equipos que ocurren durante el fin de semana del lanzamiento de una nueva colecci\u00f3n, se recomienda dar unos 15 minutos adicionales para construcci\u00f3n de mazo.<\/span><\/li>\n<li style=\"font-weight: 400\"><span style=\"font-weight: 400\">Draft en Equipos\u201440 minutos para construcci\u00f3n de mazos y registro.<\/span><\/li>\n<li style=\"font-weight: 400\"><span style=\"font-weight: 400\">Mazo Cerrado Gigante de dos cabezas\u201420 minutos para registro de mazos y 60 minutos para construcci\u00f3n de mazos Para los eventos mazo cerrado Gigante de dos cabezas que ocurren durante el fin de semana del lanzamiento de una nueva colecci\u00f3n, se recomienda dar unos 15 minutos adicionales para construcci\u00f3n de mazo.<\/span><\/li>\n<li style=\"font-weight: 400\"><span style=\"font-weight: 400\">Draft Gigante de dos cabezas\u201440 minutos para construcci\u00f3n de mazos y registro.<\/span><\/li>\n<\/ul>\n<p><span style=\"font-weight: 400\">El juez principal es la autoridad final sobre los l\u00edmites de tiempo de un torneo. Sin embargo, cualquier desviaci\u00f3n de estas recomendaciones debe ser anunciada antes y durante la inscripci\u00f3n al torneo.<\/span><\/p>\n<p><span style=\"font-weight: 400\">Los torneos especiales de <\/span><b>Magic<\/b><span style=\"font-weight: 400\"> pueden tener distintos l\u00edmites de tiempo. Estos l\u00edmites de tiempo pueden encontrarse en la hoja informativa del torneo.<\/span><\/p>\n<p><span style=\"font-weight: 400\">En rondas con l\u00edmite de tiempo, los jugadores deben esperar a que el tiempo oficialmente registrado comience antes de comenzar su partida.<\/span><\/p>\n<p><span style=\"font-weight: 400\"><\/span><\/p>\n<p><b>Tiempos en Booster Draft<\/b><\/p>\n<p><span style=\"font-weight: 400\">Los Booster draft individuales tienen los siguientes l\u00edmites de tiempo por defecto para cada selecci\u00f3n:<\/span><\/p>\n<table>\n<tbody>\n<tr>\n<td><b>Cartas que quedan en el sobre<\/b><\/td>\n<td><b>Tiempo permitido<\/b><\/td>\n<\/tr>\n<tr>\n<td><span style=\"font-weight: 400\">15 cartas<\/span><\/td>\n<td><span style=\"font-weight: 400\">40 segundos<\/span><\/td>\n<\/tr>\n<tr>\n<td><span style=\"font-weight: 400\">14 cartas<\/span><\/td>\n<td><span style=\"font-weight: 400\">40 segundos<\/span><\/td>\n<\/tr>\n<tr>\n<td><span style=\"font-weight: 400\">13 cartas<\/span><\/td>\n<td><span style=\"font-weight: 400\">35 segundos<\/span><\/td>\n<\/tr>\n<tr>\n<td><span style=\"font-weight: 400\">12 cartas<\/span><\/td>\n<td><span style=\"font-weight: 400\">30 segundos<\/span><\/td>\n<\/tr>\n<tr>\n<td><span style=\"font-weight: 400\">11 cartas<\/span><\/td>\n<td><span style=\"font-weight: 400\">25 segundos<\/span><\/td>\n<\/tr>\n<tr>\n<td><span style=\"font-weight: 400\">10 cartas<\/span><\/td>\n<td><span style=\"font-weight: 400\">25 segundos<\/span><\/td>\n<\/tr>\n<tr>\n<td><span style=\"font-weight: 400\">9 cartas<\/span><\/td>\n<td><span style=\"font-weight: 400\">20 segundos<\/span><\/td>\n<\/tr>\n<tr>\n<td><span style=\"font-weight: 400\">8 cartas<\/span><\/td>\n<td><span style=\"font-weight: 400\">20 segundos<\/span><\/td>\n<\/tr>\n<tr>\n<td><span style=\"font-weight: 400\">7 cartas<\/span><\/td>\n<td><span style=\"font-weight: 400\">15 segundos<\/span><\/td>\n<\/tr>\n<tr>\n<td><span style=\"font-weight: 400\">6 cartas<\/span><\/td>\n<td><span style=\"font-weight: 400\">10 segundos<\/span><\/td>\n<\/tr>\n<tr>\n<td><span style=\"font-weight: 400\">5 cartas<\/span><\/td>\n<td><span style=\"font-weight: 400\">10 segundos<\/span><\/td>\n<\/tr>\n<tr>\n<td><span style=\"font-weight: 400\">4 cartas<\/span><\/td>\n<td><span style=\"font-weight: 400\">5 segundos<\/span><\/td>\n<\/tr>\n<tr>\n<td><span style=\"font-weight: 400\">3 cartas<\/span><\/td>\n<td><span style=\"font-weight: 400\">5 segundos<\/span><\/td>\n<\/tr>\n<tr>\n<td><span style=\"font-weight: 400\">2 cartas<\/span><\/td>\n<td><span style=\"font-weight: 400\">5 segundos<\/span><\/td>\n<\/tr>\n<tr>\n<td><span style=\"font-weight: 400\">1 carta<\/span><\/td>\n<td><span style=\"font-weight: 400\">N\/A<\/span><\/td>\n<\/tr>\n<\/tbody>\n<\/table>\n<p style=\"text-align: justify\">\n<p><span style=\"font-weight: 400\">El tiempo de revisi\u00f3n despu\u00e9s del primer sobre es de 60 segundos. Cada per\u00edodo de revisi\u00f3n posterior se aumenta en 30 segundos.<\/span><\/p>\n<p><b>Tiempos en Rochester Draft<\/b><\/p>\n<p><span style=\"font-weight: 400\">El per\u00edodo de revisi\u00f3n para un sobre despu\u00e9s de que fue puesto sobre la mesa y antes de que sea seleccionada la primera carta es de 20 segundos. Los jugadores tienen 5 segundos para cada elecci\u00f3n.<\/span><\/p>\n<p><span style=\"font-weight: 400\"><\/span><b>Tiempos en draft en Gigante de dos cabezas<\/b><\/p>\n<p><span style=\"font-weight: 400\">Los Booster draft de Gigante de dos cabezas tienen los siguientes l\u00edmites de tiempo para cada selecci\u00f3n por defecto:<\/span><\/p>\n<table>\n<tbody>\n<tr>\n<td colspan=\"2\"><b>Cartas que quedan en el sobre<\/b><\/td>\n<td><\/td>\n<\/tr>\n<tr>\n<td><b>Sobre de 15 cartas<\/b><\/td>\n<td><b>Sobre de 14 cartas<\/b><\/td>\n<td><b>Tiempo permitido<\/b><\/td>\n<\/tr>\n<tr>\n<td><span style=\"font-weight: 400\">15<\/span><\/td>\n<td><span style=\"font-weight: 400\">14<\/span><\/td>\n<td><span style=\"font-weight: 400\">50 segundos<\/span><\/td>\n<\/tr>\n<tr>\n<td><span style=\"font-weight: 400\">13<\/span><\/td>\n<td><span style=\"font-weight: 400\">12<\/span><\/td>\n<td><span style=\"font-weight: 400\">45 segundos<\/span><\/td>\n<\/tr>\n<tr>\n<td><span style=\"font-weight: 400\">11<\/span><\/td>\n<td><span style=\"font-weight: 400\">10<\/span><\/td>\n<td><span style=\"font-weight: 400\">40 segundos<\/span><\/td>\n<\/tr>\n<tr>\n<td><span style=\"font-weight: 400\">9<\/span><\/td>\n<td><span style=\"font-weight: 400\">8<\/span><\/td>\n<td><span style=\"font-weight: 400\">30 segundos<\/span><\/td>\n<\/tr>\n<tr>\n<td><span style=\"font-weight: 400\">7<\/span><\/td>\n<td><span style=\"font-weight: 400\">6<\/span><\/td>\n<td><span style=\"font-weight: 400\">20 segundos<\/span><\/td>\n<\/tr>\n<tr>\n<td><span style=\"font-weight: 400\">5<\/span><\/td>\n<td><span style=\"font-weight: 400\">4<\/span><\/td>\n<td><span style=\"font-weight: 400\">10 segundos<\/span><\/td>\n<\/tr>\n<tr>\n<td><span style=\"font-weight: 400\">3<\/span><\/td>\n<td><span style=\"font-weight: 400\">&#8211;<\/span><\/td>\n<td><span style=\"font-weight: 400\">5 segundos<\/span><\/td>\n<\/tr>\n<tr>\n<td><span style=\"font-weight: 400\">1<\/span><\/td>\n<td><span style=\"font-weight: 400\">2<\/span><\/td>\n<td><span style=\"font-weight: 400\">N\/A<\/span><\/td>\n<\/tr>\n<\/tbody>\n<\/table>\n<p style=\"text-align: justify\">\n<p><span style=\"font-weight: 400\">Adem\u00e1s, los jugadores reciben 60 segundos para revisar las cartas elegidas entre sobres.<\/span><\/p>\n<p><span style=\"font-weight: 400\"><\/span><\/p>\n","protected":false},"excerpt":{"rendered":"<p>El tiempo m\u00ednimo requerido para cualquier partida es 40 minutos. Los siguientes son los l\u00edmites de tiempo recomendados para cada ronda de un torneo: Torneos Construidos y Limitados\u201450 minutos. Partidas de cuartos de final o semifinales de eliminaci\u00f3n simple\u201490 minutos Partidas de finales de eliminaci\u00f3n simple\u2014sin l\u00edmite de tiempo Se recomienda los siguientes l\u00edmites de [&hellip;]<\/p>\n","protected":false},"author":190,"featured_media":0,"parent":0,"menu_order":0,"comment_status":"closed","ping_status":"closed","template":"","meta":{"footnotes":"","_links_to":"","_links_to_target":""},"language":[8],"class_list":["post-5924","page","type-page","status-publish","hentry","language-es"],"_links":{"self":[{"href":"https:\/\/blogs.magicjudges.org\/rules\/wp-json\/wp\/v2\/pages\/5924","targetHints":{"allow":["GET"]}}],"collection":[{"href":"https:\/\/blogs.magicjudges.org\/rules\/wp-json\/wp\/v2\/pages"}],"about":[{"href":"https:\/\/blogs.magicjudges.org\/rules\/wp-json\/wp\/v2\/types\/page"}],"author":[{"embeddable":true,"href":"https:\/\/blogs.magicjudges.org\/rules\/wp-json\/wp\/v2\/users\/190"}],"replies":[{"embeddable":true,"href":"https:\/\/blogs.magicjudges.org\/rules\/wp-json\/wp\/v2\/comments?post=5924"}],"version-history":[{"count":4,"href":"https:\/\/blogs.magicjudges.org\/rules\/wp-json\/wp\/v2\/pages\/5924\/revisions"}],"predecessor-version":[{"id":8436,"href":"https:\/\/blogs.magicjudges.org\/rules\/wp-json\/wp\/v2\/pages\/5924\/revisions\/8436"}],"wp:attachment":[{"href":"https:\/\/blogs.magicjudges.org\/rules\/wp-json\/wp\/v2\/media?parent=5924"}],"wp:term":[{"taxonomy":"language","embeddable":true,"href":"https:\/\/blogs.magicjudges.org\/rules\/wp-json\/wp\/v2\/language?post=5924"}],"curies":[{"name":"wp","href":"https:\/\/api.w.org\/{rel}","templated":true}]}}