{"id":5926,"date":"2017-01-08T03:05:44","date_gmt":"2017-01-08T00:05:44","guid":{"rendered":"http:\/\/blogs.magicjudges.org\/rules\/?page_id=5926"},"modified":"2018-10-03T08:56:58","modified_gmt":"2018-10-03T05:56:58","slug":"mtr-appendix-c-es","status":"publish","type":"page","link":"https:\/\/blogs.magicjudges.org\/rules\/mtr-appendix-c-es\/","title":{"rendered":"MTR Ap\u00e9ndice C \u2014 Explicaci\u00f3n de desempates"},"content":{"rendered":"<p><b>Puntos de partida<\/b><\/p>\n<p><span style=\"font-weight: 400\">Los jugadores ganan 3 puntos de partida por cada partida ganada, 0 puntos por cada partida perdida y 1 punto de partida por cada una que termina en empate. Los jugadores que reciben ronda libre se les cuenta como que ganaron la partida.<\/span><\/p>\n<ul>\n<li style=\"font-weight: 400\"><span style=\"font-weight: 400\">El jugador A tiene un resultado de 6\u20132\u20130 (Victorias-P\u00e9rdidas-Empates). Ese jugador tiene 18 puntos de partida (6*3, 2*0, 0*1).<\/span><\/li>\n<li style=\"font-weight: 400\"><span style=\"font-weight: 400\">Otro jugador tiene un resultado de 4\u20132\u20132 (Victorias-P\u00e9rdidas-Empates). Ese jugador tiene 14 puntos de partida (4*3, 2*0, 2*1).<\/span><\/li>\n<\/ul>\n<p><b>Puntos de juego<\/b><\/p>\n<p><span style=\"font-weight: 400\">Los puntos de juego son similares a los puntos de partida en que los jugadores ganan 3 puntos de juego por cada juego ganado y 1 punto por cada juego que termina en empate, y 0 puntos por los juegos perdidos. Los juegos no terminados se consideran empates. Los juegos no jugados valen 0 puntos. <\/span><\/p>\n<ul>\n<li style=\"font-weight: 400\"><span style=\"font-weight: 400\">Un jugador gana una partida 2\u20130\u20130, as\u00ed que gana 6 puntos de juego y su oponente recibe 0 puntos de juego de esa partida.<\/span><\/li>\n<li style=\"font-weight: 400\"><span style=\"font-weight: 400\">Un jugador gana una partida 2-1\u20130, as\u00ed que gana 6 puntos de juego y su oponente recibe 3 puntos de juego de esa partida.<\/span><\/li>\n<li style=\"font-weight: 400\"><span style=\"font-weight: 400\">Un jugador gana una partida 2\u20130-1, as\u00ed que gana 7 puntos de juego y su oponente recibe 1 puntos de juego de esa partida.<\/span><\/li>\n<\/ul>\n<p><b>Porcentaje de victorias de partida<\/b><\/p>\n<p><span style=\"font-weight: 400\">El porcentaje de victorias de partida de un jugador son los puntos de partida acumulados de ese jugador divididos por el total de puntos de partida posible de esas rondas (normalmente, 3 por el n\u00famero de rondas jugadas). Si ese n\u00famero es menor que 0,33, en vez de eso usa 0,33. El porcentaje m\u00ednimo de victorias de partida de 0,33 limita el efecto de malos resultados al calcular y comparar los porcentajes de victorias de partida de los oponentes.<\/span><\/p>\n<p><i><span style=\"font-weight: 400\">Ejemplos:<\/span><\/i><\/p>\n<p><span style=\"font-weight: 400\">Estos tres jugadores compiten en un torneo de 8 rondas, aunque s\u00f3lo el primero complet\u00f3 todas las rondas.<\/span><\/p>\n<table class=\"table table-hover table-condensed aligncenter\">\n<tbody style=\"padding-left: 30px\">\n<tr style=\"padding-left: 30px\">\n<td style=\"padding-left: 30px;width: 300px;text-align: left;vertical-align: middle;background-color: #cccccc\" scope=\"col\"><strong>Resultados del torneo<\/strong><\/td>\n<td style=\"padding-left: 30px;width: 100px;text-align: left;vertical-align: middle;background-color: #cccccc\" scope=\"col\"><strong>Puntos de partida<\/strong><\/td>\n<td style=\"padding-left: 30px;width: 100px;text-align: left;vertical-align: middle;background-color: #cccccc\" scope=\"col\"><strong>Rondas jugadas<\/strong><\/td>\n<td style=\"padding-left: 30px;width: 300px;text-align: left;vertical-align: middle;background-color: #cccccc\" scope=\"col\"><strong>Porcentaje de victorias de partida<\/strong><\/td>\n<\/tr>\n<tr style=\"padding-left: 30px\">\n<td style=\"padding-left: 30px;width: 360px;text-align: left;vertical-align: middle\">5-2-1<\/td>\n<td style=\"padding-left: 30px;width: 40px;height: 40px;text-align: center;vertical-align: middle\">16<\/td>\n<td style=\"padding-left: 30px;width: 40px;height: 40px;text-align: center;vertical-align: middle\">8<\/td>\n<td style=\"padding-left: 30px;width: 220px;text-align: center;vertical-align: middle\">16\/(8*3) = 0.667<\/td>\n<\/tr>\n<tr style=\"padding-left: 30px\">\n<td style=\"padding-left: 30px;width: 360px;text-align: left;vertical-align: middle\">1-3-0, luego abandona<\/td>\n<td style=\"padding-left: 30px;width: 40px;height: 40px;text-align: center;vertical-align: middle\">3<\/td>\n<td style=\"padding-left: 30px;width: 40px;height: 40px;text-align: center;vertical-align: middle\">4<\/td>\n<td style=\"padding-left: 30px;width: 220px;text-align: center;vertical-align: middle\">3\/(4*3) = 0.25, as\u00ed que se usa 0,33.<\/td>\n<\/tr>\n<tr style=\"padding-left: 30px\">\n<td style=\"padding-left: 30px;width: 360px;text-align: left;vertical-align: middle\">3-2-0, incluyendo una ronda libre en la primera ronda, luego abandona.<\/td>\n<td style=\"padding-left: 30px;width: 40px;height: 40px;text-align: center;vertical-align: middle\">9<\/td>\n<td style=\"padding-left: 30px;width: 40px;height: 40px;text-align: center;vertical-align: middle\">5<\/td>\n<td style=\"padding-left: 30px;width: 220px;text-align: center;vertical-align: middle\">9\/(5*3) = 0.60<\/td>\n<\/tr>\n<\/tbody>\n<\/table>\n<p style=\"text-align: justify\">\n<p><b>Porcentaje de victorias de juego<\/b><\/p>\n<p><span style=\"font-weight: 400\">Al igual que el porcentaje de victorias de partida, el porcentaje de victorias de juego de un jugador es la cantidad total de puntos de juego que gan\u00f3 dividido por el total de puntos de juego posible (normalmente, 3 por el n\u00famero de juegos jugados). Nuevamente, se usa 0,33 si el porcentaje de victorias de juego actual es menor que eso.<\/span><\/p>\n<p><span style=\"font-weight: 400\">Estos dos jugadores compiten en un torneo de 4 rondas:<\/span><\/p>\n<table class=\"table table-hover table-condensed aligncenter\">\n<tbody style=\"padding-left: 30px\">\n<tr style=\"padding-left: 30px\">\n<td style=\"width: 240px;height: 50px;padding-left: 30px;text-align: left;vertical-align: middle;background-color: #cccccc\" scope=\"col\"><strong>Resultados de juego por partida<\/strong><\/td>\n<td style=\"width: 30px;height: 40px;padding-left: 30px;text-align: center;vertical-align: middle;background-color: #cccccc\" scope=\"col\"><strong>Puntos de juego<\/strong><\/td>\n<td style=\"width: 30px;height: 40px;padding-left: 30px;text-align: center;vertical-align: middle;background-color: #cccccc\" scope=\"col\"><strong>Juegos jugados<\/strong><\/td>\n<td style=\"width: 150px;height: 40px;padding-left: 30px;text-align: center;vertical-align: middle;background-color: #cccccc\" scope=\"col\"><strong>Porcentaje de victorias de juego<\/strong><\/td>\n<\/tr>\n<tr style=\"height: 60px;border-color: #949494\">\n<td style=\"padding-left: 30px;width: 520px;height: 50px;vertical-align: middle\">\u2022 Ronda 1: 2 victorias(6 puntos de juego)<br \/>\n\u2022 Ronda 2: 2 victorias y 1 derrota (6 puntos de juego)<br \/>\n\u2022 Ronda 3: 1 victoria y 2 derrotas (3 puntos de juego)<br \/>\n\u2022 Ronda 4: 2 victorias(6 puntos de juego)<\/td>\n<td style=\"padding-left: 30px;width: 50px;height: 40px;text-align: center;vertical-align: middle\">21<\/td>\n<td style=\"padding-left: 30px;width: 50px;height: 40px;text-align: center;vertical-align: middle\">10<\/td>\n<td style=\"padding-left: 30px;width: 280px;height: 40px;text-align: center;vertical-align: middle\">21\/(3*10) = 0.70<\/td>\n<\/tr>\n<tr style=\"height: 60px;border-color: #949494\">\n<td style=\"padding-left: 30px;width: 520px;height: 50px;vertical-align: middle\">\u2022 Ronda 1: 1 victoria y 2 derrotas (3 puntos de juego)<br \/>\n\u2022 Ronda 2: 1 victoria y 2 derrotas (3 puntos de juego)<br \/>\n\u2022 Ronda 3: 2 derrotas(0 puntos de juego)<br \/>\n\u2022 Ronda 4: 1 victoria y 2 derrotas (3 puntos de juego)<\/td>\n<td style=\"padding-left: 30px;width: 50px;height: 40px;text-align: center;vertical-align: middle\">9<\/td>\n<td style=\"padding-left: 30px;width: 50px;height: 40px;text-align: center;vertical-align: middle\">11<\/td>\n<td style=\"padding-left: 30px;width: 280px;height: 40px;text-align: center;vertical-align: middle\">9\/(3*11) = 0.27, as\u00ed que se usa 0,33.<\/td>\n<\/tr>\n<\/tbody>\n<\/table>\n<p><b>Porcentaje de victorias de partida de los oponentes<\/b><\/p>\n<p><span style=\"font-weight: 400\">El porcentaje de victorias de partida de los oponentes de un jugador es el promedio de porcentajes de victorias de partidas de los oponentes que enfrent\u00f3 ese jugador (ignorando las rondas en que recibi\u00f3 ronda libre). Usa la definici\u00f3n de porcentaje de victorias de partida m\u00e1s arriba para calcular cada porcentaje de victorias de partida de los oponentes.<\/span><\/p>\n<p><i><span style=\"font-weight: 400\">Ejemplos:<\/span><\/i><\/p>\n<ul style=\"text-align: justify\">\n<li style=\"font-weight: 400\"><span style=\"font-weight: 400\">El registro de un jugador en un torneo de ocho rondas es 6\u20132\u20130. Los resultados de partidas de sus oponentes son: 4\u20134\u20130, 7\u20131\u20130, 1\u20133\u20131, 3\u20133\u20131, 6\u20132\u20130, 5\u20132\u20131, 4\u20133\u20131 y 6\u20131\u20131, por lo que su porcentaje de victorias de partida de los oponentes es:<\/span><span style=\"font-weight: 400\">\n<p><\/span><img loading=\"lazy\" decoding=\"async\" class=\"aligncenter wp-image-416 size-full\" src=\"http:\/\/blogs.magicjudges.org\/rules\/files\/2015\/10\/MW1.jpg\" alt=\"MW1\" width=\"662\" height=\"316\" srcset=\"https:\/\/blogs.magicjudges.org\/rules\/files\/2015\/10\/MW1.jpg 662w, https:\/\/blogs.magicjudges.org\/rules\/files\/2015\/10\/MW1-300x143.jpg 300w\" sizes=\"auto, (max-width: 662px) 100vw, 662px\" \/><\/li>\n<li>El registro de otro jugador en el mismo torneo es 6\u20132\u20130. Los resultados de sus oponentes son: ronda libre, 7\u20131\u20130, 1\u20133\u20131, 3\u20133\u20131, 6\u20132\u20130, 5\u20132\u20131, 4\u20133\u20131, and 6\u20131\u20131, por lo que su porcentaje de victorias de partida de los oponentes es: <img loading=\"lazy\" decoding=\"async\" class=\"aligncenter size-full wp-image-417\" src=\"http:\/\/blogs.magicjudges.org\/rules\/files\/2015\/10\/MW2.jpg\" alt=\"MW2\" width=\"661\" height=\"197\" srcset=\"https:\/\/blogs.magicjudges.org\/rules\/files\/2015\/10\/MW2.jpg 661w, https:\/\/blogs.magicjudges.org\/rules\/files\/2015\/10\/MW2-300x89.jpg 300w\" sizes=\"auto, (max-width: 661px) 100vw, 661px\" \/><\/li>\n<\/ul>\n<p><b>Porcentaje de victorias de juego de los oponentes<\/b><\/p>\n<p><span style=\"font-weight: 400\">Similar al porcentaje de victorias de partida de los oponentes, el porcentaje de victorias de juego de los oponentes de un jugador es simplemente el promedio de los Porcentaje de victorias de juego de todos los oponentes de ese jugador. Y, al igual que con los porcentaje de victorias de partida de los oponentes, cada oponente tiene un porcentaje de victorias de juego m\u00ednimo de 0.33. <\/span><\/p>\n<p><b>Rondas libres<\/b><\/p>\n<p><span style=\"font-weight: 400\">Cuando un jugador es asignado una ronda libre para una ronda, se considera que gan\u00f3 la partida 2\u20130.<\/span><\/p>\n<p><span style=\"font-weight: 400\">Por lo tanto, ese jugador gana 3 puntos de partida y 6 puntos de juego. Las rondas libres de un jugador se ignoran al computar los porcentajes de victorias de partida de sus oponentes y los porcentaje de victorias de juego de los oponentes.<\/span><\/p>\n","protected":false},"excerpt":{"rendered":"<p>Puntos de partida Los jugadores ganan 3 puntos de partida por cada partida ganada, 0 puntos por cada partida perdida y 1 punto de partida por cada una que termina en empate. Los jugadores que reciben ronda libre se les cuenta como que ganaron la partida. El jugador A tiene un resultado de 6\u20132\u20130 (Victorias-P\u00e9rdidas-Empates). [&hellip;]<\/p>\n","protected":false},"author":190,"featured_media":0,"parent":0,"menu_order":0,"comment_status":"closed","ping_status":"closed","template":"","meta":{"footnotes":"","_links_to":"","_links_to_target":""},"language":[8],"class_list":["post-5926","page","type-page","status-publish","hentry","language-es"],"_links":{"self":[{"href":"https:\/\/blogs.magicjudges.org\/rules\/wp-json\/wp\/v2\/pages\/5926","targetHints":{"allow":["GET"]}}],"collection":[{"href":"https:\/\/blogs.magicjudges.org\/rules\/wp-json\/wp\/v2\/pages"}],"about":[{"href":"https:\/\/blogs.magicjudges.org\/rules\/wp-json\/wp\/v2\/types\/page"}],"author":[{"embeddable":true,"href":"https:\/\/blogs.magicjudges.org\/rules\/wp-json\/wp\/v2\/users\/190"}],"replies":[{"embeddable":true,"href":"https:\/\/blogs.magicjudges.org\/rules\/wp-json\/wp\/v2\/comments?post=5926"}],"version-history":[{"count":5,"href":"https:\/\/blogs.magicjudges.org\/rules\/wp-json\/wp\/v2\/pages\/5926\/revisions"}],"predecessor-version":[{"id":8438,"href":"https:\/\/blogs.magicjudges.org\/rules\/wp-json\/wp\/v2\/pages\/5926\/revisions\/8438"}],"wp:attachment":[{"href":"https:\/\/blogs.magicjudges.org\/rules\/wp-json\/wp\/v2\/media?parent=5926"}],"wp:term":[{"taxonomy":"language","embeddable":true,"href":"https:\/\/blogs.magicjudges.org\/rules\/wp-json\/wp\/v2\/language?post=5926"}],"curies":[{"name":"wp","href":"https:\/\/api.w.org\/{rel}","templated":true}]}}