{"id":5934,"date":"2017-01-08T03:10:40","date_gmt":"2017-01-08T00:10:40","guid":{"rendered":"http:\/\/blogs.magicjudges.org\/rules\/?page_id=5934"},"modified":"2019-02-13T09:03:30","modified_gmt":"2019-02-13T06:03:30","slug":"mtr-appendix-f-es","status":"publish","type":"page","link":"https:\/\/blogs.magicjudges.org\/rules\/mtr-appendix-f-es\/","title":{"rendered":"MTR Ap\u00e9ndice F \u2014 Nivel de imposici\u00f3n de reglas de los programas"},"content":{"rendered":"<p><span style=\"font-weight: 400\">La siguiente tabla indica el Nivel de imposici\u00f3n de reglas adecuado para diversos programas:<\/span><\/p>\n<table class=\"table table-hover table-condensed aligncenter\" style=\"width: 1000px;height: 418px\">\n<tbody>\n<tr style=\"background-color: #cccccc\">\n<td style=\"width: 500px;text-align: center;vertical-align: middle\" scope=\"col\"><strong>Programa<\/strong><\/td>\n<td style=\"width: 500px;text-align: center;vertical-align: middle\" scope=\"col\"><strong>Nivel de Imposici\u00f3n de Reglas<\/strong><\/td>\n<\/tr>\n<tr>\n<td style=\"width: 250px;text-align: center\">Eternal Weekend<\/td>\n<td style=\"width: 250px;text-align: center\">Competitivo<\/td>\n<\/tr>\n<tr>\n<td style=\"width: 250px;text-align: center\">Friday Night <strong>Magic<\/strong><\/td>\n<td style=\"width: 250px;text-align: center\">Normal<\/td>\n<\/tr>\n<tr>\n<td style=\"width: 250px;text-align: center\">Grand Prix D\u00eda 1<\/td>\n<td style=\"width: 250px;text-align: center\">Competitivo<\/td>\n<\/tr>\n<tr>\n<td style=\"width: 250px;text-align: center\">Grand Prix D\u00eda 2 *<\/td>\n<td style=\"width: 250px;text-align: center\">Profesional<\/td>\n<\/tr>\n<tr>\n<td style=\"width: 250px;text-align: center\">Grand Prix Trial<\/td>\n<td style=\"width: 250px;text-align: center\">Competitivo<\/td>\n<\/tr>\n<tr>\n<td style=\"width: 250px;text-align: center\"><strong>Magic<\/strong> Weekend<\/td>\n<td style=\"width: 250px;text-align: center\">Normal<\/td>\n<\/tr>\n<tr>\n<td style=\"width: 250px;text-align: center\">Presentaci\u00f3n<\/td>\n<td style=\"width: 250px;text-align: center\">Normal<\/td>\n<\/tr>\n<tr>\n<td style=\"width: 250px;text-align: center\"><strong>Magic\u00a0<\/strong>Tabletop Mythic Championship<\/td>\n<td style=\"width: 250px;text-align: center\">Profesional<\/td>\n<\/tr>\n<tr>\n<td style=\"width: 250px;text-align: center\">Regional Pro Tour Qualifier<\/td>\n<td style=\"width: 250px;text-align: center\">Competitivo<\/td>\n<\/tr>\n<tr>\n<td style=\"width: 250px;text-align: center\">Regional Last Chance Qualifier<\/td>\n<td style=\"width: 250px;text-align: center\">Competitivo<\/td>\n<\/tr>\n<tr>\n<td style=\"width: 250px;text-align: center\"><strong>Magic\u00a0<\/strong>Tabletop Mythic Championship Qualifier<\/td>\n<td style=\"width: 250px;text-align: center\">Competitivo<\/td>\n<\/tr>\n<tr>\n<td style=\"width: 250px;text-align: center\">Standard Showdown<\/td>\n<td style=\"width: 250px;text-align: center\">Normal<\/td>\n<\/tr>\n<tr>\n<td style=\"width: 250px;text-align: center\">World Championship<\/td>\n<td style=\"width: 250px;text-align: center\">Profesional<\/td>\n<\/tr>\n<\/tbody>\n<\/table>\n<p>&nbsp;<\/p>\n<p>&nbsp;<\/p>\n<p>&nbsp;<\/p>\n<p>&nbsp;<\/p>\n<p>&nbsp;<\/p>\n<p>&nbsp;<br \/>\n<span style=\"font-weight: 400\">*Incluyendo cualquier porci\u00f3n del evento organizada despu\u00e9s del corte al d\u00eda 2, pero hecha durante el d\u00eda 1.<\/span><\/p>\n<p style=\"text-align: justify\">\n","protected":false},"excerpt":{"rendered":"<p>La siguiente tabla indica el Nivel de imposici\u00f3n de reglas adecuado para diversos programas: Programa Nivel de Imposici\u00f3n de Reglas Eternal Weekend Competitivo Friday Night Magic Normal Grand Prix D\u00eda 1 Competitivo Grand Prix D\u00eda 2 * Profesional Grand Prix Trial Competitivo Magic Weekend Normal Presentaci\u00f3n Normal Magic\u00a0Tabletop Mythic Championship Profesional Regional Pro Tour Qualifier [&hellip;]<\/p>\n","protected":false},"author":190,"featured_media":0,"parent":0,"menu_order":0,"comment_status":"closed","ping_status":"closed","template":"","meta":{"footnotes":"","_links_to":"","_links_to_target":""},"language":[8],"class_list":["post-5934","page","type-page","status-publish","hentry","language-es"],"_links":{"self":[{"href":"https:\/\/blogs.magicjudges.org\/rules\/wp-json\/wp\/v2\/pages\/5934","targetHints":{"allow":["GET"]}}],"collection":[{"href":"https:\/\/blogs.magicjudges.org\/rules\/wp-json\/wp\/v2\/pages"}],"about":[{"href":"https:\/\/blogs.magicjudges.org\/rules\/wp-json\/wp\/v2\/types\/page"}],"author":[{"embeddable":true,"href":"https:\/\/blogs.magicjudges.org\/rules\/wp-json\/wp\/v2\/users\/190"}],"replies":[{"embeddable":true,"href":"https:\/\/blogs.magicjudges.org\/rules\/wp-json\/wp\/v2\/comments?post=5934"}],"version-history":[{"count":6,"href":"https:\/\/blogs.magicjudges.org\/rules\/wp-json\/wp\/v2\/pages\/5934\/revisions"}],"predecessor-version":[{"id":8824,"href":"https:\/\/blogs.magicjudges.org\/rules\/wp-json\/wp\/v2\/pages\/5934\/revisions\/8824"}],"wp:attachment":[{"href":"https:\/\/blogs.magicjudges.org\/rules\/wp-json\/wp\/v2\/media?parent=5934"}],"wp:term":[{"taxonomy":"language","embeddable":true,"href":"https:\/\/blogs.magicjudges.org\/rules\/wp-json\/wp\/v2\/language?post=5934"}],"curies":[{"name":"wp","href":"https:\/\/api.w.org\/{rel}","templated":true}]}}