{"id":5936,"date":"2017-01-08T03:13:51","date_gmt":"2017-01-08T00:13:51","guid":{"rendered":"http:\/\/blogs.magicjudges.org\/rules\/?page_id=5936"},"modified":"2018-10-03T08:13:37","modified_gmt":"2018-10-03T05:13:37","slug":"mtr1-2-es","status":"publish","type":"page","link":"https:\/\/blogs.magicjudges.org\/rules\/mtr1-2-es\/","title":{"rendered":"MTR 1.2 Publicar informaci\u00f3n del torneo"},"content":{"rendered":"<p><span style=\"font-weight: 400\">Wizards of the Coast se reserva el derecho de publicar informaci\u00f3n de un torneo sancionado por la DCI en cualquier momento (incluyendo durante el torneo). La informaci\u00f3n del torneo incluye, pero no est\u00e1 limitada a, los contenidos de los mazos de uno o m\u00e1s jugadores, descripciones de estrategias de juego, transcripciones y reproducciones de video. Los organizadores de torneo tambi\u00e9n pueden publicar esta informaci\u00f3n una vez que el torneo est\u00e1 terminado.<\/span><\/p>\n<p><span style=\"font-weight: 400\"><div class=\"alert alert-info\" role=\"alert\"> <\/span><i><span style=\"font-weight: 400\">Las listas de mazo no se deben hacer p\u00fablicas hasta que un evento haya terminado, excepto en ciertos eventos Premier donde las listas de mazo de los jugadores son usualmente compartidas con los oponentes al comienzo de la ronda. Esto es para minimizar la ventaja que se genera debido a que ciertas listas se hacen p\u00fablicas por el equipo de cobertura. El derecho de Wizards of the Coast de publicar esta informaci\u00f3n no significa necesariamente que un juez o el Organizador de Torneo deba grabarlo.<\/span><\/i><\/p>\n<p><i><span style=\"font-weight: 400\">En eventos premier como Grand Prix y Pro Tours, Wizards of the Coast tiene usualmente cobertura en l\u00ednea del evento. Esta secci\u00f3n es s\u00f3lo para confirmar que ellos tienen permitido publicar las listas. Los Organizadores de Torneo tambi\u00e9n tienen el derecho de publicar esta informaci\u00f3n despu\u00e9s que el evento concluya, pero algunos Organizadores de Torneo han recibido permiso para manejar la cobertura de la misma forma. Por ejemplo, los Star City Games Opens regularmente tienen listas de mazo publicadas en<\/span><\/i><a href=\"http:\/\/www.starcitygames.com\/\"> <i><span style=\"font-weight: 400\">el sitio web de Star City Games<\/span><\/i><\/a><i><span style=\"font-weight: 400\"> durante el evento o en el Top 8.<\/span><\/i><span style=\"font-weight: 400\"><\/div><\/span><\/p>\n<p><span style=\"font-weight: 400\">Wizards of the Coast se reserva el derecho de publicar informaci\u00f3n de penalizaciones y suspensiones.<\/span><\/p>\n<p><span style=\"font-weight: 400\"><div class=\"alert alert-info\" role=\"alert\"> <\/span><i><span style=\"font-weight: 400\">Los jueces deber\u00edan tomar todas las investigaciones e informaci\u00f3n de penalizaciones muy seriamente, ya que podr\u00eda terminar en un art\u00edculo en la p\u00e1gina web de Wizards of the Coast.<\/span><\/i><\/p>\n<p><i><span style=\"font-weight: 400\">Wizards of the Coast usualmente reportar\u00e1 descalificaciones u otras penalizaciones de alto perfil durante los Pro Tours.<\/span><\/i><\/p>\n<p><i><span style=\"font-weight: 400\">Wizards of the Coast tambi\u00e9n publica regularmente una lista de las personas que est\u00e1n suspendidas del juego. Ellos algunas veces escriben art\u00edculos acerca de las suspensiones m\u00e1s controversiales, pero la mayor\u00eda de las veces simplemente actualizan la<\/span><\/i><a href=\"http:\/\/magic.wizards.com\/en\/content\/suspended-dci-memberships\"> <i><span style=\"font-weight: 400\">lista de jugadores suspendidos<\/span><\/i><\/a><i><span style=\"font-weight: 400\">.<\/span><\/i><span style=\"font-weight: 400\"><\/div><\/span><\/p>\n<p style=\"text-align: justify;margin-bottom: 0px\">\n","protected":false},"excerpt":{"rendered":"<p>Wizards of the Coast se reserva el derecho de publicar informaci\u00f3n de un torneo sancionado por la DCI en cualquier momento (incluyendo durante el torneo). La informaci\u00f3n del torneo incluye, pero no est\u00e1 limitada a, los contenidos de los mazos de uno o m\u00e1s jugadores, descripciones de estrategias de juego, transcripciones y reproducciones de video. [&hellip;]<\/p>\n","protected":false},"author":190,"featured_media":0,"parent":0,"menu_order":0,"comment_status":"closed","ping_status":"closed","template":"","meta":{"footnotes":"","_links_to":"","_links_to_target":""},"language":[8],"class_list":["post-5936","page","type-page","status-publish","hentry","language-es"],"_links":{"self":[{"href":"https:\/\/blogs.magicjudges.org\/rules\/wp-json\/wp\/v2\/pages\/5936","targetHints":{"allow":["GET"]}}],"collection":[{"href":"https:\/\/blogs.magicjudges.org\/rules\/wp-json\/wp\/v2\/pages"}],"about":[{"href":"https:\/\/blogs.magicjudges.org\/rules\/wp-json\/wp\/v2\/types\/page"}],"author":[{"embeddable":true,"href":"https:\/\/blogs.magicjudges.org\/rules\/wp-json\/wp\/v2\/users\/190"}],"replies":[{"embeddable":true,"href":"https:\/\/blogs.magicjudges.org\/rules\/wp-json\/wp\/v2\/comments?post=5936"}],"version-history":[{"count":3,"href":"https:\/\/blogs.magicjudges.org\/rules\/wp-json\/wp\/v2\/pages\/5936\/revisions"}],"predecessor-version":[{"id":8335,"href":"https:\/\/blogs.magicjudges.org\/rules\/wp-json\/wp\/v2\/pages\/5936\/revisions\/8335"}],"wp:attachment":[{"href":"https:\/\/blogs.magicjudges.org\/rules\/wp-json\/wp\/v2\/media?parent=5936"}],"wp:term":[{"taxonomy":"language","embeddable":true,"href":"https:\/\/blogs.magicjudges.org\/rules\/wp-json\/wp\/v2\/language?post=5936"}],"curies":[{"name":"wp","href":"https:\/\/api.w.org\/{rel}","templated":true}]}}