{"id":5938,"date":"2017-01-08T03:17:34","date_gmt":"2017-01-08T00:17:34","guid":{"rendered":"http:\/\/blogs.magicjudges.org\/rules\/?page_id=5938"},"modified":"2018-10-03T08:14:48","modified_gmt":"2018-10-03T05:14:48","slug":"mtr1-3-es","status":"publish","type":"page","link":"https:\/\/blogs.magicjudges.org\/rules\/mtr1-3-es\/","title":{"rendered":"MTR 1.3 Roles de Torneo"},"content":{"rendered":"<p><span style=\"font-weight: 400\">Para los prop\u00f3sitos del torneo se definen los siguientes roles:<\/span><\/p>\n<ul>\n<li style=\"font-weight: 400\"><span style=\"font-weight: 400\">Organizador de torneo<\/span><\/li>\n<li style=\"font-weight: 400\"><span style=\"font-weight: 400\">Juez principal<\/span><\/li>\n<li style=\"font-weight: 400\"><span style=\"font-weight: 400\">Juez de piso<\/span><\/li>\n<li style=\"font-weight: 400\"><span style=\"font-weight: 400\">Administrador de resultados<\/span><\/li>\n<li style=\"font-weight: 400\"><span style=\"font-weight: 400\">Jugador<\/span><\/li>\n<li style=\"font-weight: 400\"><span style=\"font-weight: 400\">Espectador<\/span><\/li>\n<\/ul>\n<p><span style=\"font-weight: 400\">Los primeros cuatro roles mencionados se consideran oficiales del torneo. El juez principal y los jueces de piso se consideran colectivamente jueces. Un mismo individuo puede actuar en cualquier combinaci\u00f3n de roles de oficial de torneo. Los individuos que no son jueces en un torneo son espectadores de cualquier partida en la cual no est\u00e9n jugando. Los miembros de la prensa son considerados como espectadores.<\/span><\/p>\n<p><span style=\"font-weight: 400\"><div class=\"alert alert-info\" role=\"alert\"> <\/span><i><span style=\"font-weight: 400\">Un individuo puede actuar en los seis roles durante un torneo. En eventos m\u00e1s grandes estos roles usualmente se dividen. Cualquier jugador es un espectador de las partidas que suceden a su alrededor. Todos los individuos que no sean jueces en un evento, incluidos\u00a0aquellos con o sin un n\u00famero DCI, son considerados espectadores.<\/span><\/i><\/p>\n<p><i><span style=\"font-weight: 400\">Se espera de los jugadores que sigan cualquier instrucci\u00f3n dada por Oficiales de Torneo, por lo tanto es importante saber a qui\u00e9nes se aplica este t\u00edtulo. Tambi\u00e9n es importante definir cada uno de estos roles en detalle, lo que afortunadamente las<\/span><\/i><a href=\"https:\/\/blogs.magicjudges.org\/rules\/mtr1-6-es\/\"> <i><span style=\"font-weight: 400\">MTR hacen por nosotros en las secciones 1.6 &#8211; 1.11<\/span><\/i><\/a><i><span style=\"font-weight: 400\">, en el orden listado anteriormente.<\/span><\/i><span style=\"font-weight: 400\"><\/div><\/span><\/p>\n<p style=\"text-align: justify\">\n","protected":false},"excerpt":{"rendered":"<p>Para los prop\u00f3sitos del torneo se definen los siguientes roles: Organizador de torneo Juez principal Juez de piso Administrador de resultados Jugador Espectador Los primeros cuatro roles mencionados se consideran oficiales del torneo. El juez principal y los jueces de piso se consideran colectivamente jueces. Un mismo individuo puede actuar en cualquier combinaci\u00f3n de roles [&hellip;]<\/p>\n","protected":false},"author":190,"featured_media":0,"parent":0,"menu_order":0,"comment_status":"closed","ping_status":"closed","template":"","meta":{"footnotes":"","_links_to":"","_links_to_target":""},"language":[8],"class_list":["post-5938","page","type-page","status-publish","hentry","language-es"],"_links":{"self":[{"href":"https:\/\/blogs.magicjudges.org\/rules\/wp-json\/wp\/v2\/pages\/5938","targetHints":{"allow":["GET"]}}],"collection":[{"href":"https:\/\/blogs.magicjudges.org\/rules\/wp-json\/wp\/v2\/pages"}],"about":[{"href":"https:\/\/blogs.magicjudges.org\/rules\/wp-json\/wp\/v2\/types\/page"}],"author":[{"embeddable":true,"href":"https:\/\/blogs.magicjudges.org\/rules\/wp-json\/wp\/v2\/users\/190"}],"replies":[{"embeddable":true,"href":"https:\/\/blogs.magicjudges.org\/rules\/wp-json\/wp\/v2\/comments?post=5938"}],"version-history":[{"count":3,"href":"https:\/\/blogs.magicjudges.org\/rules\/wp-json\/wp\/v2\/pages\/5938\/revisions"}],"predecessor-version":[{"id":8336,"href":"https:\/\/blogs.magicjudges.org\/rules\/wp-json\/wp\/v2\/pages\/5938\/revisions\/8336"}],"wp:attachment":[{"href":"https:\/\/blogs.magicjudges.org\/rules\/wp-json\/wp\/v2\/media?parent=5938"}],"wp:term":[{"taxonomy":"language","embeddable":true,"href":"https:\/\/blogs.magicjudges.org\/rules\/wp-json\/wp\/v2\/language?post=5938"}],"curies":[{"name":"wp","href":"https:\/\/api.w.org\/{rel}","templated":true}]}}