{"id":5940,"date":"2017-01-08T03:18:57","date_gmt":"2017-01-08T00:18:57","guid":{"rendered":"http:\/\/blogs.magicjudges.org\/rules\/?page_id=5940"},"modified":"2018-10-19T22:08:44","modified_gmt":"2018-10-19T19:08:44","slug":"mtr1-4-es","status":"publish","type":"page","link":"https:\/\/blogs.magicjudges.org\/rules\/mtr1-4-es\/","title":{"rendered":"MTR 1.4 Elegibilidad de Participaci\u00f3n"},"content":{"rendered":"<p><span style=\"font-weight: 400\">Cualquiera puede participar como jugador en un torneo sancionado por la DCI excepto:<\/span><\/p>\n<ul>\n<li style=\"font-weight: 400\"><span style=\"font-weight: 400\">Individuos actualmente suspendidos por la DCI. La lista actual de jugadores suspendidos por la DCI se encuentra en<\/span><a href=\"http:\/\/www.wizards.com\/default.asp?x=dci\/suspended\"> <span style=\"font-weight: 400\">http:\/\/www.wizards.com\/default.asp?x=dci\/suspended<\/span><\/a><span style=\"font-weight: 400\">. Los individuos actualmente suspendidos por la DCI no pueden actuar como oficiales de torneo;<\/span><\/li>\n<li style=\"font-weight: 400\"><span style=\"font-weight: 400\">Otros individuos espec\u00edficamente prohibidos de participar por pol\u00edticas de la DCI o de Wizards of the Coast (a determinar a sola discreci\u00f3n de Wizards of the Coast);<\/span><\/li>\n<\/ul>\n<p><span style=\"font-weight: 400\"><div class=\"alert alert-info\" role=\"alert\"> <\/span><i><span style=\"font-weight: 400\">Esto es m\u00e1s o menos la definici\u00f3n de suspendidos o baneados.<\/span><\/i><span style=\"font-weight: 400\"><\/div><\/span><\/p>\n<ul>\n<li style=\"font-weight: 400\"><span style=\"font-weight: 400\">Individuos de trece (13) a\u00f1os o menos que no tengan el permiso de sus padres o tutores;<\/span><\/li>\n<\/ul>\n<p><span style=\"font-weight: 400\"><div class=\"alert alert-info\" role=\"alert\"> <\/span><i><span style=\"font-weight: 400\">Trece es la edad recomendada para el juego provista por Hasbro y Wizards of the Coast.<\/span><\/i><span style=\"font-weight: 400\"><\/div><\/span><\/p>\n<ul>\n<li style=\"font-weight: 400\"><span style=\"font-weight: 400\">Cualquiera prohibido por las leyes locales, estatales o federales, las reglas del Organizador de torneo o la administraci\u00f3n del local.<\/span><\/li>\n<\/ul>\n<p><span style=\"font-weight: 400\"><div class=\"alert alert-info\" role=\"alert\"> <\/span><i><span style=\"font-weight: 400\">Las leyes locales, federales y estatales est\u00e1n por encima de cualquier regla puesta por Wizards of the Coast. Por ejemplo, si un jugador no tiene permitido estar a menos de 100 metros de una tienda en particular, empleado\/a u otro\/a jugador\/a por una orden de alejamiento u otra limitante judicial, el o ella no puede jugar. Estar habilitado para jugar es un privilegio, no un derecho, y circunstancias legales extenuantes pueden prevenir que la gente juegue.<\/span><\/i><\/p>\n<p><i><span style=\"font-weight: 400\">El due\u00f1o del local tiene el derecho de prohibir el ingreso de cualquier persona a la tienda o al lugar del evento por cualquier raz\u00f3n que estime conveniente. Usualmente los due\u00f1os de tienda s\u00f3lo usan esta medida como \u00faltimo recurso con respecto a jugadores problem\u00e1ticos, o en el caso de hurto o robo. Ellos tienen expl\u00edcitamente permitido hacerlo por Wizards of the Coast, as\u00ed que no tiene que preocuparse acerca de jugadores quej\u00e1ndose a Wizards of the Coast por retribuciones.<\/span><\/i><span style=\"font-weight: 400\"><\/div><\/span><\/p>\n<ul>\n<li style=\"font-weight: 400\"><span style=\"font-weight: 400\">Los Organizadores de torneos pueden decidir restringir por edad cualquier evento de NIR Normal que organicen. Deben indicarlo claramente en su promoci\u00f3 ndel evento en la tienda y el en Localizador de eventos as\u00ed como cualquier lugar donde haya informaci\u00f3n del evento. (i.e. los Organizadores de torneos pueden promocionar un Friday Night Magic para menores de 16 a\u00f1os).<\/span><\/li>\n<\/ul>\n<p><span style=\"font-weight: 400\">Cualquiera puede participar como oficial de torneo (Organizador de Torneo, Juez Principal, Juez de Piso, Administrador de resultados) en un torneo, excepto:<\/span><\/p>\n<ul>\n<li style=\"font-weight: 400\"><span style=\"font-weight: 400\">Individuos actualmente suspendidos por la DCI;<\/span><\/li>\n<\/ul>\n<p><span style=\"font-weight: 400\"><div class=\"alert alert-info\" role=\"alert\"> <\/span><i><span style=\"font-weight: 400\">Si alguien est\u00e1 suspendido como jugador, \u00e9l o ella no tiene permitido actuar como juez tampoco. Ten en cuenta que esto no se corresponde directamente con la certificaci\u00f3n de juez. Como individuo no certificado puedes actuar como juez de un evento, estar suspendido no revoca directamente tu certificaci\u00f3n, aunque puede ser tomado en consideraci\u00f3n.<\/span><\/i><span style=\"font-weight: 400\"><\/div><\/span><\/p>\n<ul>\n<li style=\"font-weight: 400\"><span style=\"font-weight: 400\">Cualquiera que haya jugado en el torneo, a menos que sea un torneo que expl\u00edcitamente permite a sus oficiales jugar mientras est\u00e1n actuando como oficiales de torneo.<\/span><\/li>\n<\/ul>\n<p><span style=\"font-weight: 400\">Los oficiales de torneo pueden jugar en torneos oficiales sancionados por la DCI en los cuales son oficiales del torneo s\u00ed (y solo s\u00ed) el torneo de alguno de los siguientes tipos:<\/span><\/p>\n<ul>\n<li style=\"font-weight: 400\"><span style=\"font-weight: 400\">Friday Night <\/span><b>Magic<\/b><\/li>\n<li style=\"font-weight: 400\"><span style=\"font-weight: 400\">Presentaci\u00f3n<\/span><\/li>\n<li style=\"font-weight: 400\"><span style=\"font-weight: 400\">Launch Party<\/span><\/li>\n<li style=\"font-weight: 400\"><b>Magic<\/b><span style=\"font-weight: 400\"> Game Day<\/span><\/li>\n<li style=\"font-weight: 400\"><span style=\"font-weight: 400\">Otros torneos no-premier de <\/span><b>Magic<\/b><\/li>\n<li style=\"font-weight: 400\"><span style=\"font-weight: 400\">Torneos en los cuales la hoja informativa oficial del torneo de Wizards of the Coast espec\u00edficamente permita a los oficiales de ese torneo jugar en \u00e9l.<\/span><\/li>\n<\/ul>\n<p><span style=\"font-weight: 400\">Si uno o m\u00e1s oficiales del torneo juegan en \u00e9l, debe ser organizado con Nivel de Imposici\u00f3n de Reglas Normal. Si hay oficiales del torneo jugando en \u00e9l y el torneo no es uno de los mencionados arriba, el torneo ser\u00e1 invalidado. Los oficiales del torneo deben oficiar los torneos de manera justa sin importar sus propios intereses.<\/span><\/p>\n<p><span style=\"font-weight: 400\">Los propietarios de organizaciones que organizan torneos Premier no pueden jugar en esos torneos, incluso si el propietario no figura como un oficial del torneo (organizador, juez y\/o administrador de resultados) para ese torneo.<\/span><\/p>\n<p><span style=\"font-weight: 400\">Los Eventos Premier incluyen los siguientes torneos: <\/span><b>Magic: The Gathering <\/b><span style=\"font-weight: 400\">World Championship, World <\/span><b>Magic <\/b><span style=\"font-weight: 400\">Cup, Nationals, Nationals Last Chance Qualifiers, Pro Tour, Regional Pro Tour Qualifiers, Regional Last Chance Qualifiers, Preliminary Pro Tour Qualifiers, Pro Tour Qualifiers, Grand Prix, Grand Prix Trials, WPN Premium Tournaments y WPN Premium Qualifiers.<\/span><\/p>\n<p><span style=\"font-weight: 400\">Algunos torneos tienen criterios adicionales de elegibilidad de jugadores y oficiales de torneo (por ejemplo, torneos por invitaci\u00f3n, como los torneos Pro Tour).<\/span><\/p>\n<p><span style=\"font-weight: 400\">La pol\u00edtica de invitaci\u00f3n de torneos premier define las reglas de elegibilidad espec\u00edficas para ciertos tipos de torneos premier por invitaci\u00f3n (por ejemplo Pro Tours).<\/span><\/p>\n<p><span style=\"font-weight: 400\">Los individuos que tengan preguntas sobre la elegibilidad de torneo deber\u00edan contactar al Administrador de Pol\u00edticas de la DCI (Scott.Larabee@wizards.com).<\/span><\/p>\n<p><span style=\"font-weight: 400\"><div class=\"alert alert-info\" role=\"alert\"> <\/span><i><span style=\"font-weight: 400\">Todos los eventos de Nivel de Imposici\u00f3n de Reglas Competitivo o Profesional requieren que jugadores y jueces sean personas distintas, por los potenciales problemas que puede causar. Si alguien estuviera jugando contra una persona que est\u00e1 de juez en un evento que da importantes premios, puede hacer que sienta desconfianza en la habilidad del juez para mantenerse imparcial, especialmente si necesita hacer una pregunta acerca de una carta en su mano.<\/span><\/i><\/p>\n<p><i><span style=\"font-weight: 400\">Hace varios a\u00f1os atr\u00e1s, incluso en los eventos de Nivel de Imposici\u00f3n de Reglas Normal se requer\u00eda que los jugadores y jueces fueran distintas personas, lo que causaba que mucha gente no quisiera certificarse como juez, ya que significaba que s\u00f3lo podr\u00eda jugar en raras ocasiones. Por un tiempo tambi\u00e9n estuvo en efecto la \u201cregla de los 3 jueces\u201d, que significaba que si hab\u00edan 3 jueces ellos pod\u00edan jugar y participar como jueces, ya que siempre habr\u00eda un juez no involucrado en una partida en la que fueran llamados.<\/span><\/i><\/p>\n<p><i><span style=\"font-weight: 400\">Los \u201ctorneos en los cuales la hoja informativa oficial del torneo de Wizards of the Coast espec\u00edficamente permite a los oficiales de ese torneo jugar en \u00e9l\u201d no tiene nada bajo esta categor\u00eda, pero es una opci\u00f3n para el futuro. La pol\u00edtica general es que en todos los eventos de Nivel de Imposici\u00f3n de Reglas Normal un individuo puede jugar y actuar como Oficial de Torneo, y en Competitivo y Profesional no.<\/span><\/i><span style=\"font-weight: 400\"><\/div><\/span><\/p>\n","protected":false},"excerpt":{"rendered":"<p>Cualquiera puede participar como jugador en un torneo sancionado por la DCI excepto: Individuos actualmente suspendidos por la DCI. La lista actual de jugadores suspendidos por la DCI se encuentra en http:\/\/www.wizards.com\/default.asp?x=dci\/suspended. Los individuos actualmente suspendidos por la DCI no pueden actuar como oficiales de torneo; Otros individuos espec\u00edficamente prohibidos de participar por pol\u00edticas de [&hellip;]<\/p>\n","protected":false},"author":190,"featured_media":0,"parent":0,"menu_order":0,"comment_status":"closed","ping_status":"closed","template":"","meta":{"footnotes":"","_links_to":"","_links_to_target":""},"language":[8],"class_list":["post-5940","page","type-page","status-publish","hentry","language-es"],"_links":{"self":[{"href":"https:\/\/blogs.magicjudges.org\/rules\/wp-json\/wp\/v2\/pages\/5940","targetHints":{"allow":["GET"]}}],"collection":[{"href":"https:\/\/blogs.magicjudges.org\/rules\/wp-json\/wp\/v2\/pages"}],"about":[{"href":"https:\/\/blogs.magicjudges.org\/rules\/wp-json\/wp\/v2\/types\/page"}],"author":[{"embeddable":true,"href":"https:\/\/blogs.magicjudges.org\/rules\/wp-json\/wp\/v2\/users\/190"}],"replies":[{"embeddable":true,"href":"https:\/\/blogs.magicjudges.org\/rules\/wp-json\/wp\/v2\/comments?post=5940"}],"version-history":[{"count":6,"href":"https:\/\/blogs.magicjudges.org\/rules\/wp-json\/wp\/v2\/pages\/5940\/revisions"}],"predecessor-version":[{"id":8545,"href":"https:\/\/blogs.magicjudges.org\/rules\/wp-json\/wp\/v2\/pages\/5940\/revisions\/8545"}],"wp:attachment":[{"href":"https:\/\/blogs.magicjudges.org\/rules\/wp-json\/wp\/v2\/media?parent=5940"}],"wp:term":[{"taxonomy":"language","embeddable":true,"href":"https:\/\/blogs.magicjudges.org\/rules\/wp-json\/wp\/v2\/language?post=5940"}],"curies":[{"name":"wp","href":"https:\/\/api.w.org\/{rel}","templated":true}]}}