{"id":5942,"date":"2017-01-08T03:20:03","date_gmt":"2017-01-08T00:20:03","guid":{"rendered":"http:\/\/blogs.magicjudges.org\/rules\/?page_id=5942"},"modified":"2018-10-03T08:15:47","modified_gmt":"2018-10-03T05:15:47","slug":"mtr1-5-es","status":"publish","type":"page","link":"https:\/\/blogs.magicjudges.org\/rules\/mtr1-5-es\/","title":{"rendered":"MTR 1.5 Numero de membres\u00eda DCI"},"content":{"rendered":"<p><span style=\"font-weight: 400\">Los participantes de un torneo deben dar su n\u00famero de membres\u00eda DCI al Administrador de resultados durante la inscripci\u00f3n.<\/span><\/p>\n<p><span style=\"font-weight: 400\"><div class=\"alert alert-info\" role=\"alert\"> <\/span><i><span style=\"font-weight: 400\">Vale la pena mencionar que s\u00f3lo porque el software del administrador de resultados permita inscribir a alguien sin ning\u00fan problema, eso no significa necesariamente que sea elegible. El Wizards Event Reporter no mantiene un registro activo y actualizado de la<\/span><\/i><a href=\"http:\/\/magic.wizards.com\/en\/content\/suspended-dci-memberships\"> <i><span style=\"font-weight: 400\">lista de jugadores suspendidos<\/span><\/i><\/a><i><span style=\"font-weight: 400\">. Se recomienda que los Jueces, Organizadores de Torneo y Administradores de resultados revisen regularmente la lista para estar al tanto de potenciales jugadores suspendidos en su \u00e1rea.<\/span><\/i><\/p>\n<p><i><span style=\"font-weight: 400\">El n\u00famero DCI tambi\u00e9n ayuda a mantener un registro sobre cu\u00e1les eventos la gente juega por Puntos Planeswalkers, y permite identificar un\u00edvocamente a jugadores en eventos donde puede haber varios jugadores con el mismo nombre.<\/span><\/i><span style=\"font-weight: 400\"><\/div><\/span><\/p>\n<p><span style=\"font-weight: 400\">Los jugadores que no tengan un n\u00famero de DCI deben obtener uno de <\/span><a href=\"https:\/\/accounts.wizards.com\/\"><span style=\"font-weight: 400\">https:\/\/accounts.wizards.com\/<\/span><\/a><span style=\"font-weight: 400\"> antes de participar del evento. Si un jugador no tiene un n\u00famero de DCI previo al evento, el Organizador de torneo puede proveer uno. Los jugadores solo pueden tener un n\u00famero de DCI, y los jugadores con varios n\u00fameros de DCI deben contactar a Wizards of the Coast para combinar su informaci\u00f3n de dos o m\u00e1s n\u00fameros de DCI.<\/span><\/p>\n<p><span style=\"font-weight: 400\"><div class=\"alert alert-info\" role=\"alert\"> <\/span><i><span style=\"font-weight: 400\">Los jugadores sin un n\u00famero DCI deben tener uno para poder participar en torneos sancionados de Magic. Los jugadores no pueden tener m\u00e1s de un n\u00famero DCI que usen cuando participen en torneos sancionados de Magic.<\/span><\/i><\/p>\n<p><i><span style=\"font-weight: 400\">Si un jugador termina con m\u00e1s de un n\u00famero DCI, ellos pueden fusionar esas membres\u00edas en l\u00ednea. Sin embargo, los jugadores no pueden mantener intencionalmente m\u00faltiples membres\u00edas (por ejemplo, para poder jugar mientras su n\u00famero principal est\u00e1 suspendido). Se requiere tambi\u00e9n que los jugadores utilicen sus nombres reales, que utilizan en su vida real. Su nombre registrado no tiene que ser necesariamente su nombre legal completo; un jugador puede registrarse como \u201cNacho\u201d en vez de Ignacio, o utilizando su segundo nombre, pero no puede registrarse como \u201cEl Chapul\u00edn Colorado metalero\u201d. El nombre registrado debe ser uno con el cual el jugador pueda identificarse a s\u00ed mismo.<\/span><\/i><span style=\"font-weight: 400\"><\/div><\/span><\/p>\n<p><span style=\"font-weight: 400\">Los resultados que contengan n\u00fameros o nombres provisorios o alguna otra clase de recordatorio no pueden ser reportados a la DCI.<\/span><\/p>\n<p><span style=\"font-weight: 400\"><div class=\"alert alert-info\" role=\"alert\"> <\/span><i><span style=\"font-weight: 400\">Cuentas falsas de jugadores y nombres incorrectos no pueden existir en los resultados enviados a la DCI. Un ejemplo de esto ser\u00edan los \u201cSleep in Special\u201d ofrecidos a los jugadores con Byes en los Grand Prix. Ya que los jugadores no estar\u00e1n para los anuncios iniciales, el Administrador de resultados usualmente les cambia el nombre a \u201czzzzzzApellido, Nombrezzzzzzz\u201d para que esas personas est\u00e9n sentadas al final de la lista de los jugadores presentes, y que de esta forma no haya espacios vac\u00edos entre los jugadores que est\u00e1n presentes.<\/span><\/i><\/p>\n<p><i><span style=\"font-weight: 400\">Algunos Organizadores de torneo pueden a\u00f1adir un jugador falso para poder sancionar un evento que tiene 7 jugadores. Esto est\u00e1 estrictamente prohibido. Si s\u00f3lo 7 personas se presentan para un evento, los jugadores todav\u00eda pueden jugar, pero el evento debe ser corrido como un evento sin sancionar. Referirse a<\/span><\/i><a href=\"http:\/\/blogs.magicjudges.org\/rules\/mtr10-1-es\/\"> <i><span style=\"font-weight: 400\">MTR 10.1<\/span><\/i><\/a><i><span style=\"font-weight: 400\"> para mayor informaci\u00f3n sobre m\u00ednimos de participaci\u00f3n.<\/span><\/i><span style=\"font-weight: 400\"><\/div><\/span><\/p>\n<p style=\"text-align: justify;margin-bottom: 0px\">\n","protected":false},"excerpt":{"rendered":"<p>Los participantes de un torneo deben dar su n\u00famero de membres\u00eda DCI al Administrador de resultados durante la inscripci\u00f3n. Los jugadores que no tengan un n\u00famero de DCI deben obtener uno de https:\/\/accounts.wizards.com\/ antes de participar del evento. Si un jugador no tiene un n\u00famero de DCI previo al evento, el Organizador de torneo puede [&hellip;]<\/p>\n","protected":false},"author":190,"featured_media":0,"parent":0,"menu_order":0,"comment_status":"closed","ping_status":"closed","template":"","meta":{"footnotes":"","_links_to":"","_links_to_target":""},"language":[8],"class_list":["post-5942","page","type-page","status-publish","hentry","language-es"],"_links":{"self":[{"href":"https:\/\/blogs.magicjudges.org\/rules\/wp-json\/wp\/v2\/pages\/5942","targetHints":{"allow":["GET"]}}],"collection":[{"href":"https:\/\/blogs.magicjudges.org\/rules\/wp-json\/wp\/v2\/pages"}],"about":[{"href":"https:\/\/blogs.magicjudges.org\/rules\/wp-json\/wp\/v2\/types\/page"}],"author":[{"embeddable":true,"href":"https:\/\/blogs.magicjudges.org\/rules\/wp-json\/wp\/v2\/users\/190"}],"replies":[{"embeddable":true,"href":"https:\/\/blogs.magicjudges.org\/rules\/wp-json\/wp\/v2\/comments?post=5942"}],"version-history":[{"count":3,"href":"https:\/\/blogs.magicjudges.org\/rules\/wp-json\/wp\/v2\/pages\/5942\/revisions"}],"predecessor-version":[{"id":8340,"href":"https:\/\/blogs.magicjudges.org\/rules\/wp-json\/wp\/v2\/pages\/5942\/revisions\/8340"}],"wp:attachment":[{"href":"https:\/\/blogs.magicjudges.org\/rules\/wp-json\/wp\/v2\/media?parent=5942"}],"wp:term":[{"taxonomy":"language","embeddable":true,"href":"https:\/\/blogs.magicjudges.org\/rules\/wp-json\/wp\/v2\/language?post=5942"}],"curies":[{"name":"wp","href":"https:\/\/api.w.org\/{rel}","templated":true}]}}