{"id":5944,"date":"2017-01-08T03:23:53","date_gmt":"2017-01-08T00:23:53","guid":{"rendered":"http:\/\/blogs.magicjudges.org\/rules\/?page_id=5944"},"modified":"2018-10-03T08:16:08","modified_gmt":"2018-10-03T05:16:08","slug":"mtr1-6-es","status":"publish","type":"page","link":"https:\/\/blogs.magicjudges.org\/rules\/mtr1-6-es\/","title":{"rendered":"MTR 1.6 Organizador de torneo"},"content":{"rendered":"<p><span style=\"font-weight: 400\">El organizador de un torneo es responsable de toda la log\u00edstica del torneo, incluyendo:<\/span><\/p>\n<ul>\n<li style=\"font-weight: 400\"><span style=\"font-weight: 400\">Asegurarse de tener un n\u00famero de sanci\u00f3n de la DCI.<\/span><\/li>\n<\/ul>\n<p><span style=\"font-weight: 400\"><div class=\"alert alert-info\" role=\"alert\"> <\/span><i><span style=\"font-weight: 400\">Esto se obtiene sancionando el evento en el Wizards Event Reporter, en la creaci\u00f3n del evento. Cada evento tiene un n\u00famero \u00fanico de sanci\u00f3n.<\/span><\/i><span style=\"font-weight: 400\"><\/div><\/span><\/p>\n<ul>\n<li style=\"font-weight: 400\"><span style=\"font-weight: 400\">Ofrecer un lugar para el torneo que cumpla con las necesidades y expectativas del torneo.<\/span><\/li>\n<\/ul>\n<p><span style=\"font-weight: 400\"><div class=\"alert alert-info\" role=\"alert\"> <\/span><i><span style=\"font-weight: 400\">Para asegurar un evento fluido, el organizador de torneo debe proveer con un lugar para jugar que permita al evento tener el espacio suficiente para la cantidad de jugadores esperados. Esto puede variar desde la tienda que tienen donde hay espacio suficiente para correr un FNM, o arrendar un sal\u00f3n de un hotel o centro de convenciones para disponer de un lugar m\u00e1s adecuado.<\/span><\/i><span style=\"font-weight: 400\"><\/div><\/span><\/p>\n<ul>\n<li style=\"font-weight: 400\"><span style=\"font-weight: 400\">Promocionar el torneo antes de la fecha del evento.<\/span><\/li>\n<\/ul>\n<p><span style=\"font-weight: 400\"><div class=\"alert alert-info\" role=\"alert\"> <\/span><i><span style=\"font-weight: 400\">Para asegurar que los jugadores est\u00e9n disponibles para participar del torneo, debemos asegurarnos que sea promocionado d\u00f3nde y cu\u00e1ndo el evento ocurrir\u00e1. Esto puede variar desde asegurarse que el evento aparezca en<\/span><\/i><a href=\"http:\/\/locator.wizards.com\/\"> <i><span style=\"font-weight: 400\">Wizards Store &amp; Event Locator<\/span><\/i><\/a><i><span style=\"font-weight: 400\">, promocionar el evento en Facebook u otra plataforma, o hacer publicidad en sitios relacionados a Magic.<\/span><\/i><span style=\"font-weight: 400\"><\/div><\/span><\/p>\n<ul>\n<li style=\"font-weight: 400\"><span style=\"font-weight: 400\">Conseguir personal adecuado para ser oficiales de torneo.<\/span><\/li>\n<\/ul>\n<p><span style=\"font-weight: 400\"><div class=\"alert alert-info\" role=\"alert\"> <\/span><i><span style=\"font-weight: 400\">Los organizadores de torneo deben asegurar que disponen de oficiales de torneo calificados para cubrir el evento. Por ejemplo, las Pruebas para Grand Prix necesitan al menos un Juez Nivel 1, y los PPTQ requieren al menos un Juez Nivel 2. Personal adicional puede ser requerido para que el evento se desarrolle con eficiencia y a un ritmo razonable.<\/span><\/i><span style=\"font-weight: 400\"><\/div><\/span><\/p>\n<ul>\n<li style=\"font-weight: 400\"><span style=\"font-weight: 400\">Proveer todos los materiales necesarios para operar el torneo (por ejemplo producto para los torneos en formato Limitado).<\/span><\/li>\n<\/ul>\n<p><span style=\"font-weight: 400\"><div class=\"alert alert-info\" role=\"alert\"> <\/span><i><span style=\"font-weight: 400\">Los organizadores de torneo necesitan asegurar que el producto sellado y otros materiales requeridos est\u00e9n disponibles para un torneo de formato Limitado y que las listas de mazo est\u00e9n disponibles para torneos de formato Construido. Esto es bastante obvio. El organizador de torneo tambi\u00e9n es responsable de proveer muchas otras cosas que los jugadores dan por sentado, por ejemplo una computadora, una impresora para imprimir resultados y emparejamientos, cinta adhesiva, lugar para publicar los emparejamientos, el reloj de la ronda, tijeras o guillotina para cortar los talones de resultados. Algunos de estos no son requeridos, pero hacen que el evento vaya mucho m\u00e1s expedito, y usualmente los organizadores de torneo lo proveer\u00e1n. Algunos pueden encontrar v\u00edas alternativas para realizar alguna de estas tareas, como utilizar un televisor grande para publicar emparejamientos.<\/span><\/i><span style=\"font-weight: 400\"><\/div><\/span><\/p>\n<ul>\n<li style=\"font-weight: 400\"><span style=\"font-weight: 400\">Reportar los resultados del torneo a la DCI.<\/span><\/li>\n<li style=\"font-weight: 400\"><span style=\"font-weight: 400\">Guardar los talones de resultados de partidas de cada torneo por un per\u00edodo de 6 meses (para ayudar con apelaci\u00f3n de partidas).<\/span><\/li>\n<\/ul>\n<p style=\"text-align: justify\">\n","protected":false},"excerpt":{"rendered":"<p>El organizador de un torneo es responsable de toda la log\u00edstica del torneo, incluyendo: Asegurarse de tener un n\u00famero de sanci\u00f3n de la DCI. Ofrecer un lugar para el torneo que cumpla con las necesidades y expectativas del torneo. Promocionar el torneo antes de la fecha del evento. Conseguir personal adecuado para ser oficiales de [&hellip;]<\/p>\n","protected":false},"author":190,"featured_media":0,"parent":0,"menu_order":0,"comment_status":"closed","ping_status":"closed","template":"","meta":{"footnotes":"","_links_to":"","_links_to_target":""},"language":[8],"class_list":["post-5944","page","type-page","status-publish","hentry","language-es"],"_links":{"self":[{"href":"https:\/\/blogs.magicjudges.org\/rules\/wp-json\/wp\/v2\/pages\/5944","targetHints":{"allow":["GET"]}}],"collection":[{"href":"https:\/\/blogs.magicjudges.org\/rules\/wp-json\/wp\/v2\/pages"}],"about":[{"href":"https:\/\/blogs.magicjudges.org\/rules\/wp-json\/wp\/v2\/types\/page"}],"author":[{"embeddable":true,"href":"https:\/\/blogs.magicjudges.org\/rules\/wp-json\/wp\/v2\/users\/190"}],"replies":[{"embeddable":true,"href":"https:\/\/blogs.magicjudges.org\/rules\/wp-json\/wp\/v2\/comments?post=5944"}],"version-history":[{"count":3,"href":"https:\/\/blogs.magicjudges.org\/rules\/wp-json\/wp\/v2\/pages\/5944\/revisions"}],"predecessor-version":[{"id":8342,"href":"https:\/\/blogs.magicjudges.org\/rules\/wp-json\/wp\/v2\/pages\/5944\/revisions\/8342"}],"wp:attachment":[{"href":"https:\/\/blogs.magicjudges.org\/rules\/wp-json\/wp\/v2\/media?parent=5944"}],"wp:term":[{"taxonomy":"language","embeddable":true,"href":"https:\/\/blogs.magicjudges.org\/rules\/wp-json\/wp\/v2\/language?post=5944"}],"curies":[{"name":"wp","href":"https:\/\/api.w.org\/{rel}","templated":true}]}}