{"id":5946,"date":"2017-01-08T03:25:38","date_gmt":"2017-01-08T00:25:38","guid":{"rendered":"http:\/\/blogs.magicjudges.org\/rules\/?page_id=5946"},"modified":"2018-10-03T08:16:29","modified_gmt":"2018-10-03T05:16:29","slug":"mtr1-7-es","status":"publish","type":"page","link":"https:\/\/blogs.magicjudges.org\/rules\/mtr1-7-es\/","title":{"rendered":"MTR 1.7 Juez principal"},"content":{"rendered":"<p><span style=\"font-weight: 400\">Los torneos sancionados requieren de la presencia f\u00edsica de un juez principal durante el juego para resolver disputas, interpretar las reglas y tomar otras decisiones oficiales. El juez principal es la autoridad judicial final en cualquier torneo sancionado por la DCI y todos los participantes del torneo deben seguir sus interpretaciones. Aunque es beneficioso, el juez principal no necesariamente tiene que ser un juez certificado<\/span><\/p>\n<p><span style=\"font-weight: 400\"><div class=\"alert alert-info\" role=\"alert\"> <\/span><i><span style=\"font-weight: 400\">El juez principal de un torneo no es necesariamente un juez certificado. Usualmente el juez principal de un evento ser\u00e1 simplemente un empleado de la tienda o ser\u00e1 el mismo organizador de torneo. La mayor\u00eda de los eventos con Nivel Imposici\u00f3n de Reglas Competitivo tendr\u00e1n un juez principal certificado, pero no es algo necesariamente requerido. Ten en cuenta que algunos eventos requieren jueces principales de ciertos niveles. Mira el<\/span><\/i><a href=\"http:\/\/wpn.wizards.com\/en\/landing-page\/events\"> <i><span style=\"font-weight: 400\">sitio de WPN<\/span><\/i><\/a><i><span style=\"font-weight: 400\"> para los requerimientos de nivel de jueces.<\/span><\/i><span style=\"font-weight: 400\"><\/div><\/span><\/p>\n<p><span style=\"font-weight: 400\">Las responsabilidades del juez principal incluyen:<\/span><\/p>\n<ul>\n<li style=\"font-weight: 400\"><span style=\"font-weight: 400\">Asegurarse que se sigan todos los pasos necesarios para lidiar con violaciones a las reglas de juego o pol\u00edtica con que se encuentre o se le informen.<\/span><\/li>\n<\/ul>\n<p><span style=\"font-weight: 400\"><div class=\"alert alert-info\" role=\"alert\"> <\/span><i><span style=\"font-weight: 400\">En eventos grandes, el juez principal puede no ser el primer individuo en responder llamados. En ocasiones, el juez principal estar\u00e1 manejando otros aspectos del torneo y no estar\u00e1 disponible para atender llamados, o estar\u00e1 intentando dejar que un juez de piso que se encuentre disponible responda. Una raz\u00f3n para esto \u00faltimo es mantener disponible una cadena de apelaciones, permitiendo a los jugadores recibir un ruling inicial de un juez de piso y que tengan la opci\u00f3n de apelar al juez principal para confirmar este ruling o para revertirlo.<\/span><\/i><\/p>\n<p><i><span style=\"font-weight: 400\">El juez principal debe ser un recurso disponible para los jueces de piso. Una de las cosas m\u00e1s importantes que puede hacer un juez principal aqu\u00ed es discutir una llamada mal respondida con un jugador. Si un juez de piso responde de manera incorrecta una llamada, o si una apelaci\u00f3n es manejada incorrectamente, el juez principal deber\u00eda absolutamente revisarlo con los jugadores involucrados.<\/span><\/i><span style=\"font-weight: 400\"><\/div><\/span><\/p>\n<ul>\n<li style=\"font-weight: 400\"><span style=\"font-weight: 400\">Dictar las decisiones de reglas definitivas en todas las apelaciones, potencialmente contradiciendo la decisi\u00f3n de un juez de piso.<\/span><\/li>\n<\/ul>\n<p><span style=\"font-weight: 400\"><div class=\"alert alert-info\" role=\"alert\"> <\/span><i><span style=\"font-weight: 400\">Los jugadores tienen permitido apelar cualquier decisi\u00f3n de un juez de piso al juez principal. El juez principal es el \u00e1rbitro m\u00e1ximo de todos los rulings y eso algunas veces significar\u00e1 revertir la decisi\u00f3n de un juez de piso. Si una decisi\u00f3n es revertida, es vital que el juez principal explique el razonamiento detr\u00e1s de esta decisi\u00f3n tanto a los jugadores como al juez.<\/span><\/i><span style=\"font-weight: 400\"><\/div><\/span><\/p>\n<ul>\n<li style=\"font-weight: 400\"><span style=\"font-weight: 400\">Coordinar y delegar las tareas entre los jueces de piso seg\u00fan se necesite.<\/span><\/li>\n<\/ul>\n<p><span style=\"font-weight: 400\"><div class=\"alert alert-info\" role=\"alert\"> <\/span><i><span style=\"font-weight: 400\">En un torneo con m\u00faltiples jueces, el juez principal es responsable de asignar y organizar l\u00edderes de equipo y equipos. El juez principal crea los equipos (en grandes eventos a veces con la ayuda del organizador del torneo o con el encargado de jueces), y se asegura que las tareas de todos hayan sido entendidas. El juez principal tambi\u00e9n es responsable de observar a otros jueces en el evento. No todas las tareas asignadas son estrictamente operaciones de torneo y puede haber otras cosas que el organizador necesite.<\/span><\/i><span style=\"font-weight: 400\"><\/div><\/span><\/p>\n<p><span style=\"font-weight: 400\">Si es necesario, el juez principal puede transferir sus tareas a cualquier juez si no puede cumplirlas por un tiempo. Adem\u00e1s, en circunstancias excepcionales, si de lo contrario la integridad del torneo podr\u00eda verse da\u00f1ada, el organizador del torneo puede reemplazar al juez principal.<\/span><\/p>\n<p><span style=\"font-weight: 400\"><div class=\"alert alert-info\" role=\"alert\"> <\/span><i><span style=\"font-weight: 400\">En eventos de tienda esto es m\u00e1s com\u00fan en los recesos de almuerzo, pero tambi\u00e9n puede suceder si el juez principal se enferma o si termina su turno y un nuevo juez principal toma su lugar. Esto es incre\u00edblemente raro en eventos Premier, pero para eventos paralelos la persona que act\u00faa como juez principal puede ser m\u00e1s fluida. El organizador de torneo tiene la palabra final sobre si el juez principal necesita ser reemplazado por circunstancias excepcionales.<\/span><\/i><span style=\"font-weight: 400\"><\/div><\/span><\/p>\n<p><span style=\"font-weight: 400\">Algunos torneos premier pueden tener varios jueces principales y\/o distintos jueces principales para distintas partes del torneo. Todos los jueces principales comparten las mismas responsabilidades y tienen la misma autoridad mientras ofician de juez principal.<\/span><\/p>\n<p><span style=\"font-weight: 400\"><div class=\"alert alert-info\" role=\"alert\"> <\/span><i><span style=\"font-weight: 400\">Eventos grandes usualmente tendr\u00e1n varios jueces actuando como jueces principales (usualmente los puedes notar por usar camisas de juez borgo\u00f1as en eventos Premier o roja en eventos de Star City Games). Tambi\u00e9n es posible que el torneo sea organizado en varias tandas, cada una con su propio juez principal. Ning\u00fan juez principal es m\u00e1s \u201cprincipal\u201d que otro, y cada uno de sus rulings es final. Cada juez principal puede tomar apelaciones, llevar a cabo investigaciones y satisfacer todas las otras labores que son propias de un juez principal.<\/span><\/i><span style=\"font-weight: 400\"><\/div><\/span><\/p>\n<p style=\"text-align: justify;margin-bottom: 0px\">\n","protected":false},"excerpt":{"rendered":"<p>Los torneos sancionados requieren de la presencia f\u00edsica de un juez principal durante el juego para resolver disputas, interpretar las reglas y tomar otras decisiones oficiales. El juez principal es la autoridad judicial final en cualquier torneo sancionado por la DCI y todos los participantes del torneo deben seguir sus interpretaciones. Aunque es beneficioso, el [&hellip;]<\/p>\n","protected":false},"author":190,"featured_media":0,"parent":0,"menu_order":0,"comment_status":"closed","ping_status":"closed","template":"","meta":{"footnotes":"","_links_to":"","_links_to_target":""},"language":[8],"class_list":["post-5946","page","type-page","status-publish","hentry","language-es"],"_links":{"self":[{"href":"https:\/\/blogs.magicjudges.org\/rules\/wp-json\/wp\/v2\/pages\/5946","targetHints":{"allow":["GET"]}}],"collection":[{"href":"https:\/\/blogs.magicjudges.org\/rules\/wp-json\/wp\/v2\/pages"}],"about":[{"href":"https:\/\/blogs.magicjudges.org\/rules\/wp-json\/wp\/v2\/types\/page"}],"author":[{"embeddable":true,"href":"https:\/\/blogs.magicjudges.org\/rules\/wp-json\/wp\/v2\/users\/190"}],"replies":[{"embeddable":true,"href":"https:\/\/blogs.magicjudges.org\/rules\/wp-json\/wp\/v2\/comments?post=5946"}],"version-history":[{"count":3,"href":"https:\/\/blogs.magicjudges.org\/rules\/wp-json\/wp\/v2\/pages\/5946\/revisions"}],"predecessor-version":[{"id":8344,"href":"https:\/\/blogs.magicjudges.org\/rules\/wp-json\/wp\/v2\/pages\/5946\/revisions\/8344"}],"wp:attachment":[{"href":"https:\/\/blogs.magicjudges.org\/rules\/wp-json\/wp\/v2\/media?parent=5946"}],"wp:term":[{"taxonomy":"language","embeddable":true,"href":"https:\/\/blogs.magicjudges.org\/rules\/wp-json\/wp\/v2\/language?post=5946"}],"curies":[{"name":"wp","href":"https:\/\/api.w.org\/{rel}","templated":true}]}}