{"id":5954,"date":"2017-01-08T03:33:48","date_gmt":"2017-01-08T00:33:48","guid":{"rendered":"http:\/\/blogs.magicjudges.org\/rules\/?page_id=5954"},"modified":"2018-10-03T08:17:48","modified_gmt":"2018-10-03T05:17:48","slug":"mtr1-11-es","status":"publish","type":"page","link":"https:\/\/blogs.magicjudges.org\/rules\/mtr1-11-es\/","title":{"rendered":"MTR 1.11 Espectadores"},"content":{"rendered":"<p><span style=\"font-weight: 400\">Cualquier persona f\u00edsicamente presente en el torneo y que no est\u00e1 en una de las categor\u00edas mencionadas es un espectador. Los espectadores son responsables de permanecer pasivos y en silencio durante las partidas y otras secciones oficiales del torneo en el cual se requiera a los jugadores tambi\u00e9n permanecer en silencio.<\/span><\/p>\n<p><span style=\"font-weight: 400\"><div class=\"alert alert-info\" role=\"alert\"> <\/span><i><span style=\"font-weight: 400\">Esto es importante para mantener el lugar del evento tan c\u00f3modo como sea posible para los jugadores durante sus partidas, y prevenir cualquier oportunidad de ayuda externa por cualquier comentario o hacer que los jugadores pierdan el enfoque por la creaci\u00f3n de ruido excesivo.<\/span><\/i><span style=\"font-weight: 400\"><\/div><\/span><\/p>\n<p><span style=\"font-weight: 400\">Si los espectadores creen que han visto una violaci\u00f3n de pol\u00edticas o reglas, se los incita a llamar a un juez tan pronto como sea posible. En Nivel de Imposici\u00f3n de Reglas Normal o Competitivo, los espectadores pueden pedir a los jugadores que pausen la partida mientras avisan a un juez. A nivel de imposici\u00f3n de reglas profesional, los espectadores que no son miembros del equipo de cobertura oficial no deben interferir con la partida directamente.<\/span><\/p>\n<p><span style=\"font-weight: 400\"><div class=\"alert alert-info\" role=\"alert\"> <\/span><i><span style=\"font-weight: 400\">Los jueces son personas, y algunas veces errores o incluso sucesos sospechosos son pasados por alto. Los espectadores pueden pausar una partida en Nivel de Reglas Normal y Competitivo. Los espectadores pueden err\u00f3neamente identificar una acci\u00f3n o estado del juego ilegal (usualmente con disparos olvidados), as\u00ed que es importante que un juez se involucre tan pronto como sea posible y que los espectadores no den informaci\u00f3n a los jugadores durante la partida. Para mayor informaci\u00f3n sobre los distintos niveles de imposici\u00f3n de reglas, mira<\/span><\/i><a href=\"http:\/\/blogs.magicjudges.org\/rules\/mtr1-12-es\/\"> <i><span style=\"font-weight: 400\">MTR 1.12<\/span><\/i><\/a><i><span style=\"font-weight: 400\">.<\/span><\/i><\/p>\n<p><i><span style=\"font-weight: 400\">Los miembros del equipo de cobertura est\u00e1n habilitados para llamar la atenci\u00f3n del equipo de jueces sobre posibles problemas con el juego<\/span><\/i><span style=\"font-weight: 400\"><\/div><\/span><\/p>\n<p><span style=\"font-weight: 400\">Los jugadores pueden requerir que un espectador no observe sus partidas. Estas solicitudes deben ser realizadas por intermedio de un juez. Los oficiales de torneos pueden pedir a un espectador que no observe una partida.<\/span><\/p>\n<p><span style=\"font-weight: 400\"><div class=\"alert alert-info\" role=\"alert\"> <\/span><i><span style=\"font-weight: 400\">Algunos espectadores pueden estar haciendo \u201cscouting\u201d a otros jugadores o incluso estar conversando demasiado. Los jugadores pueden pedir a los jueces que mantengan a los espectadores lejos de sus partidas. Los jueces usualmente tratar\u00e1n de honrar la petici\u00f3n, pero nos reservamos el derecho de rechazarla si la petici\u00f3n es poco razonable.<\/span><\/i><span style=\"font-weight: 400\"><\/div><\/span><\/p>\n<p>&nbsp;<\/p>\n","protected":false},"excerpt":{"rendered":"<p>Cualquier persona f\u00edsicamente presente en el torneo y que no est\u00e1 en una de las categor\u00edas mencionadas es un espectador. Los espectadores son responsables de permanecer pasivos y en silencio durante las partidas y otras secciones oficiales del torneo en el cual se requiera a los jugadores tambi\u00e9n permanecer en silencio. Si los espectadores creen [&hellip;]<\/p>\n","protected":false},"author":190,"featured_media":0,"parent":0,"menu_order":0,"comment_status":"closed","ping_status":"closed","template":"","meta":{"footnotes":"","_links_to":"","_links_to_target":""},"language":[8],"class_list":["post-5954","page","type-page","status-publish","hentry","language-es"],"_links":{"self":[{"href":"https:\/\/blogs.magicjudges.org\/rules\/wp-json\/wp\/v2\/pages\/5954","targetHints":{"allow":["GET"]}}],"collection":[{"href":"https:\/\/blogs.magicjudges.org\/rules\/wp-json\/wp\/v2\/pages"}],"about":[{"href":"https:\/\/blogs.magicjudges.org\/rules\/wp-json\/wp\/v2\/types\/page"}],"author":[{"embeddable":true,"href":"https:\/\/blogs.magicjudges.org\/rules\/wp-json\/wp\/v2\/users\/190"}],"replies":[{"embeddable":true,"href":"https:\/\/blogs.magicjudges.org\/rules\/wp-json\/wp\/v2\/comments?post=5954"}],"version-history":[{"count":4,"href":"https:\/\/blogs.magicjudges.org\/rules\/wp-json\/wp\/v2\/pages\/5954\/revisions"}],"predecessor-version":[{"id":8351,"href":"https:\/\/blogs.magicjudges.org\/rules\/wp-json\/wp\/v2\/pages\/5954\/revisions\/8351"}],"wp:attachment":[{"href":"https:\/\/blogs.magicjudges.org\/rules\/wp-json\/wp\/v2\/media?parent=5954"}],"wp:term":[{"taxonomy":"language","embeddable":true,"href":"https:\/\/blogs.magicjudges.org\/rules\/wp-json\/wp\/v2\/language?post=5954"}],"curies":[{"name":"wp","href":"https:\/\/api.w.org\/{rel}","templated":true}]}}