{"id":5956,"date":"2017-01-08T03:35:03","date_gmt":"2017-01-08T00:35:03","guid":{"rendered":"http:\/\/blogs.magicjudges.org\/rules\/?page_id=5956"},"modified":"2018-10-03T08:18:20","modified_gmt":"2018-10-03T05:18:20","slug":"mtr1-12-es","status":"publish","type":"page","link":"https:\/\/blogs.magicjudges.org\/rules\/mtr1-12-es\/","title":{"rendered":"MTR 1.12 Nivel de imposici\u00f3n de reglas"},"content":{"rendered":"<p><span style=\"font-weight: 400\">Los Niveles de imposici\u00f3n de reglas (NIR) son una manera de comunicar a los jugadores y jueces qu\u00e9 expectativas pueden tener del torneo en t\u00e9rminos de rigidez en la imposici\u00f3n de reglas, juego t\u00e9cnicamente correcto y procedimientos usados.<\/span><\/p>\n<p><span style=\"font-weight: 400\"><div class=\"alert alert-info\" role=\"alert\"> <\/span><i><span style=\"font-weight: 400\">La mentalidad y la actitud que se espera del jugador promedio y el tipo de comportamiento de los jueces y otros jugadores son diferentes en cada Nivel de Imposici\u00f3n de Reglas. Del m\u00e1s casual al m\u00e1s estricto, los Niveles de Imposici\u00f3n de Reglas son: Normal, Competitivo y Profesional.<\/span><\/i><span style=\"font-weight: 400\"><\/div><\/span><\/p>\n<p><span style=\"font-weight: 400\">El Nivel de Imposici\u00f3n de Reglas de un torneo generalmente refleja los premios entregados y la distancia que podr\u00eda esperarse que un jugador viaje para participar.<\/span><\/p>\n<p><span style=\"font-weight: 400\"><div class=\"alert alert-info\" role=\"alert\"> <\/span><i><span style=\"font-weight: 400\">Por ejemplo, los FNM son corridos en Nivel de Imposici\u00f3n de Reglas Normal, atrae a la comunidad local de jugadores, y usualmente ofrece uno o dos sobres por persona como premio. Los PPTQ\u2019s, por otro lado, son corridos en Nivel de Imposici\u00f3n de Reglas Competitivo, pueden atraer a jugadores de hasta unas cuantas horas de distancia, y suelen tener premios en dinero, as\u00ed como tambi\u00e9n una invitaci\u00f3n al RPTQ. El d\u00eda dos de los Grand Prix y los Pro Tour son corridos en un Nivel de Imposici\u00f3n de Reglas Profesional, congregando a jugadores de todo el mundo, y ofrece premios sustanciales en dinero.<\/span><\/i><span style=\"font-weight: 400\"><\/div><\/span><\/p>\n<p><span style=\"font-weight: 400\">El Nivel de Imposici\u00f3n de Reglas adecuado para programas espec\u00edficos se encuentra en el<\/span><a href=\"http:\/\/blogs.magicjudges.org\/rules\/mtr-appendix-f\/\"> <span style=\"font-weight: 400\">Ap\u00e9ndice F<\/span><\/a><span style=\"font-weight: 400\">.<\/span><\/p>\n<p style=\"text-align: justify;margin-bottom: 0px\">\n<p><b>Normal<\/b><\/p>\n<p><span style=\"font-weight: 400\">Los torneos normales est\u00e1n focalizados en los aspectos sociales y de entretenimiento, no en el profesionalismo. La mayor\u00eda de los torneos se organizan en este nivel a menos que ofrezcan premios grandes o invitaciones. Se espera que los jugadores conozcan la mayor\u00eda de las reglas de juego, hayan o\u00eddo hablar de pol\u00edticas y lo que est\u00e1 \u201crealmente mal\u201d, pero normalmente juegan de la misma manera que juegan en casa. Los jugadores siguen siendo responsables de seguir las reglas, pero el foco est\u00e1 en la educaci\u00f3n y juego deportivo m\u00e1s que el juego t\u00e9cnicamente preciso. Las infracciones en estos torneos est\u00e1n cubiertas por el <\/span><a href=\"http:\/\/blogs.magicjudges.org\/rules\/jar\/\"><span style=\"font-weight: 400\">documento Juzgando a Nivel de Imposici\u00f3n de Reglas Normal<\/span><\/a><span style=\"font-weight: 400\">, ubicado (en ingl\u00e9s) en <\/span><a href=\"https:\/\/wpn.wizards.com\/es\/document\/magic-gathering-judging-regular-rel\"><span style=\"font-weight: 400\">https:\/\/wpn.wizards.com\/es\/document\/magic-gathering-judging-regular-rel<\/span><\/a><span style=\"font-weight: 400\">. <\/span><\/p>\n<p><span style=\"font-weight: 400\"><div class=\"alert alert-info\" role=\"alert\"> <\/span><i><span style=\"font-weight: 400\">Este es un paso m\u00e1s arriba que el juego casual de Magic. Nota que las GPI no aplican en torneos de Nivel de Imposici\u00f3n de Reglas Normal. En vez de eso, usamos el documento<\/span><\/i><a href=\"http:\/\/www.dcirules.org\/resources\/spanish\/MTG_JAR_26Sep14_ES.pdf\/\"> <i><span style=\"font-weight: 400\">Juzgando en NIR Normal<\/span><\/i><\/a><i><span style=\"font-weight: 400\">, que establece el terreno para una atm\u00f3sfera divertida, casual, donde s\u00f3lo quienes cometan faltas reiteradamente o quienes causen serios problemas &#8211; como hacer trampa, comportamiento agresivo, sobornos y robo &#8211; son castigados. En vez de castigar a jugadores por errores inocentes de juego y de torneo, es nuestro trabajo como jueces en Nivel de Imposici\u00f3n de Reglas Normal ayudarles a aprender la forma correcta de jugar para que puedan ser exitosos cuando jueguen en eventos con un Nivel de Imposici\u00f3n de Reglas mayor. <\/span><\/i><span style=\"font-weight: 400\"><\/div><\/span><\/p>\n<p style=\"text-align: justify;margin-bottom: 0px\">\n<p><b>Competitivo<\/b><\/p>\n<p><span style=\"font-weight: 400\">Los torneos competitivos son aquellos con importantes premios en efectivo y\/o invitaciones para torneos profesionales. Se espera que los jugadores conozcan las reglas de juego y que est\u00e9 familiarizados con las pol\u00edticas y procedimientos, aunque los errores no intencionales no se castigan con severidad. Estos son torneos que protegen los intereses de todos los jugadores asegurando la integridad del torneo mientras al mismo tiempo se reconoce que no todos los jugadores est\u00e1n \u00edntimamente familiarizados con la estructura de torneos profesionales,los procedimientos correctos y las reglas. Las infracciones en estos torneos est\u00e1n cubiertas por la<\/span><a href=\"http:\/\/blogs.magicjudges.org\/rules\/ipg\/\"> <span style=\"font-weight: 400\">Gu\u00eda de procedimientos de infracciones<\/span><\/a><span style=\"font-weight: 400\">, ubicada (en ingl\u00e9s) en<\/span><a href=\"http:\/\/wpn.wizards.com\/en\/document\/magic-infraction-procedure-guide\"> <span style=\"font-weight: 400\">http:\/\/wpn.wizards.com\/en\/document\/magic-infraction-procedure-guide<\/span><\/a><span style=\"font-weight: 400\">.<\/span><\/p>\n<p><span style=\"font-weight: 400\"><div class=\"alert alert-info\" role=\"alert\"> <\/span><i><span style=\"font-weight: 400\">Este es el Nivel de Imposici\u00f3n de Reglas en que se corre la mayor\u00eda de los torneos competitivos de Magic. GPT, PPTQ\u2019s, RPTQ\u2019s, y el d\u00eda uno de los Grand Prix son corridos en Nivel de Imposici\u00f3n de Reglas Competitivo. Un juego t\u00e9cnico m\u00e1s preciso y una comunicaci\u00f3n m\u00e1s clara son ambas importantes en este nivel, y las infracciones de torneo y de juego son penalizadas de acuerdo a la GPI.<\/span><\/i><\/p>\n<p><i><span style=\"font-weight: 400\">El Registro de mazo es necesario (<\/span><\/i><a href=\"http:\/\/blogs.magicjudges.org\/rules\/mtr2-7-es\/\"><i><span style=\"font-weight: 400\">MTR 2.7<\/span><\/i><\/a><i><span style=\"font-weight: 400\">), y los jueces deben ejecutar revisiones de mazos durante el torneo (<\/span><\/i><a href=\"http:\/\/blogs.magicjudges.org\/rules\/mtr2-7-es\/\"><i><span style=\"font-weight: 400\">MTR 2.7<\/span><\/i><\/a><i><span style=\"font-weight: 400\">). Se requiere que los jugadores barajen los mazos de sus oponentes despu\u00e9s de que ellos lo hayan barajado (<\/span><\/i><a href=\"http:\/\/blogs.magicjudges.org\/rules\/mtr3-9\/\"><i><span style=\"font-weight: 400\">MTR 3.9<\/span><\/i><\/a><i><span style=\"font-weight: 400\">), y ciertos tipos de protectores est\u00e1n prohibidos (<\/span><\/i><a href=\"http:\/\/blogs.magicjudges.org\/rules\/mtr3-10-es\/\"><i><span style=\"font-weight: 400\">MTR 3.10<\/span><\/i><\/a><i><span style=\"font-weight: 400\">).<\/span><\/i><\/p>\n<p><i><span style=\"font-weight: 400\">Con ciertas excepciones, los jugadores no pueden utilizar aparatos electr\u00f3nicos capaces de tomar y guardar notas, comunicarse con otras personas, o acceder a internet durante el proceso de draft, construcci\u00f3n de mazo o una partida (<\/span><\/i><a href=\"http:\/\/blogs.magicjudges.org\/rules\/mtr2-12-es\/\"><i><span style=\"font-weight: 400\">MTR 2.12<\/span><\/i><\/a><i><span style=\"font-weight: 400\">).<\/span><\/i><span style=\"font-weight: 400\"><\/div><\/span><\/p>\n<p style=\"text-align: justify;margin-bottom: 0px\">\n<p><b>Profesional<\/b><\/p>\n<p><span style=\"font-weight: 400\">Los torneos de nivel profesional ofrecen grandes premios en efectivo, prestigio y otros beneficios que atraen a los jugadores de lugares distantes. Estos torneos esperan de los jugadores un alto nivel de comportamiento y juego t\u00e9cnicamente correcto, m\u00e1s que en los torneos competitivos. Las infracciones en estos torneos est\u00e1n cubiertas por la<\/span><\/p>\n<p><a href=\"http:\/\/blogs.magicjudges.org\/rules\/ipg\/\"><span style=\"font-weight: 400\">Gu\u00eda de procedimientos de infracciones<\/span><\/a><span style=\"font-weight: 400\">, ubicada (en ingl\u00e9s) en<\/span><a href=\"http:\/\/wpn.wizards.com\/en\/document\/magic-infraction-procedure-guide\"> <span style=\"font-weight: 400\">http:\/\/wpn.wizards.com\/en\/document\/magic-infraction-procedure-guide<\/span><\/a><span style=\"font-weight: 400\">.<\/span><\/p>\n<p><span style=\"font-weight: 400\"><div class=\"alert alert-info\" role=\"alert\"> <\/span><i><span style=\"font-weight: 400\">Este es el Nivel de Imposici\u00f3n de Reglas m\u00e1s estricto y correspondientemente raro. El d\u00eda dos de los Grand Prix y los Pro Tour ambos se corren en un Nivel de Imposici\u00f3n de Reglas Profesional.<\/span><\/i><\/p>\n<p><i><span style=\"font-weight: 400\">El Registro de mazo es necesario (<\/span><\/i><a href=\"http:\/\/blogs.magicjudges.org\/rules\/mtr2-7-es\/\"><i><span style=\"font-weight: 400\">MTR 2.7<\/span><\/i><\/a><i><span style=\"font-weight: 400\">), y los jueces deben ejecutar revisiones de mazos durante el torneo(<\/span><\/i><a href=\"http:\/\/blogs.magicjudges.org\/rules\/mtr2-7-es\/\"><i><span style=\"font-weight: 400\">MTR 2.7<\/span><\/i><\/a><i><span style=\"font-weight: 400\">). Se requiere que los jugadores barajen los mazos de sus oponentes despu\u00e9s de que ellos lo hayan barajado (<\/span><\/i><a href=\"http:\/\/blogs.magicjudges.org\/rules\/mtr3-9\/\"><i><span style=\"font-weight: 400\">MTR 3.9<\/span><\/i><\/a><i><span style=\"font-weight: 400\">), y ciertos tipos de protectores est\u00e1n prohibidos (<\/span><\/i><a href=\"http:\/\/blogs.magicjudges.org\/rules\/mtr3-10-es\/\"><i><span style=\"font-weight: 400\">MTR 3.10<\/span><\/i><\/a><i><span style=\"font-weight: 400\">).<\/span><\/i><\/p>\n<p><i><span style=\"font-weight: 400\">Con ciertas excepciones, los jugadores no pueden utilizar aparatos electr\u00f3nicos capaces de tomar y guardar notas, comunicarse con otras personas, o acceder a internet durante el proceso de draft, construcci\u00f3n de mazo o una partida (<\/span><\/i><a href=\"http:\/\/blogs.magicjudges.org\/rules\/mtr2-12-es\/\"><i><span style=\"font-weight: 400\">MTR 2.12<\/span><\/i><\/a><i><span style=\"font-weight: 400\">).<\/span><\/i><\/p>\n<p><i><span style=\"font-weight: 400\">Los jugadores que se encuentren jugando en el \u00e1rea de feature match de torneos de Nivel de Imposici\u00f3n de Reglas Profesional deben organizar sus cartas de acuerdo a la disposici\u00f3n indicada en <\/span><\/i><a href=\"https:\/\/blogs.magicjudges.org\/rules\/mtr4-7-es\/\"><i><span style=\"font-weight: 400\">MTR 4.7<\/span><\/i><\/a><span style=\"font-weight: 400\">.<\/div><\/span><\/p>\n<p style=\"text-align: justify;margin-bottom: 0px\">\n","protected":false},"excerpt":{"rendered":"<p>Los Niveles de imposici\u00f3n de reglas (NIR) son una manera de comunicar a los jugadores y jueces qu\u00e9 expectativas pueden tener del torneo en t\u00e9rminos de rigidez en la imposici\u00f3n de reglas, juego t\u00e9cnicamente correcto y procedimientos usados. El Nivel de Imposici\u00f3n de Reglas de un torneo generalmente refleja los premios entregados y la distancia [&hellip;]<\/p>\n","protected":false},"author":190,"featured_media":0,"parent":0,"menu_order":0,"comment_status":"closed","ping_status":"closed","template":"","meta":{"footnotes":"","_links_to":"","_links_to_target":""},"language":[8],"class_list":["post-5956","page","type-page","status-publish","hentry","language-es"],"_links":{"self":[{"href":"https:\/\/blogs.magicjudges.org\/rules\/wp-json\/wp\/v2\/pages\/5956","targetHints":{"allow":["GET"]}}],"collection":[{"href":"https:\/\/blogs.magicjudges.org\/rules\/wp-json\/wp\/v2\/pages"}],"about":[{"href":"https:\/\/blogs.magicjudges.org\/rules\/wp-json\/wp\/v2\/types\/page"}],"author":[{"embeddable":true,"href":"https:\/\/blogs.magicjudges.org\/rules\/wp-json\/wp\/v2\/users\/190"}],"replies":[{"embeddable":true,"href":"https:\/\/blogs.magicjudges.org\/rules\/wp-json\/wp\/v2\/comments?post=5956"}],"version-history":[{"count":4,"href":"https:\/\/blogs.magicjudges.org\/rules\/wp-json\/wp\/v2\/pages\/5956\/revisions"}],"predecessor-version":[{"id":8352,"href":"https:\/\/blogs.magicjudges.org\/rules\/wp-json\/wp\/v2\/pages\/5956\/revisions\/8352"}],"wp:attachment":[{"href":"https:\/\/blogs.magicjudges.org\/rules\/wp-json\/wp\/v2\/media?parent=5956"}],"wp:term":[{"taxonomy":"language","embeddable":true,"href":"https:\/\/blogs.magicjudges.org\/rules\/wp-json\/wp\/v2\/language?post=5956"}],"curies":[{"name":"wp","href":"https:\/\/api.w.org\/{rel}","templated":true}]}}