{"id":5970,"date":"2016-01-12T23:55:26","date_gmt":"2016-01-12T20:55:26","guid":{"rendered":"http:\/\/blogs.magicjudges.org\/rules\/?page_id=5970"},"modified":"2017-01-13T00:18:58","modified_gmt":"2017-01-12T21:18:58","slug":"mtr1-1-fr","status":"publish","type":"page","link":"https:\/\/blogs.magicjudges.org\/rules\/mtr1-1-fr\/","title":{"rendered":"MTR 1.1 Types de tournois"},"content":{"rendered":"<p style=\"text-align: justify;margin-bottom: 0px\">Les tournois homologu\u00e9s comp\u00e9titifs sont divis\u00e9s en deux types : les \u00e9v\u00e9nements de type Premier Event et les \u00e9v\u00e9nements de type non-Premier Event. Les tournois de typetypetype Premier Event sont organis\u00e9s par Wizards of the Coast ou un organisateur de tournoi s\u00e9lectionn\u00e9. Ils ont des noms et des caract\u00e9ristiques uniques. Les \u00e9v\u00e9nements non-Premier Event sont les tournois qui ne sont pas explicitement des tournois Premier Event.<\/p>\n<div class=\"alert alert-info\" role=\"alert\"> <em>Voici quels sont les \u00e9v\u00e9nements de type Premier Event \u00e0 l\u2019heure actuelle : Grand Prix, Pro Tours, Magic World Championships et Magic World Cup. Tout autre tournoi homologu\u00e9 est un \u00e9v\u00e9nements de type non-Premier Event. La liste des tournois de type Premier Event appara\u00eet sur le site web de Wizards : magic.wizards.com\/en\/events\/premier-calendar#\/overview. Le document des MTR est un r\u00e8glement applicable aussi bien aux \u00e9v\u00e9nements homologu\u00e9s de type Premier Event qu\u2019aux \u00e9v\u00e9nements de type non-Premier Event.<\/em><\/div>\n<p style=\"text-align: justify;margin-bottom: 0px\">Il y a deux types principaux de formats de tournois, le Limit\u00e9 et le Construit, chacun ayant ses r\u00e8gles sp\u00e9cifiques. Dans les tournois en format Limit\u00e9, tout le produit pour jouer est distribu\u00e9 durant le tournoi. Dans les tournois en Construit, les joueurs pr\u00e9parent leur deck avant le tournoi et participent en utilisant ce deck. Certains Premier Events peuvent avoir plusieurs formats diff\u00e9rents dans le m\u00eame tournoi.<\/p>\n<div class=\"alert alert-info\" role=\"alert\"> <em>Un format est dit Limit\u00e9 quand les joueurs construisent leurs decks pendant l\u2019\u00e9v\u00e9nement\u2014ex : draft, paquet scell\u00e9 ou \u00ab mini masters \u00bb. Un format est dit Construit quand les joueurs construisent leurs decks avant l\u2019\u00e9v\u00e9nement. Les formats Construits les plus populaires sont Standard, Moderne et Legacy.<\/em><\/div>\n","protected":false},"excerpt":{"rendered":"<p>Les tournois homologu\u00e9s comp\u00e9titifs sont divis\u00e9s en deux types : les \u00e9v\u00e9nements de type Premier Event et les \u00e9v\u00e9nements de type non-Premier Event. Les tournois de typetypetype Premier Event sont organis\u00e9s par Wizards of the Coast ou un organisateur de tournoi s\u00e9lectionn\u00e9. Ils ont des noms et des caract\u00e9ristiques uniques. Les \u00e9v\u00e9nements non-Premier Event sont [&hellip;]<\/p>\n","protected":false},"author":30,"featured_media":0,"parent":0,"menu_order":0,"comment_status":"closed","ping_status":"closed","template":"page_width-index.php","meta":{"footnotes":"","_links_to":"","_links_to_target":""},"language":[9],"class_list":["post-5970","page","type-page","status-publish","hentry","language-fr"],"_links":{"self":[{"href":"https:\/\/blogs.magicjudges.org\/rules\/wp-json\/wp\/v2\/pages\/5970","targetHints":{"allow":["GET"]}}],"collection":[{"href":"https:\/\/blogs.magicjudges.org\/rules\/wp-json\/wp\/v2\/pages"}],"about":[{"href":"https:\/\/blogs.magicjudges.org\/rules\/wp-json\/wp\/v2\/types\/page"}],"author":[{"embeddable":true,"href":"https:\/\/blogs.magicjudges.org\/rules\/wp-json\/wp\/v2\/users\/30"}],"replies":[{"embeddable":true,"href":"https:\/\/blogs.magicjudges.org\/rules\/wp-json\/wp\/v2\/comments?post=5970"}],"version-history":[{"count":1,"href":"https:\/\/blogs.magicjudges.org\/rules\/wp-json\/wp\/v2\/pages\/5970\/revisions"}],"predecessor-version":[{"id":5971,"href":"https:\/\/blogs.magicjudges.org\/rules\/wp-json\/wp\/v2\/pages\/5970\/revisions\/5971"}],"wp:attachment":[{"href":"https:\/\/blogs.magicjudges.org\/rules\/wp-json\/wp\/v2\/media?parent=5970"}],"wp:term":[{"taxonomy":"language","embeddable":true,"href":"https:\/\/blogs.magicjudges.org\/rules\/wp-json\/wp\/v2\/language?post=5970"}],"curies":[{"name":"wp","href":"https:\/\/api.w.org\/{rel}","templated":true}]}}