{"id":5972,"date":"2016-01-12T23:57:48","date_gmt":"2016-01-12T20:57:48","guid":{"rendered":"http:\/\/blogs.magicjudges.org\/rules\/?page_id=5972"},"modified":"2017-01-13T00:20:02","modified_gmt":"2017-01-12T21:20:02","slug":"mtr1-2-fr","status":"publish","type":"page","link":"https:\/\/blogs.magicjudges.org\/rules\/mtr1-2-fr\/","title":{"rendered":"MTR 1.2 Publication d\u2019informations sur les tournois"},"content":{"rendered":"<p style=\"text-align: justify;margin-bottom: 0px\">Wizards of the Coast se r\u00e9serve le droit de publier des informations sur les tournois homologu\u00e9s par la DCI \u00e0 n\u2019importe quel moment, y compris pendant le tournoi. Ces informations peuvent inclure, entre autres, le contenu du deck d\u2019un ou plusieurs joueurs, la description de strat\u00e9gies ou de s\u00e9quences de jeu, des transcriptions et des vid\u00e9os. Les organisateurs de tournois ont \u00e9galement le droit de publier cette information une fois le tournoi termin\u00e9.<\/p>\n<div class=\"alert alert-info\" role=\"alert\"> <em>Les listes de decks ne doivent pas \u00eatre rendues publiques tant qu\u2019un \u00e9v\u00e9nement n\u2019est pas termin\u00e9 sauf lors de certains \u00e9v\u00e9nements Premier o\u00f9 la liste du deck de chaque joueur est souvent montr\u00e9e \u00e0 son adversaire au d\u00e9but de la ronde. Le but de cette pratique est de minimiser l\u2019avantage induit par le fait que certaines listes sont rendues publiques par les m\u00e9dias. Le droit de Wizards de publier cette information n\u2019implique pas forc\u00e9ment que les arbitres ou les TO doivent la conserver.<\/em><\/p>\n<p><em>Lors des \u00e9v\u00e9nements Premier comme les Grands Prix et les Pro Tours, Wizards of the Coast assure souvent la couverture m\u00e9diatique de l\u2019\u00e9v\u00e9nement. Cette section sert juste \u00e0 confirmer qu\u2019ils ont le droit de publier les listes. Les Organisateurs de Tournois ont \u00e9galement le droit de publier cette information apr\u00e8s la fin de l\u2019\u00e9v\u00e9nement mais certains TO ont obtenu la permission de g\u00e9rer la couverture m\u00e9diatique de la m\u00eame fa\u00e7on que Wizards. Par exemple, les Star City Games Opens publient r\u00e9guli\u00e8rement les listes de decks sur le site web SCG pendant l\u2019\u00e9v\u00e9nement ou le top 8.<\/em><\/div>\n<p style=\"text-align: justify;margin-bottom: 0px\">Wizards of the Coast se r\u00e9serve le droit de publier des informations sur les p\u00e9nalit\u00e9s et les suspensions des joueurs.<\/p>\n<div class=\"alert alert-info\" role=\"alert\"> <em>Les arbitres doivent faire preuve du plus grand s\u00e9rieux \u00e0 propos des informations sur les p\u00e9nalit\u00e9s et les enqu\u00eates, parce que celles-ci pourraient appara\u00eetre dans un article sur le site web de Wizards.<\/em><\/p>\n<p><em>Wizards publiera souvent un compte-rendu \u00e0 propos des disqualifications ou des autres p\u00e9nalit\u00e9s tr\u00e8s s\u00e9v\u00e8res pendant les Pro Tours.<\/em><\/p>\n<p><em>Wizards of the Coast publie aussi une liste r\u00e9guli\u00e8rement mise \u00e0 jour des personnes suspendues du jeu. Parfois ils \u00e9crivent des articles \u00e0 propos des suspensions les plus controvers\u00e9es mais la plupart du temps ils se contentent d\u2019actualiser <a href=\"http:\/\/magic.wizards.com\/en\/content\/suspended-dci-memberships\" target=\"_blank\">la liste des joueurs suspendus<\/a>.<\/em><\/div>\n","protected":false},"excerpt":{"rendered":"<p>Wizards of the Coast se r\u00e9serve le droit de publier des informations sur les tournois homologu\u00e9s par la DCI \u00e0 n\u2019importe quel moment, y compris pendant le tournoi. Ces informations peuvent inclure, entre autres, le contenu du deck d\u2019un ou plusieurs joueurs, la description de strat\u00e9gies ou de s\u00e9quences de jeu, des transcriptions et des [&hellip;]<\/p>\n","protected":false},"author":30,"featured_media":0,"parent":0,"menu_order":0,"comment_status":"closed","ping_status":"closed","template":"page_width-index.php","meta":{"footnotes":"","_links_to":"","_links_to_target":""},"language":[9],"class_list":["post-5972","page","type-page","status-publish","hentry","language-fr"],"_links":{"self":[{"href":"https:\/\/blogs.magicjudges.org\/rules\/wp-json\/wp\/v2\/pages\/5972","targetHints":{"allow":["GET"]}}],"collection":[{"href":"https:\/\/blogs.magicjudges.org\/rules\/wp-json\/wp\/v2\/pages"}],"about":[{"href":"https:\/\/blogs.magicjudges.org\/rules\/wp-json\/wp\/v2\/types\/page"}],"author":[{"embeddable":true,"href":"https:\/\/blogs.magicjudges.org\/rules\/wp-json\/wp\/v2\/users\/30"}],"replies":[{"embeddable":true,"href":"https:\/\/blogs.magicjudges.org\/rules\/wp-json\/wp\/v2\/comments?post=5972"}],"version-history":[{"count":1,"href":"https:\/\/blogs.magicjudges.org\/rules\/wp-json\/wp\/v2\/pages\/5972\/revisions"}],"predecessor-version":[{"id":5973,"href":"https:\/\/blogs.magicjudges.org\/rules\/wp-json\/wp\/v2\/pages\/5972\/revisions\/5973"}],"wp:attachment":[{"href":"https:\/\/blogs.magicjudges.org\/rules\/wp-json\/wp\/v2\/media?parent=5972"}],"wp:term":[{"taxonomy":"language","embeddable":true,"href":"https:\/\/blogs.magicjudges.org\/rules\/wp-json\/wp\/v2\/language?post=5972"}],"curies":[{"name":"wp","href":"https:\/\/api.w.org\/{rel}","templated":true}]}}