{"id":5977,"date":"2016-01-13T00:06:42","date_gmt":"2016-01-12T21:06:42","guid":{"rendered":"http:\/\/blogs.magicjudges.org\/rules\/?page_id=5977"},"modified":"2018-03-26T19:50:17","modified_gmt":"2018-03-26T16:50:17","slug":"mtr1-4-fr","status":"publish","type":"page","link":"https:\/\/blogs.magicjudges.org\/rules\/mtr1-4-fr\/","title":{"rendered":"MTR 1.4 \u00c9ligibilit\u00e9 \u00e0 la participation"},"content":{"rendered":"<p style=\"text-align: justify\">Tout le monde a la possibilit\u00e9 de participer comme joueur dans un tournoi class\u00e9 homologu\u00e9 par la DCI, sauf :<\/p>\n<ul style=\"text-align: justify\">\n<li>Les personnes actuellement suspendues par la DCI. La liste des joueurs actuellement suspendus par la DCI est accessible \u00e0 l\u2019adresse suivante : http:\/\/www.wizards.com\/default.asp?x=dci\/suspended. Les personnes actuellement suspendues par la DCI ne peuvent pas non plus faire partie des officiels de tournoi.<\/li>\n<li>Toute autre personne sp\u00e9cifiquement interdite de tournoi par la DCI ou la politique de Wizards of the Coast (cette d\u00e9cision \u00e9tant \u00e0 la seule discr\u00e9tion de Wizards of the Coast).<br \/>\n<div class=\"alert alert-info\" role=\"alert\"> <em>Cela correspond \u00e0 la d\u00e9finition de Suspendu ou Banni.<\/em><\/div><\/li>\n<li>Toute personne \u00e2g\u00e9e de treize (13) ans ou moins et n\u2019ayant pas la permission de leur parent ou tuteur.<br \/>\n<div class=\"alert alert-info\" role=\"alert\"> <em>Treize ans est l\u2019\u00e2ge recommand\u00e9 pour jouer \u00e0 Magic d\u2019apr\u00e8s Hasbro et Wizards of the Coast.<\/em><\/div><\/li>\n<li>Toute personne interdite d\u2019entr\u00e9e par les lois f\u00e9d\u00e9rales, de l\u2019\u00c9tat ou locales, les r\u00e8gles de l\u2019organisateur du tournoi ou l\u2019\u00e9quipe interne du local utilis\u00e9.<br \/>\n<div class=\"alert alert-info\" role=\"alert\"> <em>Les lois f\u00e9d\u00e9rales, de l\u2019\u00c9tat ou locales pr\u00e9valent sur les r\u00e8gles instaur\u00e9es par Wizards of the Coast. Par exemple, si un joueur n\u2019a pas le droit de se trouver \u00e0 moins de 500 m\u00e8tres d\u2019une certaine boutique, de certains employ\u00e9s, ou d\u2019autres joueur \u00e0 cause d\u2019une injonction restrictive ou de toute autre contrainte l\u00e9gale, il ne peut pas jouer. Pouvoir jouer est un privil\u00e8ge, pas un droit, et certaines circonstances att\u00e9nuantes peuvent emp\u00eacher l\u00e9galement quelqu\u2019un de jouer.<\/em><br \/>\n<em>Le propri\u00e9taire de la boutique a le droit d\u2019interdire \u00e0 quiconque l\u2019acc\u00e8s \u00e0 sa boutique ou \u00e0 la salle de jeu pour n\u2019importe quelle raison qui lui semble valable. En g\u00e9n\u00e9ral les propri\u00e9taires de boutiques n\u2019envisagent de telles extr\u00e9mit\u00e9s qu\u2019en dernier recours pour les joueurs qui posent des probl\u00e8mes r\u00e9currents, ou en cas de vol. Wizards les y autorise explicitement, de sorte qu\u2019ils n\u2019ont pas \u00e0 s\u2019inqui\u00e9ter de l\u2019\u00e9ventualit\u00e9 qu\u2019un joueur se plaigne \u00e0 Wizards pour obtenir r\u00e9paration.<\/em><\/div><\/li>\n<\/ul>\n<p style=\"text-align: justify;margin-bottom: 0px\">Tout le monde est \u00e9ligible \u00e0 participer comme officiel de tournoi d\u2019un tournoi homologu\u00e9 par la DCI (organisateur de tournoi, Head-Judge, arbitre de salle, scorekeeper), sauf :<\/p>\n<ul style=\"text-align: justify\">\n<li>Les personnes actuellement suspendues par la DCI.<br \/>\n<div class=\"alert alert-info\" role=\"alert\"> <em>Si quelqu\u2019un est suspendu en tant que joueur, il n\u2019a pas non plus le droit d\u2019arbitrer. Gardez \u00e0 l\u2019esprit que cela n\u2019a pas de lien direct avec la certification en tant qu\u2019arbitre, puisque des personnes non certifi\u00e9es peuvent arbitrer un \u00e9v\u00e9nement.<\/em><\/div><\/li>\n<li>Toute personne jouant ou ayant jou\u00e9 dans le tournoi, \u00e0 moins que le tournoi n\u2019autorise explicitement les officiels de tournoi \u00e0 jouer tout en exer\u00e7ant leur fonction d\u2019officiel de tournoi.<\/li>\n<\/ul>\n<p style=\"text-align: justify\">Les officiels de tournoi peuvent jouer un tournoi class\u00e9 homologu\u00e9 par la DCI dans lequel ils font partie du staff si (et seulement si) le tournoi rentre dans une de ces cat\u00e9gories :<\/p>\n<ul style=\"text-align: justify\">\n<li>Friday Night <strong>Magic<\/strong><\/li>\n<li>Avant-Premi\u00e8re<\/li>\n<li>Standard Showdown<\/li>\n<li>Championnat en magasin<\/li>\n<li>Tout autre tournoi Magic qui n\u2019est pas un Premier Event<\/li>\n<li>Tournois pour lesquels la directive de tournoi officielle de Wizards of the Coast autorise les officiels de tournoi du tournoi \u00e0 jouer.<\/li>\n<\/ul>\n<p style=\"text-align: justify\">Si un ou plusieurs officiels de tournoi jouent dans le tournoi, celui-ci doit \u00eatre en Niveau d\u2019Application des R\u00e8gles Convivial. Si des officiels de tournoi jouent dans leur tournoi, et si ce tournoi n\u2019entre pas dans une des cat\u00e9gories list\u00e9es ci-dessus, celui-ci sera automatiquement invalid\u00e9. Les officiels de tournoi sont tenus de g\u00e9rer les tournois de mani\u00e8re impartiale, sans tenir compte de leurs int\u00e9r\u00eats personnels.<\/p>\n<p style=\"text-align: justify\">Les propri\u00e9taires d\u2019un organisme qui g\u00e8re des Premier Events ne sont pas autoris\u00e9s \u00e0 jouer lors de ces tournois, m\u00eame si le propri\u00e9taire n\u2019est pas enregistr\u00e9 comme officiel de tournoi \u2013 organisateur, arbitre et\/ou scorekeeper \u2013 pour ce tournoi.<\/p>\n<p style=\"text-align: justify\">Les Premier Event incluent les tournois suivants : <strong>Magic<\/strong>: The Gathering World Championship, World <strong>Magic<\/strong> Cup, Nationals, Nationals Last Chance Qualifiers, Pro Tour, Regional Pro Tour Qualifiers, Regional Last Chance Qualifiers, Preliminary Pro Tour Qualifiers, Pro Tour Qualifiers, Grand Prix, Grand Prix Trials, WPN Premium Tournaments, WPN Premium Qualifiers.<\/p>\n<p style=\"text-align: justify\">Certains \u00e9v\u00e9nements ont des crit\u00e8res additionnels concernant l\u2019\u00e9ligibilit\u00e9 des joueurs et des officiels de tournoi (par exemple, les tournois sur invitation, comme les Pro Tour).<\/p>\n<p style=\"text-align: justify\">La Premier Event Invitation Policy d\u00e9finit des r\u00e8gles d\u2019\u00e9ligibilit\u00e9 sp\u00e9cifiques \u00e0 certains types de Premier Events seulement sur invitation (par exemple pour les Pro Tours).<\/p>\n<p style=\"text-align: justify;margin-bottom: 0px\">Les personnes ayant des questions concernant leur \u00e9ligibilit\u00e9 \u00e0 un tournoi peuvent contacter le responsable de la politique de la DCI (Scott.Larabee@wizards.com).<\/p>\n<div class=\"alert alert-info\" role=\"alert\"> <em>Dans tous les \u00e9v\u00e9nements en Niveau d\u2019Application des R\u00e8gles Comp\u00e9titif ou Professionnel, les arbitres ne doivent pas \u00eatre eux-m\u00eames des joueurs, sinon cela pourrait potentiellement poser des probl\u00e8mes. Si quelqu\u2019un jouait contre une personne qui arbitre l\u2019\u00e9v\u00e9nement, lequel propose des lots en cash importants, cela pourrait amoindrir la confiance qu\u2019il porte dans la capacit\u00e9 de cet arbitre \u00e0 demeurer impartial, en particulier s\u2019il avait besoin de poser une question \u00e0 propos d\u2019une carte dans sa main.<\/em><\/p>\n<p><em>Il y a plusieurs ann\u00e9es, m\u00eame le Niveau d\u2019Application des R\u00e8gles Convivial imposait aux arbitres de ne pas jouer et arbitrer en m\u00eame temps, ce qui dissuadait beaucoup de gens de devenir arbitres parce qu\u2019\u00e0 l\u2019\u00e9poque cela impliquait qu\u2019il ne pouvait que rarement jouer. Pendant un long moment il y a aussi eu la r\u00e8gle des \u201c3 arbitres\u201d qui disait que s\u2019il y avait 3 arbitres, ils pouvaient jouer et arbitrer parce qu\u2019il y aurait toujours un arbitre qui n\u2019\u00e9tait pas impliqu\u00e9 dans le match en cours et qui pourrait \u00eatre appel\u00e9.<\/em><\/p>\n<p><em>Les \u201ctournois pour lesquels la directive de tournoi officielle de Wizards of the Coast autorise les officiels de tournoi du tournoi \u00e0 jouer\u201d ne correspond \u00e0 rien pour le moment, il s\u2019agit plut\u00f4t d\u2019une option pour le futur. Le r\u00e8glement g\u00e9n\u00e9ral est qu\u2019\u00e0 tous les \u00e9v\u00e9nements en Niveau d\u2019Application des R\u00e8gles Convivial n\u2019importe qui peut \u00e0 la fois jouer et intervenir en tant que officiel de tournoi, alors que c\u2019est interdit en Niveaux d\u2019Application des R\u00e8gles Comp\u00e9titif et Professionnel.<\/em><\/div>\n","protected":false},"excerpt":{"rendered":"<p>Tout le monde a la possibilit\u00e9 de participer comme joueur dans un tournoi class\u00e9 homologu\u00e9 par la DCI, sauf : Les personnes actuellement suspendues par la DCI. La liste des joueurs actuellement suspendus par la DCI est accessible \u00e0 l\u2019adresse suivante : http:\/\/www.wizards.com\/default.asp?x=dci\/suspended. Les personnes actuellement suspendues par la DCI ne peuvent pas non plus [&hellip;]<\/p>\n","protected":false},"author":30,"featured_media":0,"parent":0,"menu_order":0,"comment_status":"closed","ping_status":"closed","template":"page_width-index.php","meta":{"footnotes":"","_links_to":"","_links_to_target":""},"language":[9],"class_list":["post-5977","page","type-page","status-publish","hentry","language-fr"],"_links":{"self":[{"href":"https:\/\/blogs.magicjudges.org\/rules\/wp-json\/wp\/v2\/pages\/5977","targetHints":{"allow":["GET"]}}],"collection":[{"href":"https:\/\/blogs.magicjudges.org\/rules\/wp-json\/wp\/v2\/pages"}],"about":[{"href":"https:\/\/blogs.magicjudges.org\/rules\/wp-json\/wp\/v2\/types\/page"}],"author":[{"embeddable":true,"href":"https:\/\/blogs.magicjudges.org\/rules\/wp-json\/wp\/v2\/users\/30"}],"replies":[{"embeddable":true,"href":"https:\/\/blogs.magicjudges.org\/rules\/wp-json\/wp\/v2\/comments?post=5977"}],"version-history":[{"count":5,"href":"https:\/\/blogs.magicjudges.org\/rules\/wp-json\/wp\/v2\/pages\/5977\/revisions"}],"predecessor-version":[{"id":7658,"href":"https:\/\/blogs.magicjudges.org\/rules\/wp-json\/wp\/v2\/pages\/5977\/revisions\/7658"}],"wp:attachment":[{"href":"https:\/\/blogs.magicjudges.org\/rules\/wp-json\/wp\/v2\/media?parent=5977"}],"wp:term":[{"taxonomy":"language","embeddable":true,"href":"https:\/\/blogs.magicjudges.org\/rules\/wp-json\/wp\/v2\/language?post=5977"}],"curies":[{"name":"wp","href":"https:\/\/api.w.org\/{rel}","templated":true}]}}