{"id":5979,"date":"2016-01-13T00:07:30","date_gmt":"2016-01-12T21:07:30","guid":{"rendered":"http:\/\/blogs.magicjudges.org\/rules\/?page_id=5979"},"modified":"2017-12-08T13:14:57","modified_gmt":"2017-12-08T10:14:57","slug":"mtr1-5-fr","status":"publish","type":"page","link":"https:\/\/blogs.magicjudges.org\/rules\/mtr1-5-fr\/","title":{"rendered":"MTR 1.5 Num\u00e9ro de membre DCI"},"content":{"rendered":"<p style=\"text-align: justify;margin-bottom: 0px\">Les participants au tournoi doivent fournir leur num\u00e9ro de membre DCI au scorekeeper pendant l\u2019inscription au tournoi.<\/p>\n<div class=\"alert alert-info\" role=\"alert\"> <em>Il est important de souligner que le seul fait que le logiciel de gestion du tournoi autorise quelqu\u2019un \u00e0 s\u2019inscrire sans la moindre alerte, ne signifie pas n\u00e9cessairement que celui-ci en a le droit. \u00c0 l\u2019heure actuelle Wizards Event Reporter ne met pas activement \u00e0 jour sa liste en m\u00e9moire des joueurs suspendus. Les arbitres, les TO et les scorekeepers sont encourag\u00e9s \u00e0 consulter r\u00e9guli\u00e8rement la liste officielle pour s\u2019informer \u00e0 propos des joueurs potentiellement suspendus \u00e0 proximit\u00e9.<\/em><\/p>\n<p><em>Le num\u00e9ro DCI sert aussi \u00e0 garder la trace des \u00e9v\u00e9nements auxquels les gens participent pour les points Planeswalker et il permet d\u2019identifier de fa\u00e7on unique les joueurs qui portent le m\u00eame nom et qui sont inscrits au m\u00eame \u00e9v\u00e9nement.<\/em><\/div>\n<p style=\"text-align: justify;margin-bottom: 0px\">Les joueurs sans num\u00e9ro DCI doivent en obtenir un sur <a href=\"https:\/\/accounts.wizards.com\/\">https:\/\/accounts.wizards.com\/<\/a> avant de participer au tournoi. Si un joueur n\u2019obtient pas de num\u00e9ro DCI avant le tournoi, l\u2019organisateur du tournoi peut en fournir un. Les joueurs n\u2019ont droit qu\u2019\u00e0 un seul num\u00e9ro DCI, et les joueurs poss\u00e9dant plusieurs num\u00e9ros DIC doivent contacter Wizards of the Coast pour fusionner les informations de leurs multiples num\u00e9ros DCI.<\/p>\n<div class=\"alert alert-info\" role=\"alert\"> <em>Les joueurs sans num\u00e9ro DCI doivent en obtenir un pour avoir le droit de participer \u00e0 un tournoi homologu\u00e9 de Magic. Chaque joueur ne doit avoir qu\u2019un seul num\u00e9ro DCI qu\u2019il utilise pour participer aux tournois homologu\u00e9s de Magic.<\/em><\/p>\n<p><em>Si un joueur se retrouve avec plusieurs num\u00e9ros DCI, il peut les fusionner en ligne. Toutefois les joueurs ne doivent pas conserver intentionnellement plusieurs num\u00e9ros DCI (ex : afin de continuer \u00e0 jouer alors que le num\u00e9ro principal subit une suspension). Les joueurs doivent aussi utiliser leurs v\u00e9ritables noms qu\u2019ils emploient dans la vie courante. Ils ne sont pas tenus d\u2019enregistrer leurs noms l\u00e9gaux complets ; un joueur peut s\u2019enregistrer avec le pr\u00e9nom \u201cMike\u201d au lieu de Micha\u00ebl ou avec son deuxi\u00e8me pr\u00e9nom, par contre il ne peut pas s\u2019enregistrer en tant que \u201cRoflcopter McGee.\u201d<\/em><\/div>\n<p style=\"text-align: justify;margin-bottom: 0px\">Des r\u00e9sultats de match contenant des num\u00e9ros temporaires, des noms de joueurs temporaires, ou toute autre marque substitutive ne devraient pas \u00eatre transmis \u00e0 la DCI.<\/p>\n<div class=\"alert alert-info\" role=\"alert\"> <em>On ne peut pas envoyer \u00e0 la DCI des r\u00e9sultats avec de faux comptes de joueurs ou des noms incorrects. Un exemple courant est un Grand Prix qui propose le \u201cSleep in Special\u201d aux joueurs qui ont des byes. Comme ces joueurs ne se pr\u00e9sentent pas lors du rassemblement des joueurs (player meeting) en tout d\u00e9but de journ\u00e9e, les scorekeepers modifient souvent leurs noms ainsi : \u201czzzzzNomDeFamille, Pr\u00e9nomzzzz\u201d de sorte que ces personnes apparaissent en toute fin de la liste du rassemblement des joueurs et ainsi qu\u2019il n\u2019y ait pas de \u201ctrou\u201d parmi les joueurs r\u00e9ellement pr\u00e9sents.<\/em><\/p>\n<p><em>Certains TO ajoutent parfois un joueur fictif afin d\u2019homologuer un \u00e9v\u00e9nement de 7 joueurs. Cela est strictement interdit. Si seulement 7 personnes se pr\u00e9sentent pour un \u00e9v\u00e9nement, les joueurs peuvent jouer quand m\u00eame mais le tournoi doit \u00eatre lanc\u00e9 en tant qu\u2019\u00e9v\u00e9nement non homologu\u00e9. Cf. la section 10 pour plus d\u2019informations \u00e0 propos des exigences en mati\u00e8re d\u2019homologation.<\/em><\/p>\n<p><em>Remarquez aussi que si ni le joueur ni le scorekeeper ne sont capables de retrouver le num\u00e9ro DCI de ce joueur, la bonne mani\u00e8re de r\u00e9soudre ce probl\u00e8me est d\u2019inscrire le joueur avec un nouveau num\u00e9ro DCI et de les fusionner ult\u00e9rieurement.<\/em><\/div>\n","protected":false},"excerpt":{"rendered":"<p>Les participants au tournoi doivent fournir leur num\u00e9ro de membre DCI au scorekeeper pendant l\u2019inscription au tournoi. Les joueurs sans num\u00e9ro DCI doivent en obtenir un sur https:\/\/accounts.wizards.com\/ avant de participer au tournoi. Si un joueur n\u2019obtient pas de num\u00e9ro DCI avant le tournoi, l\u2019organisateur du tournoi peut en fournir un. Les joueurs n\u2019ont droit [&hellip;]<\/p>\n","protected":false},"author":30,"featured_media":0,"parent":0,"menu_order":0,"comment_status":"closed","ping_status":"closed","template":"page_width-index.php","meta":{"footnotes":"","_links_to":"","_links_to_target":""},"language":[9],"class_list":["post-5979","page","type-page","status-publish","hentry","language-fr"],"_links":{"self":[{"href":"https:\/\/blogs.magicjudges.org\/rules\/wp-json\/wp\/v2\/pages\/5979","targetHints":{"allow":["GET"]}}],"collection":[{"href":"https:\/\/blogs.magicjudges.org\/rules\/wp-json\/wp\/v2\/pages"}],"about":[{"href":"https:\/\/blogs.magicjudges.org\/rules\/wp-json\/wp\/v2\/types\/page"}],"author":[{"embeddable":true,"href":"https:\/\/blogs.magicjudges.org\/rules\/wp-json\/wp\/v2\/users\/30"}],"replies":[{"embeddable":true,"href":"https:\/\/blogs.magicjudges.org\/rules\/wp-json\/wp\/v2\/comments?post=5979"}],"version-history":[{"count":2,"href":"https:\/\/blogs.magicjudges.org\/rules\/wp-json\/wp\/v2\/pages\/5979\/revisions"}],"predecessor-version":[{"id":7143,"href":"https:\/\/blogs.magicjudges.org\/rules\/wp-json\/wp\/v2\/pages\/5979\/revisions\/7143"}],"wp:attachment":[{"href":"https:\/\/blogs.magicjudges.org\/rules\/wp-json\/wp\/v2\/media?parent=5979"}],"wp:term":[{"taxonomy":"language","embeddable":true,"href":"https:\/\/blogs.magicjudges.org\/rules\/wp-json\/wp\/v2\/language?post=5979"}],"curies":[{"name":"wp","href":"https:\/\/api.w.org\/{rel}","templated":true}]}}