{"id":5981,"date":"2016-01-13T00:08:22","date_gmt":"2016-01-12T21:08:22","guid":{"rendered":"http:\/\/blogs.magicjudges.org\/rules\/?page_id=5981"},"modified":"2017-01-13T00:22:24","modified_gmt":"2017-01-12T21:22:24","slug":"mtr1-6-fr","status":"publish","type":"page","link":"https:\/\/blogs.magicjudges.org\/rules\/mtr1-6-fr\/","title":{"rendered":"MTR 1.6 Organisateur du tournoi"},"content":{"rendered":"<p style=\"text-align: justify\">L\u2019organisateur du tournoi est le responsable logistique de celui-ci. Il doit :<\/p>\n<ul>\n<li style=\"text-align: justify\">Obtenir un num\u00e9ro d\u2019homologation de la DCI.<\/li>\n<div class=\"alert alert-info\" role=\"alert\"> <em>Celui-ci s\u2019obtient en homologuant l\u2019\u00e9v\u00e9nement dans Wizards Event Reporter, via le formulaire de cr\u00e9ation de l\u2019\u00e9v\u00e9nement. Chaque \u00e9v\u00e9nement poss\u00e8de un num\u00e9ro d\u2019homologation unique.<\/em><\/div>\n<li style=\"text-align: justify\">Fournir un lieu pour l\u2019\u00e9v\u00e9nement subvenant aux besoins attendus du tournoi.<\/li>\n<div class=\"alert alert-info\" role=\"alert\"> <em>Afin de garantir le bon d\u00e9roulement de l\u2019\u00e9v\u00e9nement, l\u2019organisateur de tournoi doit mettre \u00e0 disposition un espace de jeu suffisamment spacieux pour accueillir le nombre pr\u00e9vu de joueurs. Cela peut \u00eatre tout simplement sa propre boutique si elle dispose d\u2019assez de place pour lancer des FNM, ou bien il peut louer une salle dans un h\u00f4tel ou un centre de conventions pour avoir suffisamment d\u2019espace.<\/em><\/div>\n<li style=\"text-align: justify\">Promouvoir le tournoi \u00e0 l\u2019avance.<\/li>\n<div class=\"alert alert-info\" role=\"alert\"> <em>Afin de s\u2019assurer que les joueurs soient disponibles pour participer au tournoi, il faut veiller \u00e0 le promouvoir en pr\u00e9cisant o\u00f9 et quand l\u2019\u00e9v\u00e9nement aura lieu. Par exemple cela inclut de s\u2019assurer que l\u2019\u00e9v\u00e9nement apparaisse bien sur la page Wizards Event Finder, d\u2019en faire la promotion sur Facebook et les autres r\u00e9seaux sociaux, ou encore d\u2019afficher de grandes publicit\u00e9s sur les sites web en rapport avec Magic.<\/em><\/div>\n<li style=\"text-align: justify\">R\u00e9unir un staff appropri\u00e9.<\/li>\n<div class=\"alert alert-info\" role=\"alert\"> <em>Les organisateurs du tournoi doivent veiller \u00e0 recruter des officiels de tournoi dont les qualifications correspondent \u00e0 l\u2019\u00e9v\u00e9nement. Par exemple, un GPT requiert au moins un arbitre de Niveau 1 parmi le staff de l\u2019\u00e9v\u00e9nement et les PPTQ exigent au moins un arbitre de Niveau 2. Il peut s\u2019av\u00e9rer n\u00e9cessaire d\u2019engager du personnel suppl\u00e9mentaire afin que l\u2019\u00e9v\u00e9nement soit g\u00e9r\u00e9 de fa\u00e7on efficace et \u00e0 un rythme raisonnable.<\/em><\/div>\n<li style=\"text-align: justify\">Fournir tout le mat\u00e9riel n\u00e9cessaire au d\u00e9roulement du tournoi (par exemple, le produit pour un tournoi en Limit\u00e9).<\/li>\n<div class=\"alert alert-info\" role=\"alert\"> <em>L\u2019organisateur du tournoi doit veiller \u00e0 disposer de suffisamment de produit scell\u00e9 (et tout autre mat\u00e9riel requis) pour les tournois en format Limit\u00e9, ou de feuilles de listes de decks pour les tournois en format Construit. C\u2019est plut\u00f4t \u00e9vident. Le TO est \u00e9galement responsable de fournir beaucoup d\u2019autres choses que les joueurs ont l\u2019habitude de consid\u00e9rer comme allant de soi-ex : un ordinateur et une imprimante pour saisir les r\u00e9sultats et imprimer les appariements, du ruban adh\u00e9sif, des panneaux d\u2019affichage des appariements, une horloge, de quoi d\u00e9couper les feuilles de r\u00e9sultats, etc. Parmi cette liste tout n\u2019est pas exigible mais cela permet de mieux g\u00e9rer l\u2019\u00e9v\u00e9nement et en g\u00e9n\u00e9ral les TO fournissent tout cela. On peut trouver d\u2019autres m\u00e9thodes pour effectuer certaines de ces t\u00e2ches, comme afficher les appariements sur un grand \u00e9cran de t\u00e9l\u00e9vision.<\/em><\/div>\n<li style=\"text-align: justify\">Rendre compte des r\u00e9sultats du tournoi \u00e0 la DCI.<\/li>\n<li style=\"text-align: justify\">Conserver les feuilles de r\u00e9sultats des matchs de chaque tournoi pendant une p\u00e9riode de 6 mois (elles font foi en cas de contestations).<\/li>\n<\/ul>\n","protected":false},"excerpt":{"rendered":"<p>L\u2019organisateur du tournoi est le responsable logistique de celui-ci. Il doit : Obtenir un num\u00e9ro d\u2019homologation de la DCI. Fournir un lieu pour l\u2019\u00e9v\u00e9nement subvenant aux besoins attendus du tournoi. Promouvoir le tournoi \u00e0 l\u2019avance. R\u00e9unir un staff appropri\u00e9. Fournir tout le mat\u00e9riel n\u00e9cessaire au d\u00e9roulement du tournoi (par exemple, le produit pour un tournoi [&hellip;]<\/p>\n","protected":false},"author":30,"featured_media":0,"parent":0,"menu_order":0,"comment_status":"closed","ping_status":"closed","template":"page_width-index.php","meta":{"footnotes":"","_links_to":"","_links_to_target":""},"language":[9],"class_list":["post-5981","page","type-page","status-publish","hentry","language-fr"],"_links":{"self":[{"href":"https:\/\/blogs.magicjudges.org\/rules\/wp-json\/wp\/v2\/pages\/5981","targetHints":{"allow":["GET"]}}],"collection":[{"href":"https:\/\/blogs.magicjudges.org\/rules\/wp-json\/wp\/v2\/pages"}],"about":[{"href":"https:\/\/blogs.magicjudges.org\/rules\/wp-json\/wp\/v2\/types\/page"}],"author":[{"embeddable":true,"href":"https:\/\/blogs.magicjudges.org\/rules\/wp-json\/wp\/v2\/users\/30"}],"replies":[{"embeddable":true,"href":"https:\/\/blogs.magicjudges.org\/rules\/wp-json\/wp\/v2\/comments?post=5981"}],"version-history":[{"count":1,"href":"https:\/\/blogs.magicjudges.org\/rules\/wp-json\/wp\/v2\/pages\/5981\/revisions"}],"predecessor-version":[{"id":5982,"href":"https:\/\/blogs.magicjudges.org\/rules\/wp-json\/wp\/v2\/pages\/5981\/revisions\/5982"}],"wp:attachment":[{"href":"https:\/\/blogs.magicjudges.org\/rules\/wp-json\/wp\/v2\/media?parent=5981"}],"wp:term":[{"taxonomy":"language","embeddable":true,"href":"https:\/\/blogs.magicjudges.org\/rules\/wp-json\/wp\/v2\/language?post=5981"}],"curies":[{"name":"wp","href":"https:\/\/api.w.org\/{rel}","templated":true}]}}