{"id":5983,"date":"2016-01-13T00:09:23","date_gmt":"2016-01-12T21:09:23","guid":{"rendered":"http:\/\/blogs.magicjudges.org\/rules\/?page_id=5983"},"modified":"2017-01-13T00:23:01","modified_gmt":"2017-01-12T21:23:01","slug":"mtr1-7-fr","status":"publish","type":"page","link":"https:\/\/blogs.magicjudges.org\/rules\/mtr1-7-fr\/","title":{"rendered":"MTR 1.7 Head Judge"},"content":{"rendered":"<p style=\"text-align: justify;margin-bottom: 0px\">Les tournois homologu\u00e9s n\u00e9cessitent la pr\u00e9sence physique d\u2019un Head-Judge durant le jeu pour r\u00e9gler les conflits, interpr\u00e9ter les r\u00e8gles et prendre d\u2019autres d\u00e9cisions officielles. Le Head-Judge est l\u2019autorit\u00e9 finale sur n\u2019importe quel tournoi homologu\u00e9 par la DCI et tous les participants doivent suivre ses interpr\u00e9tations. Bien que ce soit recommand\u00e9, il n\u2019est pas obligatoire que le Head-Judge soit un arbitre certifi\u00e9.<\/p>\n<div class=\"alert alert-info\" role=\"alert\"> <em>Il n\u2019est pas n\u00e9cessaire que le Head-Judge d\u2019un tournoi soit un arbitre certifi\u00e9. Il arrive souvent que le Head-Judge d\u2019un \u00e9v\u00e9nement soit simplement un employ\u00e9 de la boutique ou l\u2019organisateur du tournoi lui-m\u00eame. Dans la plupart des \u00e9v\u00e9nements en REL Comp\u00e9titif le Head-Judge est certifi\u00e9 mais ce n\u2019est pas forc\u00e9ment n\u00e9cessaire. Remarquez que certains \u00e9v\u00e9nements imposent que le Head-Judge soit d\u2019un Niveau particulier. Cf. http:\/\/wpn.wizards.com\/en\/landing-page\/events pour les exigences en mati\u00e8re de Niveau d\u2019arbitrage.<\/em><\/div>\n<p style=\"text-align: justify\">Les responsabilit\u00e9s du Head-Judge incluent :<\/p>\n<ul style=\"text-align: justify\">\n<li>Toute action n\u00e9cessaire pour s\u2019assurer que les violations des r\u00e8gles du jeu ou de tournoi, qu\u2019il les remarque ou qu\u2019elles soient port\u00e9es \u00e0 son attention, soient g\u00e9r\u00e9es correctement.<br \/>\n<div class=\"alert alert-info\" role=\"alert\"> <em>Lors des grands \u00e9v\u00e9nements ce n\u2019est g\u00e9n\u00e9ralement pas le Head-Judge qui r\u00e9pond en premier aux appels \u00e0 l\u2019arbitre. Le Head-Judge est plut\u00f4t une ressource \u00e0 disposition des arbitres de salle. Dans ce contexte, l\u2019une des t\u00e2ches les plus importantes du Head-Judge est de discuter avec un joueur en cas d\u2019appel manqu\u00e9. Si un arbitre de salle r\u00e9pond \u00e0 un appel \u00e0 l\u2019arbitre de mani\u00e8re incorrecte, ou qu\u2019un appel au Head-Judge n\u2019est pas trait\u00e9 correctement, le Head-Judge doit absolument r\u00e9gler ce probl\u00e8me en impliquant les joueurs concern\u00e9s.<\/em><\/div><\/li>\n<li>L\u2019\u00e9mission d\u2019un ruling final en cas d\u2019appel, modifiant \u00e9ventuellement le ruling pr\u00e9c\u00e9dent d\u2019un arbitre de salle.<br \/>\n<div class=\"alert alert-info\" role=\"alert\"> <em>Les joueurs ont le droit de faire appel de la d\u00e9cision de tout arbitre de salle aupr\u00e8s du Head-Judge. Le Head-Judge est l\u2019autorit\u00e9 finale de toutes les d\u00e9cisions d\u2019arbitrage et parfois cela implique de contredire la d\u00e9cision d\u2019un arbitre de salle. Si une telle d\u00e9cision est annul\u00e9e, il est vital que le Head-Judge explique le raisonnement qui justifie cette annulation \u00e0 la fois aux joueurs et \u00e0 l\u2019arbitre de salle.<\/em><\/p>\n<p><em>De plus, lors des \u00e9v\u00e9nements \u00e0 plusieurs arbitres, le Head-Judge devrait \u00e9viter de r\u00e9pondre en premier \u00e0 un appel \u00e0 l\u2019arbitre, sous r\u00e9serve qu\u2019un arbitre de salle soit disponible. Ce n\u2019est pas parce que le Head-Judge est paresseux, c\u2019est parce qu\u2019il veut que tous les joueurs aient le droit de faire appel d\u2019une d\u00e9cision d\u2019arbitrage aupr\u00e8s de lui. Si le Head-Judge r\u00e9pond lui-m\u00eame et rend la premi\u00e8re d\u00e9cision d\u2019arbitrage, celle-ci est d\u00e9finitive. Autoriser un joueur \u00e0 faire appel de la premi\u00e8re d\u00e9cision d\u2019arbitrage aura souvent pour effet de le conforter dans l\u2019id\u00e9e qu\u2019il a bien obtenu une d\u00e9cision correcte, soit parce qu\u2019il a entendu une seconde opinion confirmant la premi\u00e8re d\u00e9cision soir parce qu\u2019il a obtenu l\u2019annulation de la d\u00e9cision d\u2019arbitrage qu\u2019il contestait.<\/em><\/div><\/li>\n<li>La coordination et la d\u00e9l\u00e9gation des t\u00e2ches aux arbitres de salle selon les besoins.<br \/>\n<div class=\"alert alert-info\" role=\"alert\"> <em>Sur les tournois \u00e0 plusieurs arbitres, le Head-Judge est responsable de l\u2019assignation et de l\u2019organisation des \u00e9quipes et des chefs d\u2019\u00e9quipes. Le Head-Judge constitue les \u00e9quipes (sur les grands \u00e9v\u00e9nements il est parfois assist\u00e9 du TO ou du Judge Manager) et il s\u2019assure que chacun comprend les t\u00e2ches qui lui sont d\u00e9volues. Le Head-Judge est \u00e9galement responsable de la supervision des autres arbitres lors de l\u2019\u00e9v\u00e9nement. Les t\u00e2ches assign\u00e9es ne sont pas toujours toutes des op\u00e9rations de tournoi stricto sensu, il peut s\u2019agir d\u2019autres choses dont l\u2019organisateur a besoin.<\/em><\/div><\/li>\n<\/ul>\n<p style=\"text-align: justify;margin-bottom: 0px\">Si n\u00e9cessaire, le Head-Judge peut temporairement transf\u00e9rer sa charge \u00e0 un autre arbitre s\u2019il est incapable de les remplir pendant une p\u00e9riode donn\u00e9e. Dans certaines circonstances exceptionnelles o\u00f9 l\u2019int\u00e9grit\u00e9 du tournoi pourrait \u00eatre compromise, l\u2019organisateur du tournoi peut d\u00e9cider de remplacer le Head-Judge.<\/p>\n<div class=\"alert alert-info\" role=\"alert\"> <em>Dans le cadre des \u00e9v\u00e9nements en boutique, cela est tr\u00e8s fr\u00e9quent pendant la pause d\u00e9jeuner mais cela peut aussi se produire si le Head-Judge tombe malade, ou bien qu\u2019il termine sa p\u00e9riode de travail (shift) et qu\u2019un nouveau Head-Judge prenne la rel\u00e8ve. Cela est extr\u00eamement rare lors des \u00e9v\u00e9nements de type Premier sauf pour les \u00e9v\u00e9nements annexes (side events) o\u00f9 il y a davantage de flexibilit\u00e9 quant \u00e0 la personne qui tient le r\u00f4le de Head-Judge. L\u2019organisateur de tournoi a le dernier mot pour d\u00e9cider si le Head-Judge doit \u00eatre remplac\u00e9 pour cause de circonstances exceptionnelles.<\/em><\/div>\n<p style=\"text-align: justify;margin-bottom: 0px\">Certains Premier Events ont plusieurs Head-Judges et\/ou un Head-Judge diff\u00e9rent pour les diff\u00e9rentes parties de l\u2019\u00e9v\u00e9nement. Tous les Head-Judges partagent les m\u00eames responsabilit\u00e9s et ont la m\u00eame autorit\u00e9 tant qu\u2019ils officient comme Head-Judges.<\/p>\n<div class=\"alert alert-info\" role=\"alert\"> <em>Lors des grands \u00e9v\u00e9nements, il est fr\u00e9quent que plusieurs arbitres occupent le poste de Head-Judge (ce qui se caract\u00e9rise habituellement par le port d\u2019une chemise d\u2019arbitre bordeaux lors des \u00e9v\u00e9nements Premier ou rouge aux \u00e9v\u00e9nements SCG). Il est \u00e9galement possible qu\u2019un tournoi soit organis\u00e9 en plusieurs parties, chacune ayant son propre Head-Judge. Aucun Head-Judge n\u2019est plus \u2018pr\u00e9pond\u00e9rant\u2019 qu\u2019un autre et la d\u00e9cision de chacun d\u2019eux est toujours finale. Chacun des Head-Judges peut r\u00e9pondre aux appels par les joueurs des d\u00e9cisions d\u2019arbitrage initiales, il peut conduire des enqu\u00eates et accomplir toutes les autres t\u00e2ches qui incombent au Head-Judge.<\/em><\/div>\n","protected":false},"excerpt":{"rendered":"<p>Les tournois homologu\u00e9s n\u00e9cessitent la pr\u00e9sence physique d\u2019un Head-Judge durant le jeu pour r\u00e9gler les conflits, interpr\u00e9ter les r\u00e8gles et prendre d\u2019autres d\u00e9cisions officielles. Le Head-Judge est l\u2019autorit\u00e9 finale sur n\u2019importe quel tournoi homologu\u00e9 par la DCI et tous les participants doivent suivre ses interpr\u00e9tations. Bien que ce soit recommand\u00e9, il n\u2019est pas obligatoire que [&hellip;]<\/p>\n","protected":false},"author":30,"featured_media":0,"parent":0,"menu_order":0,"comment_status":"closed","ping_status":"closed","template":"page_width-index.php","meta":{"footnotes":"","_links_to":"","_links_to_target":""},"language":[9],"class_list":["post-5983","page","type-page","status-publish","hentry","language-fr"],"_links":{"self":[{"href":"https:\/\/blogs.magicjudges.org\/rules\/wp-json\/wp\/v2\/pages\/5983","targetHints":{"allow":["GET"]}}],"collection":[{"href":"https:\/\/blogs.magicjudges.org\/rules\/wp-json\/wp\/v2\/pages"}],"about":[{"href":"https:\/\/blogs.magicjudges.org\/rules\/wp-json\/wp\/v2\/types\/page"}],"author":[{"embeddable":true,"href":"https:\/\/blogs.magicjudges.org\/rules\/wp-json\/wp\/v2\/users\/30"}],"replies":[{"embeddable":true,"href":"https:\/\/blogs.magicjudges.org\/rules\/wp-json\/wp\/v2\/comments?post=5983"}],"version-history":[{"count":1,"href":"https:\/\/blogs.magicjudges.org\/rules\/wp-json\/wp\/v2\/pages\/5983\/revisions"}],"predecessor-version":[{"id":5984,"href":"https:\/\/blogs.magicjudges.org\/rules\/wp-json\/wp\/v2\/pages\/5983\/revisions\/5984"}],"wp:attachment":[{"href":"https:\/\/blogs.magicjudges.org\/rules\/wp-json\/wp\/v2\/media?parent=5983"}],"wp:term":[{"taxonomy":"language","embeddable":true,"href":"https:\/\/blogs.magicjudges.org\/rules\/wp-json\/wp\/v2\/language?post=5983"}],"curies":[{"name":"wp","href":"https:\/\/api.w.org\/{rel}","templated":true}]}}