{"id":5987,"date":"2016-01-13T00:11:33","date_gmt":"2016-01-12T21:11:33","guid":{"rendered":"http:\/\/blogs.magicjudges.org\/rules\/?page_id=5987"},"modified":"2017-12-08T13:16:50","modified_gmt":"2017-12-08T10:16:50","slug":"mtr1-9-fr","status":"publish","type":"page","link":"https:\/\/blogs.magicjudges.org\/rules\/mtr1-9-fr\/","title":{"rendered":"MTR 1.9 Scorekeeper"},"content":{"rendered":"<p style=\"text-align: justify;margin-bottom: 0px\">Le scorekeeper assure la g\u00e9n\u00e9ration correcte des appariements et tout autre enregistrement au long du tournoi.<\/p>\n<div class=\"alert alert-info\" role=\"alert\"> <em>Cela comprend aussi bien les feuilles de r\u00e9sultats des matchs que les p\u00e9nalit\u00e9s attribu\u00e9es par les arbitres au cours du tournoi. D\u2019habitude le scorekeeper conserve les feuilles de r\u00e9sultats \u00e0 part, regroup\u00e9es par rounde, de sorte que si un probl\u00e8me appara\u00eet alors il dispose d\u2019une copie \u00e0 la fois papier et \u00e9lectronique (WER\/WALTER) des documents pertinents.<br \/>\n<\/em><\/div>\n<p>Les responsabilit\u00e9s du scorekeeper incluent :<\/p>\n<ul style=\"text-align: justify;margin-bottom: 0px\">\n<li>La g\u00e9n\u00e9ration d\u2019appariements corrects \u00e0 chaque ronde et la saisie correcte des r\u00e9sultats des matchs.<\/li>\n<li>La g\u00e9n\u00e9ration du classement \u00e0 afficher avant et apr\u00e8s la derni\u00e8re ronde suisse. Celui des autres rondes peut aussi \u00eatre affich\u00e9 \u00e0 la discr\u00e9tion du Head-Judge.<\/li>\n<li>La r\u00e9solution de tout probl\u00e8me de tenue de score qui pourrait se produire, en accord avec le Head-Judge.<\/li>\n<li>La pr\u00e9sence de toute information n\u00e9cessaire dans le rapport du tournoi soumis \u00e0 la DCI.<\/li>\n<\/ul>\n<div class=\"alert alert-info\" role=\"alert\"> <em>Bien que le travail du scorekeeper puisse para\u00eetre simple, s\u2019assurer que les r\u00e9sultats de tous les matchs soient correctement conserv\u00e9s est crucial pour garantir que le tournoi se d\u00e9roule le mieux possible.<\/em><\/p>\n<p><em>L\u2019organisateur du tournoi tient g\u00e9n\u00e9ralement le r\u00f4le du scorekeeper des petits \u00e9v\u00e9nements comme les GPT, tandis que sur les grands \u00e9v\u00e9n\u00e9ments c\u2019est souvent un arbitre qui endosse la responsabilit\u00e9 d\u2019\u00eatre scorekeeper. Sur les \u00e9v\u00e9nements les plus grands comme les GP, SCG Opens et SCG Invitationals, les scorekeepers sont souvent des professionnels avec une vaste exp\u00e9rience du logiciel utilis\u00e9. Leur comp\u00e9tence de scorekeeper n\u2019a pas de rapport avec leur \u00e9ventuel Niveau d\u2019arbitrage ; certains SK professionnels ne sont pas certifi\u00e9s, alors que d\u2019autres sont des arbitres de Niveau 3.<\/em><\/div>\n<p style=\"text-align: justify;margin-bottom: 0px\">Le Head-Judge est l\u2019autorit\u00e9 finale d\u00e9terminant les actions correctives \u00e0 effectuer en cas d\u2019erreur dans la tenue des scores.<\/p>\n<div class=\"alert alert-info\" role=\"alert\"> <em>En cas de probl\u00e8me quelconque avec les appariements d\u2019une ronde donn\u00e9e, le Head-Judge peut imposer la solution qui lui convient. En fin de compte, c\u2019est le Head-Judge qui prend toutes les d\u00e9cisions finales pour tout ce qui se rapporte \u00e0 la gestion de l\u2019\u00e9v\u00e9nement.<\/em><\/div>\n","protected":false},"excerpt":{"rendered":"<p>Le scorekeeper assure la g\u00e9n\u00e9ration correcte des appariements et tout autre enregistrement au long du tournoi. Les responsabilit\u00e9s du scorekeeper incluent : La g\u00e9n\u00e9ration d\u2019appariements corrects \u00e0 chaque ronde et la saisie correcte des r\u00e9sultats des matchs. La g\u00e9n\u00e9ration du classement \u00e0 afficher avant et apr\u00e8s la derni\u00e8re ronde suisse. Celui des autres rondes peut [&hellip;]<\/p>\n","protected":false},"author":30,"featured_media":0,"parent":0,"menu_order":0,"comment_status":"closed","ping_status":"closed","template":"page_width-index.php","meta":{"footnotes":"","_links_to":"","_links_to_target":""},"language":[9],"class_list":["post-5987","page","type-page","status-publish","hentry","language-fr"],"_links":{"self":[{"href":"https:\/\/blogs.magicjudges.org\/rules\/wp-json\/wp\/v2\/pages\/5987","targetHints":{"allow":["GET"]}}],"collection":[{"href":"https:\/\/blogs.magicjudges.org\/rules\/wp-json\/wp\/v2\/pages"}],"about":[{"href":"https:\/\/blogs.magicjudges.org\/rules\/wp-json\/wp\/v2\/types\/page"}],"author":[{"embeddable":true,"href":"https:\/\/blogs.magicjudges.org\/rules\/wp-json\/wp\/v2\/users\/30"}],"replies":[{"embeddable":true,"href":"https:\/\/blogs.magicjudges.org\/rules\/wp-json\/wp\/v2\/comments?post=5987"}],"version-history":[{"count":2,"href":"https:\/\/blogs.magicjudges.org\/rules\/wp-json\/wp\/v2\/pages\/5987\/revisions"}],"predecessor-version":[{"id":7144,"href":"https:\/\/blogs.magicjudges.org\/rules\/wp-json\/wp\/v2\/pages\/5987\/revisions\/7144"}],"wp:attachment":[{"href":"https:\/\/blogs.magicjudges.org\/rules\/wp-json\/wp\/v2\/media?parent=5987"}],"wp:term":[{"taxonomy":"language","embeddable":true,"href":"https:\/\/blogs.magicjudges.org\/rules\/wp-json\/wp\/v2\/language?post=5987"}],"curies":[{"name":"wp","href":"https:\/\/api.w.org\/{rel}","templated":true}]}}