{"id":5991,"date":"2016-01-13T00:13:16","date_gmt":"2016-01-12T21:13:16","guid":{"rendered":"http:\/\/blogs.magicjudges.org\/rules\/?page_id=5991"},"modified":"2017-01-13T00:25:48","modified_gmt":"2017-01-12T21:25:48","slug":"mtr1-11-fr","status":"publish","type":"page","link":"https:\/\/blogs.magicjudges.org\/rules\/mtr1-11-fr\/","title":{"rendered":"MTR 1.11 Spectateurs"},"content":{"rendered":"<p style=\"text-align: justify;margin-bottom: 0px\">Toute personne physiquement pr\u00e9sente sur le lieu du tournoi et ne faisant pas partie d\u2019une des cat\u00e9gories ci-dessus est un spectateur. Les spectateurs doivent rester silencieux et passifs durant les matchs et les autres parties officielles d\u2019un tournoi durant lesquelles les joueurs doivent aussi rester silencieux.<\/p>\n<div class=\"alert alert-info\" role=\"alert\"> <em>En effet c\u2019est important afin que la salle reste aussi confortable que possible pour les joueurs pendant leurs matchs, afin de limiter les risques d\u2019assistance ext\u00e9rieure \u00e0 cause d\u2019un commentaire, et afin d\u2019\u00e9viter que les joueurs perdent leur concentration \u00e0 cause d\u2019un environnement excessivement bruyant.<\/em><\/div>\n<p style=\"text-align: justify;margin-bottom: 0px\">Si un spectateur pense avoir observ\u00e9 une violation des r\u00e8gles de jeu ou de tournoi, il est encourag\u00e9 \u00e0 le signaler au plus t\u00f4t \u00e0 un arbitre. En Niveau d\u2019Application des R\u00e8gles Convivial et Comp\u00e9titif, les spectateurs sont autoris\u00e9s \u00e0 demander aux joueurs de faire une pause pendant leur match le temps qu\u2019ils alertent un arbitre. En Niveau d\u2019Application des R\u00e8gles Professionnel, les spectateurs ne doivent pas directement intervenir dans un match.<\/p>\n<div class=\"alert alert-info\" role=\"alert\"> <em>Les arbitres sont humains et parfois ils ne remarquent pas des erreurs de jeu ou m\u00eame des circonstances suspectes. En Niveaux d\u2019Application des R\u00e8gles Convivial et Comp\u00e9titif, les spectateurs sont autoris\u00e9s \u00e0 demander aux joueurs de faire une pause pendant leur match. Il arrive souvent que des spectateurs se trompent en identifiant comme ill\u00e9gal un \u00e9tat du jeu ou une action dans la partie (souvent \u00e0 cause des capacit\u00e9s d\u00e9clench\u00e9es manqu\u00e9es), il est donc important d\u2019impliquer un arbitre aussi vite que possible et que les spectateurs ne donnent pas d\u2019informations aux joueurs pendant leur match. Pour plus d\u2019informations sur les diff\u00e9rents Niveaux d\u2019Application des R\u00e8gles, consultez <a href=\"http:\/\/blogs.magicjudges.org\/rules\/mtr-1-2-fr\/\">la section 1.12.<\/a><\/em><\/div>\n<p style=\"text-align: justify;margin-bottom: 0px\">Les joueurs peuvent demander qu\u2019un spectateur n\u2019observe pas leur match. De telles requ\u00eates doivent \u00eatre faites via un arbitre. Les officiels de tournoi peuvent aussi demander \u00e0 un spectateur de ne pas observer un ou des matchs.<\/p>\n<div class=\"alert alert-info\" role=\"alert\"> <em>Il se peut que certains spectateurs espionnent d\u2019autres joueurs ou bien qu\u2019ils parlent trop. Les joueurs peuvent demander \u00e0 un arbitre de garder les spectateurs \u00e0 distance de leur match. En r\u00e8gle g\u00e9n\u00e9rale les arbitres s\u2019efforceront de satisfaire cette requ\u00eate mais ils se r\u00e9servent le droit de s\u2019y refuser s\u2019ils estiment que la requ\u00eate est d\u00e9raisonnable.<\/em><\/div>\n","protected":false},"excerpt":{"rendered":"<p>Toute personne physiquement pr\u00e9sente sur le lieu du tournoi et ne faisant pas partie d\u2019une des cat\u00e9gories ci-dessus est un spectateur. Les spectateurs doivent rester silencieux et passifs durant les matchs et les autres parties officielles d\u2019un tournoi durant lesquelles les joueurs doivent aussi rester silencieux. Si un spectateur pense avoir observ\u00e9 une violation des [&hellip;]<\/p>\n","protected":false},"author":30,"featured_media":0,"parent":0,"menu_order":0,"comment_status":"closed","ping_status":"closed","template":"page_width-index.php","meta":{"footnotes":"","_links_to":"","_links_to_target":""},"language":[9],"class_list":["post-5991","page","type-page","status-publish","hentry","language-fr"],"_links":{"self":[{"href":"https:\/\/blogs.magicjudges.org\/rules\/wp-json\/wp\/v2\/pages\/5991","targetHints":{"allow":["GET"]}}],"collection":[{"href":"https:\/\/blogs.magicjudges.org\/rules\/wp-json\/wp\/v2\/pages"}],"about":[{"href":"https:\/\/blogs.magicjudges.org\/rules\/wp-json\/wp\/v2\/types\/page"}],"author":[{"embeddable":true,"href":"https:\/\/blogs.magicjudges.org\/rules\/wp-json\/wp\/v2\/users\/30"}],"replies":[{"embeddable":true,"href":"https:\/\/blogs.magicjudges.org\/rules\/wp-json\/wp\/v2\/comments?post=5991"}],"version-history":[{"count":1,"href":"https:\/\/blogs.magicjudges.org\/rules\/wp-json\/wp\/v2\/pages\/5991\/revisions"}],"predecessor-version":[{"id":5992,"href":"https:\/\/blogs.magicjudges.org\/rules\/wp-json\/wp\/v2\/pages\/5991\/revisions\/5992"}],"wp:attachment":[{"href":"https:\/\/blogs.magicjudges.org\/rules\/wp-json\/wp\/v2\/media?parent=5991"}],"wp:term":[{"taxonomy":"language","embeddable":true,"href":"https:\/\/blogs.magicjudges.org\/rules\/wp-json\/wp\/v2\/language?post=5991"}],"curies":[{"name":"wp","href":"https:\/\/api.w.org\/{rel}","templated":true}]}}